{"id":1026,"date":"2019-12-13T18:56:37","date_gmt":"2019-12-13T17:56:37","guid":{"rendered":"https:\/\/zenaturame.com\/?page_id=1026"},"modified":"2020-08-04T22:23:40","modified_gmt":"2020-08-04T20:23:40","slug":"mentions-legales","status":"publish","type":"page","link":"https:\/\/zenaturame.com\/index.php\/mentions-legales\/","title":{"rendered":"Mentions L\u00e9gales"},"content":{"rendered":"\t\t<div data-elementor-type=\"wp-page\" data-elementor-id=\"1026\" class=\"elementor elementor-1026\">\n\t\t\t\t\t\t<section class=\"elementor-section elementor-top-section elementor-element elementor-element-6b2273f0 elementor-section-content-top elementor-section-boxed elementor-section-height-default elementor-section-height-default\" data-id=\"6b2273f0\" data-element_type=\"section\" data-settings=\"{&quot;background_background&quot;:&quot;classic&quot;}\">\n\t\t\t\t\t\t<div class=\"elementor-container elementor-column-gap-wider\">\n\t\t\t\t\t<div class=\"elementor-column elementor-col-100 elementor-top-column elementor-element elementor-element-458cc67\" data-id=\"458cc67\" data-element_type=\"column\">\n\t\t\t<div class=\"elementor-widget-wrap elementor-element-populated\">\n\t\t\t\t\t\t<div class=\"elementor-element elementor-element-77dab094 elementor-widget elementor-widget-text-editor\" data-id=\"77dab094\" data-element_type=\"widget\" data-widget_type=\"text-editor.default\">\n\t\t\t\t<div class=\"elementor-widget-container\">\n\t\t\t\t\t\t\t<p>Merci de lire attentivement les pr\u00e9sentes modalit\u00e9s d&#8217;utilisation du pr\u00e9sent site avant de le parcourir. En vous connectant sur ce site, vous acceptez sans r\u00e9serve les pr\u00e9sentes conditions.<\/p><div style=\"text-align: center;\"><span style=\"color: #33cccc;\">EDITEUR DU SITE<\/span><\/div><p>Benderradji Nordinne<br \/>8 Rue Auguste Blanqui<br \/>93170 Bagnolet<br \/>T\u00e9l : 06 95 90 94 03<\/p><div>\u00a0<\/div><div style=\"text-align: center;\"><span style=\"color: #33cccc;\">CONDITIONS D&#8217;UTILISATION<\/span><\/div><div>\u00a0<\/div><p>Le site <a href=\"https:\/\/zenaturame.com\/\">https:\/\/zenaturame.com\/<\/a> est exploit\u00e9 dans le respect de la l\u00e9gislation fran\u00e7aise. L&#8217;utilisation de ce site est r\u00e9gie par les pr\u00e9sentes conditions g\u00e9n\u00e9rales. En utilisant le site, vous reconnaissez avoir pris connaissance de ces conditions et les avoir accept\u00e9es. Celles-ci pourront \u00eatre modifi\u00e9es \u00e0 tout moment et sans pr\u00e9avis . Nordinne Benderradji ne saurait \u00eatre tenue pour responsable en aucune mani\u00e8re d\u00b4une mauvaise utilisation du service.<\/p><div>\u00a0<\/div><div style=\"text-align: center;\"><span style=\"color: #33cccc;\">RESPONSABLE \u00c9DITORIAL<\/span><\/div><div>\u00a0<\/div><p>Benderradji Nordinne<br \/>8 Rue Auguste Blanqui<br \/>93170 Bagnolet<br \/>T\u00e9l : 06 95 90 94 03<br \/>email contact : contact@nor-web.com<\/p><div>\u00a0<\/div><div style=\"text-align: center;\"><span style=\"color: #33cccc;\">LIMITATION DE RESPONSABILIT\u00c9<\/span><\/div><div>\u00a0<\/div><p>Les informations contenues sur ce site sont aussi pr\u00e9cises que possible et le site est p\u00e9riodiquement remis \u00e0 jour, mais peut toutefois contenir des inexactitudes, des omissions ou des lacunes. Si vous constatez une lacune, erreur ou ce qui parait \u00eatre un dysfonctionnement, merci de bien vouloir le signaler par email en d\u00e9crivant le probl\u00e8me de la mani\u00e8re la plus pr\u00e9cise possible (page posant probl\u00e8me, action d\u00e9clenchante, type d\u00b4ordinateur et de navigateur utilis\u00e9s,&#8230;). Tout contenu t\u00e9l\u00e9charg\u00e9 se fait aux risques et p\u00e9rils de l&#8217;utilisateur et sous sa seule responsabilit\u00e9. En cons\u00e9quence, Nordinne Benderradji ne saurait \u00eatre tenue responsable d&#8217;un quelconque dommage subi par l&#8217;ordinateur de l&#8217;utilisateur ou d&#8217;une quelconque perte de donn\u00e9es cons\u00e9cutives au t\u00e9l\u00e9chargement. Les photos sont non contractuelles. Les liens hypertextes mis en place dans le cadre du pr\u00e9sent site internet en direction d&#8217;autres ressources pr\u00e9sentes sur le r\u00e9seau Internet ne sauraient engager la responsabilit\u00e9 de Nordinne Benderradji . Si toutefois, il y aurait un probl\u00e8me ou un d\u00e9saccord veuillez nous avertir afin que nous corrigions.<\/p><div>\u00a0<\/div><div style=\"text-align: center;\"><span style=\"color: #33cccc;\">LITIGES<\/span><\/div><div>\u00a0<\/div><p>Les pr\u00e9sentes conditions sont r\u00e9gies par les lois fran\u00e7aises et toute contestation ou litiges qui pourraient na\u00eetre de l&#8217;interpr\u00e9tation ou de l&#8217;ex\u00e9cution de celles-ci seront de la comp\u00e9tence exclusive des tribunaux dont d\u00e9pend le si\u00e8ge social de Nordinne Benderradji. La langue de r\u00e9f\u00e9rence, pour le r\u00e8glement de contentieux \u00e9ventuels, est le fran\u00e7ais.<\/p><div>\u00a0<\/div><div style=\"text-align: center;\"><span style=\"color: #33cccc;\">DROIT D&#8217;ACC\u00c8S<\/span><\/div><div>\u00a0<\/div><p>En application de cette loi, les internautes disposent d&#8217;un droit d&#8217;acc\u00e8s, de rectification, de modification et de suppression concernant les donn\u00e9es qui les concernent personnellement. Ce droit peut \u00eatre exerc\u00e9 par voie postale aupr\u00e8s de :<\/p><p>Benderradji Nordinne<br \/>8 Rue Auguste Blanqui<br \/>93170 Bagnolet<br \/>ou par voie \u00e9lectronique \u00e0 l&#8217;adresse email suivante : contact@nor-web.com<\/p><p>Les informations personnelles collect\u00e9es ne sont en aucun cas confi\u00e9es \u00e0 des tiers hormis pour l&#8217;\u00e9ventuelle bonne ex\u00e9cution de la prestation command\u00e9e par l\u00b4internaute.<\/p><div><div style=\"text-align: center;\"><span style=\"color: #33cccc;\">R\u00c9SPONSABILIT\u00c9<\/span><\/div><div>\u00a0<\/div><p>Aucune autre garantie n\u2019est accord\u00e9e au client, auquel incombe l\u2019obligation de formuler clairement ses besoins et le devoir de s\u2019informer. Si des informations fournies par Nor-web apparaissent inexactes, il appartiendra au client de proc\u00e9der lui-m\u00eame \u00e0 toutes v\u00e9rifications de la coh\u00e9rence ou de la vraisemblance des r\u00e9sultats obtenus. Nor-web ne sera en aucune fa\u00e7on responsable vis \u00e0 vis des tiers de l\u2019utilisation par le client des informations ou de leur absence contenues dans ses produits y compris un de ses sites Internet.<\/p><\/div><div style=\"text-align: center;\"><span style=\"color: #33cccc;\">CONFIDENTIALIT\u00c9<\/span><\/div><div>\u00a0<\/div><p>Vos donn\u00e9es personnelles sont confidentielles et ne seront en aucun cas communiqu\u00e9es \u00e0 des tiers hormis pour la bonne ex\u00e9cution de la prestation.<\/p><div>\u00a0<\/div><div style=\"text-align: center;\"><span style=\"color: #33cccc;\">H\u00c9BERGEUR<\/span><\/div><div>\u00a0<\/div><p>OVH<br \/><a href=\"https:\/\/www.ovh.com\">https:\/\/www.och.com<\/a><br \/>contact@ovh.com<\/p><div>\u00a0<\/div><div style=\"text-align: center;\"><span style=\"color: #33cccc;\">WEBMASTER<\/span><\/div><div>\u00a0<\/div><p>Benderradji Nordinne<\/p><div>\u00a0<\/div><div style=\"text-align: center;\"><span style=\"color: #33cccc;\">RECHERCHE<\/span><\/div><div>\u00a0<\/div><p>En outre, le renvoi sur un site internet pour compl\u00e9ter une information recherch\u00e9e ne signifie en aucune fa\u00e7on que Nor-web reconna\u00eet ou accepte quelque responsabilit\u00e9 quant \u00e0 la teneur ou \u00e0 l\u2019utilisation dudit site.<\/p><div>\u00a0<\/div><div style=\"text-align: center;\"><span style=\"color: #33cccc;\">COOKIES<\/span><\/div><div>\u00a0<\/div><p>Pour des besoins de statistiques et d&#8217;affichage, le pr\u00e9sent site utilisera des cookies. Il s&#8217;agit de petits fichiers textes stock\u00e9s sur votre disque dur afin d&#8217;enregistrer des donn\u00e9es techniques sur votre navigation. Certaines parties de ce site ne peuvent \u00eatre fonctionnelle sans l&#8217;acceptation de cookies.<\/p><div>\u00a0<\/div><div style=\"text-align: center;\"><span style=\"color: #33cccc;\">CONTACTEZ-NOUS<\/span><\/div><div>\u00a0<\/div><p>Nordinne Benderradji est \u00e0 votre disposition pour tous vos commentaires ou suggestions. Vous pouvez nous \u00e9crire par courrier \u00e9lectronique \u00e0 : contact@nor-web.com<\/p>\t\t\t\t\t\t<\/div>\n\t\t\t\t<\/div>\n\t\t\t\t\t<\/div>\n\t\t<\/div>\n\t\t\t\t\t<\/div>\n\t\t<\/section>\n\t\t\t\t<\/div>\n\t\t","protected":false},"excerpt":{"rendered":"<p>Merci de lire attentivement les pr\u00e9sentes modalit\u00e9s d&#8217;utilisation du pr\u00e9sent site avant de le parcourir. En vous connectant sur ce site, vous acceptez sans r\u00e9serve les pr\u00e9sentes conditions. EDITEUR DU SITE Benderradji Nordinne8 Rue Auguste Blanqui93170 BagnoletT\u00e9l : 06 95 90 94 03 \u00a0CONDITIONS D&#8217;UTILISATION\u00a0 Le site https:\/\/zenaturame.com\/ est exploit\u00e9 dans le respect de la [&hellip;]<\/p>\n","protected":false},"author":2,"featured_media":0,"parent":0,"menu_order":0,"comment_status":"closed","ping_status":"closed","template":"","meta":{"_monsterinsights_skip_tracking":false,"_monsterinsights_sitenote_active":false,"_monsterinsights_sitenote_note":"","_monsterinsights_sitenote_category":0,"footnotes":""},"yoast_head":"<!-- This site is optimized with the Yoast SEO plugin v22.7 - https:\/\/yoast.com\/wordpress\/plugins\/seo\/ -->\n<title>Mentions L\u00e9gales -<\/title>\n<meta name=\"robots\" content=\"index, follow, max-snippet:-1, max-image-preview:large, max-video-preview:-1\" \/>\n<link rel=\"canonical\" href=\"https:\/\/zenaturame.com\/index.php\/mentions-legales\/\" \/>\n<meta property=\"og:locale\" content=\"fr_FR\" \/>\n<meta property=\"og:type\" content=\"article\" \/>\n<meta property=\"og:title\" content=\"Mentions L\u00e9gales -\" \/>\n<meta property=\"og:description\" content=\"Merci de lire attentivement les pr\u00e9sentes modalit\u00e9s d&#8217;utilisation du pr\u00e9sent site avant de le parcourir. En vous connectant sur ce site, vous acceptez sans r\u00e9serve les pr\u00e9sentes conditions. EDITEUR DU SITE Benderradji Nordinne8 Rue Auguste Blanqui93170 BagnoletT\u00e9l : 06 95 90 94 03 \u00a0CONDITIONS D&#8217;UTILISATION\u00a0 Le site https:\/\/zenaturame.com\/ est exploit\u00e9 dans le respect de la [&hellip;]\" \/>\n<meta property=\"og:url\" content=\"https:\/\/zenaturame.com\/index.php\/mentions-legales\/\" \/>\n<meta property=\"article:modified_time\" content=\"2020-08-04T20:23:40+00:00\" \/>\n<meta name=\"twitter:card\" content=\"summary_large_image\" \/>\n<meta name=\"twitter:label1\" content=\"Dur\u00e9e de lecture estim\u00e9e\" \/>\n\t<meta name=\"twitter:data1\" content=\"4 minutes\" \/>\n<script type=\"application\/ld+json\" class=\"yoast-schema-graph\">{\"@context\":\"https:\/\/schema.org\",\"@graph\":[{\"@type\":\"WebPage\",\"@id\":\"https:\/\/zenaturame.com\/index.php\/mentions-legales\/\",\"url\":\"https:\/\/zenaturame.com\/index.php\/mentions-legales\/\",\"name\":\"Mentions L\u00e9gales -\",\"isPartOf\":{\"@id\":\"https:\/\/zenaturame.com\/#website\"},\"datePublished\":\"2019-12-13T17:56:37+00:00\",\"dateModified\":\"2020-08-04T20:23:40+00:00\",\"breadcrumb\":{\"@id\":\"https:\/\/zenaturame.com\/index.php\/mentions-legales\/#breadcrumb\"},\"inLanguage\":\"fr-FR\",\"potentialAction\":[{\"@type\":\"ReadAction\",\"target\":[\"https:\/\/zenaturame.com\/index.php\/mentions-legales\/\"]}]},{\"@type\":\"BreadcrumbList\",\"@id\":\"https:\/\/zenaturame.com\/index.php\/mentions-legales\/#breadcrumb\",\"itemListElement\":[{\"@type\":\"ListItem\",\"position\":1,\"name\":\"Accueil\",\"item\":\"https:\/\/zenaturame.com\/\"},{\"@type\":\"ListItem\",\"position\":2,\"name\":\"Mentions L\u00e9gales\"}]},{\"@type\":\"WebSite\",\"@id\":\"https:\/\/zenaturame.com\/#website\",\"url\":\"https:\/\/zenaturame.com\/\",\"name\":\"\",\"description\":\"\",\"potentialAction\":[{\"@type\":\"SearchAction\",\"target\":{\"@type\":\"EntryPoint\",\"urlTemplate\":\"https:\/\/zenaturame.com\/?s={search_term_string}\"},\"query-input\":\"required name=search_term_string\"}],\"inLanguage\":\"fr-FR\"}]}<\/script>\n<!-- \/ Yoast SEO plugin. -->","yoast_head_json":{"title":"Mentions L\u00e9gales -","robots":{"index":"index","follow":"follow","max-snippet":"max-snippet:-1","max-image-preview":"max-image-preview:large","max-video-preview":"max-video-preview:-1"},"canonical":"https:\/\/zenaturame.com\/index.php\/mentions-legales\/","og_locale":"fr_FR","og_type":"article","og_title":"Mentions L\u00e9gales -","og_description":"Merci de lire attentivement les pr\u00e9sentes modalit\u00e9s d&#8217;utilisation du pr\u00e9sent site avant de le parcourir. En vous connectant sur ce site, vous acceptez sans r\u00e9serve les pr\u00e9sentes conditions. EDITEUR DU SITE Benderradji Nordinne8 Rue Auguste Blanqui93170 BagnoletT\u00e9l : 06 95 90 94 03 \u00a0CONDITIONS D&#8217;UTILISATION\u00a0 Le site https:\/\/zenaturame.com\/ est exploit\u00e9 dans le respect de la [&hellip;]","og_url":"https:\/\/zenaturame.com\/index.php\/mentions-legales\/","article_modified_time":"2020-08-04T20:23:40+00:00","twitter_card":"summary_large_image","twitter_misc":{"Dur\u00e9e de lecture estim\u00e9e":"4 minutes"},"schema":{"@context":"https:\/\/schema.org","@graph":[{"@type":"WebPage","@id":"https:\/\/zenaturame.com\/index.php\/mentions-legales\/","url":"https:\/\/zenaturame.com\/index.php\/mentions-legales\/","name":"Mentions L\u00e9gales -","isPartOf":{"@id":"https:\/\/zenaturame.com\/#website"},"datePublished":"2019-12-13T17:56:37+00:00","dateModified":"2020-08-04T20:23:40+00:00","breadcrumb":{"@id":"https:\/\/zenaturame.com\/index.php\/mentions-legales\/#breadcrumb"},"inLanguage":"fr-FR","potentialAction":[{"@type":"ReadAction","target":["https:\/\/zenaturame.com\/index.php\/mentions-legales\/"]}]},{"@type":"BreadcrumbList","@id":"https:\/\/zenaturame.com\/index.php\/mentions-legales\/#breadcrumb","itemListElement":[{"@type":"ListItem","position":1,"name":"Accueil","item":"https:\/\/zenaturame.com\/"},{"@type":"ListItem","position":2,"name":"Mentions L\u00e9gales"}]},{"@type":"WebSite","@id":"https:\/\/zenaturame.com\/#website","url":"https:\/\/zenaturame.com\/","name":"","description":"","potentialAction":[{"@type":"SearchAction","target":{"@type":"EntryPoint","urlTemplate":"https:\/\/zenaturame.com\/?s={search_term_string}"},"query-input":"required name=search_term_string"}],"inLanguage":"fr-FR"}]}},"_links":{"self":[{"href":"https:\/\/zenaturame.com\/index.php\/wp-json\/wp\/v2\/pages\/1026"}],"collection":[{"href":"https:\/\/zenaturame.com\/index.php\/wp-json\/wp\/v2\/pages"}],"about":[{"href":"https:\/\/zenaturame.com\/index.php\/wp-json\/wp\/v2\/types\/page"}],"author":[{"embeddable":true,"href":"https:\/\/zenaturame.com\/index.php\/wp-json\/wp\/v2\/users\/2"}],"replies":[{"embeddable":true,"href":"https:\/\/zenaturame.com\/index.php\/wp-json\/wp\/v2\/comments?post=1026"}],"version-history":[{"count":0,"href":"https:\/\/zenaturame.com\/index.php\/wp-json\/wp\/v2\/pages\/1026\/revisions"}],"wp:attachment":[{"href":"https:\/\/zenaturame.com\/index.php\/wp-json\/wp\/v2\/media?parent=1026"}],"curies":[{"name":"wp","href":"https:\/\/api.w.org\/{rel}","templated":true}]}}