{"id":1624,"date":"2020-08-07T21:39:59","date_gmt":"2020-08-07T19:39:59","guid":{"rendered":"https:\/\/zenaturame.com\/?page_id=1624"},"modified":"2020-10-14T11:49:11","modified_gmt":"2020-10-14T09:49:11","slug":"systeme-rife-clark","status":"publish","type":"page","link":"https:\/\/zenaturame.com\/index.php\/systeme-rife-clark\/","title":{"rendered":"Syst\u00e8me Rife &#038; Clark"},"content":{"rendered":"\t\t<div data-elementor-type=\"wp-page\" data-elementor-id=\"1624\" class=\"elementor elementor-1624\">\n\t\t\t\t\t\t<section class=\"elementor-section elementor-top-section elementor-element elementor-element-1b44ae73 elementor-section-content-top elementor-section-stretched elementor-section-full_width elementor-section-height-default elementor-section-height-default\" data-id=\"1b44ae73\" data-element_type=\"section\" data-settings=\"{&quot;background_background&quot;:&quot;classic&quot;,&quot;stretch_section&quot;:&quot;section-stretched&quot;}\">\n\t\t\t\t\t\t\t<div class=\"elementor-background-overlay\"><\/div>\n\t\t\t\t\t\t\t<div class=\"elementor-container elementor-column-gap-no\">\n\t\t\t\t\t<div class=\"elementor-column elementor-col-100 elementor-top-column elementor-element elementor-element-f83f2ef\" data-id=\"f83f2ef\" data-element_type=\"column\">\n\t\t\t<div class=\"elementor-widget-wrap elementor-element-populated\">\n\t\t\t\t\t\t<div class=\"elementor-element elementor-element-57e5f559 elementor-widget elementor-widget-eael-adv-tabs\" data-id=\"57e5f559\" data-element_type=\"widget\" data-widget_type=\"eael-adv-tabs.default\">\n\t\t\t\t<div class=\"elementor-widget-container\">\n\t\t\t        <div data-scroll-on-click=\"no\" data-scroll-speed=\"300\" id=\"eael-advance-tabs-57e5f559\" class=\"eael-advance-tabs eael-tabs-horizontal eael-tab-auto-active  active-caret-on\" data-tabid=\"57e5f559\">\n            <div class=\"eael-tabs-nav\">\n                <ul class=\"eael-tab-top-icon\" role=\"tablist\">\n                                            <li id=\"systme-rife-clark-\" class=\"inactive eael-tab-item-trigger\" aria-selected=\"true\" data-tab=\"1\" role=\"tab\" tabindex=\"0\" aria-controls=\"systme-rife-clark--tab\" aria-expanded=\"false\">\n                            \n                                                        \n                            \n                                                            <span class=\"eael-tab-title  title-after-icon\">Syst\u00e8me Rife &amp; Clark <\/span>                                                    <\/li>\n                                            <li id=\"histoire-et-concept\" class=\"inactive eael-tab-item-trigger\" aria-selected=\"false\" data-tab=\"2\" role=\"tab\" tabindex=\"-1\" aria-controls=\"histoire-et-concept-tab\" aria-expanded=\"false\">\n                            \n                                                        \n                            \n                                                            <span class=\"eael-tab-title  title-after-icon\">Histoire et concept<\/span>                                                    <\/li>\n                                            <li id=\"informations-scientifiques-\" class=\"inactive eael-tab-item-trigger\" aria-selected=\"false\" data-tab=\"3\" role=\"tab\" tabindex=\"-1\" aria-controls=\"informations-scientifiques--tab\" aria-expanded=\"false\">\n                            \n                                                                                                                            \n                            \n                                                            <span class=\"eael-tab-title  title-after-icon\">Informations scientifiques <\/span>                                                    <\/li>\n                                            <li id=\"tarif\" class=\"inactive eael-tab-item-trigger\" aria-selected=\"false\" data-tab=\"4\" role=\"tab\" tabindex=\"-1\" aria-controls=\"tarif-tab\" aria-expanded=\"false\">\n                            \n                                                                                                                            \n                            \n                                                            <span class=\"eael-tab-title  title-after-icon\">Tarif<\/span>                                                    <\/li>\n                                    <\/ul>\n            <\/div>\n            \n            <div class=\"eael-tabs-content\">\n\t\t        \n                    <div id=\"systme-rife-clark--tab\" class=\"clearfix eael-tab-content-item inactive\" data-title-link=\"systme-rife-clark--tab\">\n\t\t\t\t        \t\t\t\t\t        <p><span style=\"color: #33cccc;\"><u><b>Syst\u00e8me Rife &amp; Clark<\/b><\/u><b>\u00a0?<\/b><\/span><\/p><p><a href=\"https:\/\/zenaturame.com\/wp-content\/uploads\/2020\/08\/image4.jpg\"><img fetchpriority=\"high\" decoding=\"async\" class=\"size-medium wp-image-1630 aligncenter\" src=\"https:\/\/zenaturame.com\/wp-content\/uploads\/2020\/08\/image4-300x200.jpg\" alt=\"\" width=\"300\" height=\"200\" \/><\/a><\/p><p>Des fr\u00e9quences transport\u00e9es par des ondes, c\u2019est le m\u00eame principe avec les ondes radio, lesquelles sont le support des fr\u00e9quences des \u00e9missions, c\u2019est-\u00e0-dire des sons ou des images \u00e9mis par une station-radio d\u00e9termin\u00e9e, comme Radio Classique ou France Musique.<\/p><p>Les <span style=\"color: #33cccc;\"><strong>ondes<\/strong> <\/span>apportent l\u2019\u00e9nergie ; <span style=\"color: #33cccc;\"><strong>les fr\u00e9quences apportent l\u2019information.<\/strong> <\/span>Energie et information, une indissociable paire. Mais elles ne doivent pas \u00eatre confondues.<\/p><p><span style=\"color: #33cccc;\"><strong>L\u2019\u00e9nergie<\/strong><\/span>, c\u2019est la<span style=\"color: #33cccc;\"> <strong>puissance de gu\u00e9rison<\/strong> <strong>disponible<\/strong><\/span> pour un \u00eatre humain, <span style=\"color: #33cccc;\"><strong>l\u2019information<\/strong> <\/span>c\u2019est la <span style=\"color: #33cccc;\"><strong>direction \u00e0 prendre <\/strong><\/span>pour y <span style=\"color: #33cccc;\"><strong>parvenir<\/strong><\/span>.<\/p><p>L\u2019on n\u2019arrive \u00e0 rien, si l\u2019on part dans la bonne direction sans \u00ab carburant \u00bb, ou bien si, m\u00eame avec une grande puissance disponible, l\u2019on prend la mauvaise direction.<\/p><p>\u00a0<\/p><p><u>Un stress prolong\u00e9 fait travailler vos cellules plus fort, se heurte les unes aux autres et devient confus, d\u00e9truisant leur capacit\u00e9 \u00e0 communiquer les uns avec les autres, ce qui entra\u00eene une perte rapide de leur abondance \u00e9lectromagn\u00e9tique naturelle.<\/u><\/p><p>Le r\u00e9sultat imm\u00e9diat est la maladie au niveau cellulaire\u2026 le r\u00e9sultat \u00e0 long terme d\u2019une maladie chronique dans l\u2019esprit \/ le corps est la maladie.<\/p><p>Le nom de cette maladie est r\u00e9gi par la zone dans laquelle la maladie survient. La maladie suit \u00e9galement le concept de la voie de moindre r\u00e9sistance et gravitera naturellement vers la partie la plus faible du corps o\u00f9 la vitalit\u00e9 \u00e9lectrique et le mouvement sont les plus faibles.<\/p><p>\u00a0<\/p><p><span style=\"color: #33cccc;\"><strong>Les machines de fr\u00e9quences se concentrent sur le renforcement du potentiel \u00e9nerg\u00e9tique<\/strong> de la <\/span><strong><span style=\"color: #33cccc;\">signature \u00e9lectromagn\u00e9tique de votre corps<\/span>,<\/strong> permettant ainsi \u00e0 votre corps de fonctionner avec une vigueur et des vibrations renouvel\u00e9es; am\u00e9liorer votre qualit\u00e9 de vie, votre productivit\u00e9 et votre bien-\u00eatre.<\/p><p style=\"text-align: center;\"><span style=\"color: #33cccc;\"><strong><u>Vous \u00eates vraiment en bonne sant\u00e9 lorsque la signature \u00e9lectromagn\u00e9tique de votre corps est \u00e0 son plein potentiel.<\/u><\/strong><\/span><\/p><p>\u00a0<\/p><p>Comme nous sommes entour\u00e9s d\u2019\u00e9l\u00e9ments toxiques dans l\u2019air, la nourriture, l\u2019eau et les v\u00eatements, etc., les prot\u00e9ines s\u2019agglom\u00e8rent et se lient \u00e9lectriquement avec de l\u2019eau; ainsi notre syst\u00e8me lymphatique devient d\u00e9s\u00e9quilibr\u00e9 et surcharg\u00e9. Cela se traduit par une douleur et une inflammation qui contribuent \u00e0 diverses maladies d\u00e9g\u00e9n\u00e9ratives chroniques.<\/p><p>Il y a beaucoup de ressources sugg\u00e9rant que l\u2019inflammation chronique est le concept le plus proche de la voie de toutes les maladies, car l\u2019inflammation peut mener \u00e0 une r\u00e9plication cellulaire et \u00e0 une variance g\u00e9n\u00e9tique de mauvaise qualit\u00e9.<\/p><p>\u00a0<\/p><p><u>Pour am\u00e9liorer la qualit\u00e9 \u00e9lectrique de nos circuits mentaux \/ corporels, nous consommons des aliments riches en \u00e9lectricit\u00e9 tels que les l\u00e9gumes-feuilles et sont con\u00e7us pour marcher sur le sol afin d\u2019absorber d\u2019autres sources d\u2019\u00e9nergie riche en \u00e9lectrons.<\/u><\/p><p>\u00a0<\/p><p>Ces actions conduisent \u00e0 un environnement riche en \u00e9lectrons et donc alcalin dans le corps, ce que nous consid\u00e9rons maintenant comme essentiel \u00e0 la sant\u00e9 parfaite.<\/p><p>\u00a0<\/p><p><strong>Les machines de fr\u00e9quences aident \u00e0 restaurer la polarit\u00e9 naturelle des signatures \u00e9lectromagn\u00e9tiques de nos cellules, ce qui est essentiel pour une r\u00e9ponse immunitaire et une sant\u00e9 optimales<\/strong><\/p><ul><li><span style=\"color: #33cccc;\"><strong><u> Utilise des fr\u00e9quences sp\u00e9cifiques connues pour influencer les profils \u00e9nerg\u00e9tiques <\/u><\/strong><\/span>des virus, des champignons et des bact\u00e9ries et inhiber leur d\u00e9veloppement dans les cellules stagnantes, non mobiles ou dans une r\u00e9gion inflammatoire du corps.<\/li><\/ul><ul><li><strong><u><span style=\"color: #33cccc;\"> Utilise des programmes de balayage de fr\u00e9quence<\/span> <\/u><\/strong>pour cibler les agents pathog\u00e8nes cach\u00e9s, les parasites, les champignons, les virus et les bact\u00e9ries.<\/li><\/ul><p>\u00a0<\/p><p><strong>\u00c0 un niveau sup\u00e9rieur avec la bonne forme d\u2019onde, on peut faire r\u00e9sonner la cavit\u00e9 cellulaire d\u2019un agent pathog\u00e8ne, d\u2019un virus ou d\u2019une bact\u00e9rie et perturber ainsi l\u2019organisme par le principe \u00e9nerg\u00e9tique de r\u00e9sonance.<\/strong><\/p><ul><li><span style=\"color: #33cccc;\"><strong><u> Aide \u00e0 \u00e9liminer de l\u2019espace interstitiel <\/u><\/strong><\/span><u>les additifs non naturels dans notre alimentation, y compris les st\u00e9ro\u00efdes qui imitent les hormones et s\u2019attachent aux prot\u00e9ines<\/u><\/li><li><strong><u><span style=\"color: #33cccc;\"> Facilite le drainage lymphatique<\/span> \u2013 <\/u><\/strong>Des mouvements rapides de d\u00e9chets dans les cellules peuvent se produire, ce qui augmente consid\u00e9rablement la livraison de d\u00e9chets aux organes responsables de l\u2019\u00e9limination des d\u00e9chets corporels.<\/li><li><span style=\"color: #33cccc;\"><strong><u> Aide \u00e0 donner vie aux voies lymphatiques stagnantes, <\/u><\/strong><\/span>cr\u00e9ant une barri\u00e8re immunologique \u00e0 la maladie<\/li><\/ul><p>\u00a0<\/p><p><span style=\"color: #33cccc;\"><strong><u>La d\u00e9toxication lymphatique <\/u><\/strong><\/span>am\u00e9liore les processus de gu\u00e9rison du corps en r\u00e9tablissant la circulation lymphatique dans tout le corps. Les machines d ondes aident le syst\u00e8me lymphatique \u00e0 fonctionner correctement, cr\u00e9ant un milieu moins toxique et aidant \u00e0 r\u00e9soudre de nombreux probl\u00e8mes associ\u00e9s au manque de sant\u00e9 \u00e0 long terme.<\/p><p>\u00a0<\/p><p><span style=\"color: #33cccc;\"><strong><u>Gr\u00e2ce \u00e0 une technologie de mise en miroir, les photons se couplent pour correspondre \u00e0 un \u00e9v\u00e9nement quantique, une enveloppe g\u00e9n\u00e9r\u00e9e \u00e0 partir de l\u2019\u00e9nergie produite par les ondes scalaires. <\/u><\/strong><\/span><\/p><p>\u00a0<\/p><p><strong>Cette enveloppe quantique agit comme un support pour les photons coupl\u00e9s, leur permettant de parcourir un trajet omnidirectionnel coupl\u00e9 au corps. Les donn\u00e9es de fr\u00e9quence et l\u2019\u00e9nergie sont ensuite achemin\u00e9es dans le champ \u00e9lectromagn\u00e9tique du corps.<\/strong><\/p>\t\t\t\t                            <\/div>\n\t\t        \n                    <div id=\"histoire-et-concept-tab\" class=\"clearfix eael-tab-content-item inactive\" data-title-link=\"histoire-et-concept-tab\">\n\t\t\t\t        \t\t\t\t\t        <p><span style=\"color: #33cccc;\"><b><u>Histoire<\/u><\/b><\/span><\/p><p><img decoding=\"async\" class=\"size-medium wp-image-1627 aligncenter\" src=\"https:\/\/zenaturame.com\/wp-content\/uploads\/2020\/08\/image1-1-300x273.jpg\" alt=\"\" width=\"300\" height=\"273\" \/><\/p><p style=\"text-align: center;\">Hulda Clark<\/p><p>Soit dit en passant, gu\u00e9rir toutes les maladies ce fut aussi l\u2019objectif de la chercheuse canadienne <span style=\"color: #33cccc;\"><strong>Hulda<\/strong> <strong>Clark<\/strong><\/span>, expos\u00e9, en particulier, dans son ouvrage de base \u00ab <span style=\"color: #33cccc;\"><strong><u>La Cure de toutes les maladies<\/u><\/strong><\/span> \u00bb, mais la th\u00e9rapie Clark repose sur diff\u00e9rentes approches compl\u00e9mentaires, incluant aussi, comme Rife, la th\u00e9rapie par les fr\u00e9quences (en ce cas, zapping) mais en utilisant ses fr\u00e9quences propres, d\u00e9couvertes \u00e0 l\u2019aide de son synchrom\u00e8tre.<\/p><p>\u00a0<\/p><p>En ce qui concerne <span style=\"color: #33cccc;\"><strong>Rife<\/strong><\/span>, il travaillait avec un <span style=\"color: #33cccc;\"><strong>tube<\/strong> \u00e0 <\/span><strong><span style=\"color: #33cccc;\">plasm<\/span>a<\/strong> de son invention, lequel, \u00e0 son insu (ces ondes n\u2019\u00e9taient pas encore connues et d\u00e9crites \u00e0 son \u00e9poque), produisait d\u00e9j\u00e0 des ondes scalaires. Ceux qui ont repris les travaux de Rife ont con\u00e7u de nouvelles machines de Rife, lesquelles utilisent toujours un tube \u00e0 plasma, mais, g\u00e9n\u00e9ralement ce tube n\u2019est pas assez grand pour pouvoir produire un champ d\u2019\u00e9nergie scalaire suffisant pour pouvoir compl\u00e8tement y plonger la personne \u00e0 soigner.<\/p><p>\u00a0<\/p><p><a href=\"https:\/\/zenaturame.com\/wp-content\/uploads\/2020\/08\/image2-1.jpg\"><img decoding=\"async\" class=\"aligncenter size-medium wp-image-1628\" src=\"https:\/\/zenaturame.com\/wp-content\/uploads\/2020\/08\/image2-1-300x259.jpg\" alt=\"\" width=\"300\" height=\"259\" \/><\/a><\/p><p style=\"text-align: center;\"><strong>Royal Raimond<\/strong> <strong><em>Rife<\/em><\/strong><\/p><p>\u00a0<\/p><p>\u00a0<\/p><p><a href=\"https:\/\/zenaturame.com\/wp-content\/uploads\/2020\/08\/image3-2.jpg\"><img loading=\"lazy\" decoding=\"async\" class=\"aligncenter size-medium wp-image-1629\" src=\"https:\/\/zenaturame.com\/wp-content\/uploads\/2020\/08\/image3-2-300x207.jpg\" alt=\"\" width=\"300\" height=\"207\" \/><\/a><\/p><p>Les fr\u00e9quences de Rife ont \u00e9t\u00e9 d\u00e9finies par lui afin de lutter efficacement contre les micro-organismes (virus, bact\u00e9ries, champignons, levures) pr\u00e9sents dans la plupart des maladies aigu\u00ebs ou chroniques. C\u2019est le point commun fondamental entre Hulda Clark et Royal Rife, \u00e0 la diff\u00e9rence que la th\u00e9rapie selon Hulda Clark s\u2019efforce aussi de lutter contre les parasites plus gros que les microbes, tels les t\u00e9nias, ascaris, douves (vers plats), oxyures, etc., \u00e9galement fortement impliqu\u00e9s, selon elle, dans de tr\u00e8s nombreuses pathologies, sinon toutes.<\/p><p>\u00a0<\/p><p><em><u>Il a \u00e9t\u00e9 prouv\u00e9 que, par le ph\u00e9nom\u00e8ne de la r\u00e9sonance (les membranes des parasites entrent en r\u00e9sonance avec les fr\u00e9quences envoy\u00e9es dans le corps, de sorte que les parasites et micro-organismes finissent par exploser) certaines s\u00e9quences tr\u00e8s pr\u00e9cises de fr\u00e9quences inhibent, voire d\u00e9truisent compl\u00e8tement, que ce soit in vitro (dans un laboratoire) et in vivo (dans le corps humain), les virus et les bact\u00e9ries, mais aussi les levures, les champignons et les autres\u00a0 parasites pathog\u00e8nes, sans impact n\u00e9gatif sur les tissus sains et la flore (telles les \u00ab bonnes bact\u00e9ries \u00bb intestinales) utile au bon fonctionnement du corps.<\/u><\/em><\/p><p>\u00a0<\/p><p>\u00c0 son \u00e9poque Royal Rife avait invent\u00e9 un microscope sp\u00e9cial, lui permettant de visualiser les micro-organismes sous leur forme vivante ; \u00e0 l\u2019aide de son microscope sp\u00e9cial, il pouvait donc assur\u00e9ment v\u00e9rifier que les microbes \u00e9taient bien morts apr\u00e8s avoir subi le traitement inflig\u00e9 \u00e0 eux par les ondes modul\u00e9es de son tube \u00e0 plasma.<\/p><p>\u00a0Dans le cas de la m\u00e9thode Hulda Clark c\u2019est encore l\u2019utilisation du Synchrom\u00e8tre qui permet de savoir s\u2019il y a encore des pathog\u00e8nes vivants pr\u00e9sents d\u2019une esp\u00e8ce donn\u00e9e, que ce soit dans un corps humain ou ailleurs.<\/p>\t\t\t\t                            <\/div>\n\t\t        \n                    <div id=\"informations-scientifiques--tab\" class=\"clearfix eael-tab-content-item inactive\" data-title-link=\"informations-scientifiques--tab\">\n\t\t\t\t        \t\t\t\t\t        <p><strong><span style=\"color: #33cccc;\"><span style=\"text-decoration: underline;\">Informations scientifiques<\/span> :<\/span><\/strong><\/p><p><a href=\"https:\/\/youtu.be\/1w0_kazbb_U\">https:\/\/youtu.be\/1w0_kazbb_U<\/a> (chercheur scientifique)<\/p><p><a href=\"https:\/\/youtu.be\/nCkupIqbNXo\">https:\/\/youtu.be\/nCkupIqbNXo<\/a> (exemple effet sur bact\u00e9rie via microscope)<\/p>\t\t\t\t                            <\/div>\n\t\t        \n                    <div id=\"tarif-tab\" class=\"clearfix eael-tab-content-item inactive\" data-title-link=\"tarif-tab\">\n\t\t\t\t        \t\t\t\t\t        <p>Sur devis selon les causes pathologiques et les diff\u00e9rentes m\u00e9thodes employ\u00e9s : (plasma, Lens, bains de pied, ondes, cylindre, \u00e0 distance \u2026)<\/p>\t\t\t\t                            <\/div>\n\t\t                    <\/div>\n        <\/div>\n\t\t<\/div>\n\t\t\t\t<\/div>\n\t\t\t\t\t<\/div>\n\t\t<\/div>\n\t\t\t\t\t<\/div>\n\t\t<\/section>\n\t\t\t\t<\/div>\n\t\t","protected":false},"excerpt":{"rendered":"<p>Syst\u00e8me Rife &#038; Clark Histoire et concept Informations scientifiques Tarif Syst\u00e8me Rife &amp; Clark\u00a0? Des fr\u00e9quences transport\u00e9es par des ondes, c\u2019est le m\u00eame principe avec les ondes radio, lesquelles sont le support des fr\u00e9quences des \u00e9missions, c\u2019est-\u00e0-dire des sons ou des images \u00e9mis par une station-radio d\u00e9termin\u00e9e, comme Radio Classique ou France Musique. Les ondes [&hellip;]<\/p>\n","protected":false},"author":2,"featured_media":0,"parent":0,"menu_order":0,"comment_status":"closed","ping_status":"closed","template":"","meta":{"_monsterinsights_skip_tracking":false,"_monsterinsights_sitenote_active":false,"_monsterinsights_sitenote_note":"","_monsterinsights_sitenote_category":0,"footnotes":""},"yoast_head":"<!-- This site is optimized with the Yoast SEO plugin v22.7 - https:\/\/yoast.com\/wordpress\/plugins\/seo\/ -->\n<title>Syst\u00e8me Rife &amp; Clark -<\/title>\n<meta name=\"robots\" content=\"index, follow, max-snippet:-1, max-image-preview:large, max-video-preview:-1\" \/>\n<link rel=\"canonical\" href=\"https:\/\/zenaturame.com\/index.php\/systeme-rife-clark\/\" \/>\n<meta property=\"og:locale\" content=\"fr_FR\" \/>\n<meta property=\"og:type\" content=\"article\" \/>\n<meta property=\"og:title\" content=\"Syst\u00e8me Rife &amp; Clark -\" \/>\n<meta property=\"og:description\" content=\"Syst\u00e8me Rife &#038; Clark Histoire et concept Informations scientifiques Tarif Syst\u00e8me Rife &amp; Clark\u00a0? Des fr\u00e9quences transport\u00e9es par des ondes, c\u2019est le m\u00eame principe avec les ondes radio, lesquelles sont le support des fr\u00e9quences des \u00e9missions, c\u2019est-\u00e0-dire des sons ou des images \u00e9mis par une station-radio d\u00e9termin\u00e9e, comme Radio Classique ou France Musique. Les ondes [&hellip;]\" \/>\n<meta property=\"og:url\" content=\"https:\/\/zenaturame.com\/index.php\/systeme-rife-clark\/\" \/>\n<meta property=\"article:modified_time\" content=\"2020-10-14T09:49:11+00:00\" \/>\n<meta property=\"og:image\" content=\"https:\/\/zenaturame.com\/wp-content\/uploads\/2020\/08\/image4-300x200.jpg\" \/>\n<meta name=\"twitter:card\" content=\"summary_large_image\" \/>\n<meta name=\"twitter:label1\" content=\"Dur\u00e9e de lecture estim\u00e9e\" \/>\n\t<meta name=\"twitter:data1\" content=\"7 minutes\" \/>\n<script type=\"application\/ld+json\" class=\"yoast-schema-graph\">{\"@context\":\"https:\/\/schema.org\",\"@graph\":[{\"@type\":\"WebPage\",\"@id\":\"https:\/\/zenaturame.com\/index.php\/systeme-rife-clark\/\",\"url\":\"https:\/\/zenaturame.com\/index.php\/systeme-rife-clark\/\",\"name\":\"Syst\u00e8me Rife & Clark -\",\"isPartOf\":{\"@id\":\"https:\/\/zenaturame.com\/#website\"},\"primaryImageOfPage\":{\"@id\":\"https:\/\/zenaturame.com\/index.php\/systeme-rife-clark\/#primaryimage\"},\"image\":{\"@id\":\"https:\/\/zenaturame.com\/index.php\/systeme-rife-clark\/#primaryimage\"},\"thumbnailUrl\":\"https:\/\/zenaturame.com\/wp-content\/uploads\/2020\/08\/image4-300x200.jpg\",\"datePublished\":\"2020-08-07T19:39:59+00:00\",\"dateModified\":\"2020-10-14T09:49:11+00:00\",\"breadcrumb\":{\"@id\":\"https:\/\/zenaturame.com\/index.php\/systeme-rife-clark\/#breadcrumb\"},\"inLanguage\":\"fr-FR\",\"potentialAction\":[{\"@type\":\"ReadAction\",\"target\":[\"https:\/\/zenaturame.com\/index.php\/systeme-rife-clark\/\"]}]},{\"@type\":\"ImageObject\",\"inLanguage\":\"fr-FR\",\"@id\":\"https:\/\/zenaturame.com\/index.php\/systeme-rife-clark\/#primaryimage\",\"url\":\"https:\/\/zenaturame.com\/wp-content\/uploads\/2020\/08\/image4.jpg\",\"contentUrl\":\"https:\/\/zenaturame.com\/wp-content\/uploads\/2020\/08\/image4.jpg\",\"width\":350,\"height\":233},{\"@type\":\"BreadcrumbList\",\"@id\":\"https:\/\/zenaturame.com\/index.php\/systeme-rife-clark\/#breadcrumb\",\"itemListElement\":[{\"@type\":\"ListItem\",\"position\":1,\"name\":\"Accueil\",\"item\":\"https:\/\/zenaturame.com\/\"},{\"@type\":\"ListItem\",\"position\":2,\"name\":\"Syst\u00e8me Rife &#038; Clark\"}]},{\"@type\":\"WebSite\",\"@id\":\"https:\/\/zenaturame.com\/#website\",\"url\":\"https:\/\/zenaturame.com\/\",\"name\":\"\",\"description\":\"\",\"potentialAction\":[{\"@type\":\"SearchAction\",\"target\":{\"@type\":\"EntryPoint\",\"urlTemplate\":\"https:\/\/zenaturame.com\/?s={search_term_string}\"},\"query-input\":\"required name=search_term_string\"}],\"inLanguage\":\"fr-FR\"}]}<\/script>\n<!-- \/ Yoast SEO plugin. -->","yoast_head_json":{"title":"Syst\u00e8me Rife & Clark -","robots":{"index":"index","follow":"follow","max-snippet":"max-snippet:-1","max-image-preview":"max-image-preview:large","max-video-preview":"max-video-preview:-1"},"canonical":"https:\/\/zenaturame.com\/index.php\/systeme-rife-clark\/","og_locale":"fr_FR","og_type":"article","og_title":"Syst\u00e8me Rife & Clark -","og_description":"Syst\u00e8me Rife &#038; Clark Histoire et concept Informations scientifiques Tarif Syst\u00e8me Rife &amp; Clark\u00a0? Des fr\u00e9quences transport\u00e9es par des ondes, c\u2019est le m\u00eame principe avec les ondes radio, lesquelles sont le support des fr\u00e9quences des \u00e9missions, c\u2019est-\u00e0-dire des sons ou des images \u00e9mis par une station-radio d\u00e9termin\u00e9e, comme Radio Classique ou France Musique. Les ondes [&hellip;]","og_url":"https:\/\/zenaturame.com\/index.php\/systeme-rife-clark\/","article_modified_time":"2020-10-14T09:49:11+00:00","og_image":[{"url":"https:\/\/zenaturame.com\/wp-content\/uploads\/2020\/08\/image4-300x200.jpg"}],"twitter_card":"summary_large_image","twitter_misc":{"Dur\u00e9e de lecture estim\u00e9e":"7 minutes"},"schema":{"@context":"https:\/\/schema.org","@graph":[{"@type":"WebPage","@id":"https:\/\/zenaturame.com\/index.php\/systeme-rife-clark\/","url":"https:\/\/zenaturame.com\/index.php\/systeme-rife-clark\/","name":"Syst\u00e8me Rife & Clark -","isPartOf":{"@id":"https:\/\/zenaturame.com\/#website"},"primaryImageOfPage":{"@id":"https:\/\/zenaturame.com\/index.php\/systeme-rife-clark\/#primaryimage"},"image":{"@id":"https:\/\/zenaturame.com\/index.php\/systeme-rife-clark\/#primaryimage"},"thumbnailUrl":"https:\/\/zenaturame.com\/wp-content\/uploads\/2020\/08\/image4-300x200.jpg","datePublished":"2020-08-07T19:39:59+00:00","dateModified":"2020-10-14T09:49:11+00:00","breadcrumb":{"@id":"https:\/\/zenaturame.com\/index.php\/systeme-rife-clark\/#breadcrumb"},"inLanguage":"fr-FR","potentialAction":[{"@type":"ReadAction","target":["https:\/\/zenaturame.com\/index.php\/systeme-rife-clark\/"]}]},{"@type":"ImageObject","inLanguage":"fr-FR","@id":"https:\/\/zenaturame.com\/index.php\/systeme-rife-clark\/#primaryimage","url":"https:\/\/zenaturame.com\/wp-content\/uploads\/2020\/08\/image4.jpg","contentUrl":"https:\/\/zenaturame.com\/wp-content\/uploads\/2020\/08\/image4.jpg","width":350,"height":233},{"@type":"BreadcrumbList","@id":"https:\/\/zenaturame.com\/index.php\/systeme-rife-clark\/#breadcrumb","itemListElement":[{"@type":"ListItem","position":1,"name":"Accueil","item":"https:\/\/zenaturame.com\/"},{"@type":"ListItem","position":2,"name":"Syst\u00e8me Rife &#038; Clark"}]},{"@type":"WebSite","@id":"https:\/\/zenaturame.com\/#website","url":"https:\/\/zenaturame.com\/","name":"","description":"","potentialAction":[{"@type":"SearchAction","target":{"@type":"EntryPoint","urlTemplate":"https:\/\/zenaturame.com\/?s={search_term_string}"},"query-input":"required name=search_term_string"}],"inLanguage":"fr-FR"}]}},"_links":{"self":[{"href":"https:\/\/zenaturame.com\/index.php\/wp-json\/wp\/v2\/pages\/1624"}],"collection":[{"href":"https:\/\/zenaturame.com\/index.php\/wp-json\/wp\/v2\/pages"}],"about":[{"href":"https:\/\/zenaturame.com\/index.php\/wp-json\/wp\/v2\/types\/page"}],"author":[{"embeddable":true,"href":"https:\/\/zenaturame.com\/index.php\/wp-json\/wp\/v2\/users\/2"}],"replies":[{"embeddable":true,"href":"https:\/\/zenaturame.com\/index.php\/wp-json\/wp\/v2\/comments?post=1624"}],"version-history":[{"count":0,"href":"https:\/\/zenaturame.com\/index.php\/wp-json\/wp\/v2\/pages\/1624\/revisions"}],"wp:attachment":[{"href":"https:\/\/zenaturame.com\/index.php\/wp-json\/wp\/v2\/media?parent=1624"}],"curies":[{"name":"wp","href":"https:\/\/api.w.org\/{rel}","templated":true}]}}