{"id":448,"date":"2019-12-08T13:14:04","date_gmt":"2019-12-08T12:14:04","guid":{"rendered":"https:\/\/zenaturame.com\/?page_id=448"},"modified":"2020-08-04T22:22:55","modified_gmt":"2020-08-04T20:22:55","slug":"bilan-par-spectrophotometrie","status":"publish","type":"page","link":"https:\/\/zenaturame.com\/index.php\/bilan-par-spectrophotometrie\/","title":{"rendered":"Bilan par Spectrophotom\u00e9trie"},"content":{"rendered":"\t\t<div data-elementor-type=\"wp-page\" data-elementor-id=\"448\" class=\"elementor elementor-448\">\n\t\t\t\t\t\t<section class=\"elementor-section elementor-top-section elementor-element elementor-element-b6833dc elementor-section-content-top elementor-section-boxed elementor-section-height-default elementor-section-height-default\" data-id=\"b6833dc\" data-element_type=\"section\" data-settings=\"{&quot;background_background&quot;:&quot;classic&quot;}\">\n\t\t\t\t\t\t\t<div class=\"elementor-background-overlay\"><\/div>\n\t\t\t\t\t\t\t<div class=\"elementor-container elementor-column-gap-wider\">\n\t\t\t\t\t<div class=\"elementor-column elementor-col-100 elementor-top-column elementor-element elementor-element-cf7641c\" data-id=\"cf7641c\" data-element_type=\"column\">\n\t\t\t<div class=\"elementor-widget-wrap elementor-element-populated\">\n\t\t\t\t\t\t<div class=\"elementor-element elementor-element-46abd27 elementor-widget elementor-widget-eael-adv-tabs\" data-id=\"46abd27\" data-element_type=\"widget\" data-widget_type=\"eael-adv-tabs.default\">\n\t\t\t\t<div class=\"elementor-widget-container\">\n\t\t\t        <div data-scroll-on-click=\"no\" data-scroll-speed=\"300\" id=\"eael-advance-tabs-46abd27\" class=\"eael-advance-tabs eael-tabs-horizontal eael-tab-auto-active  active-caret-on\" data-tabid=\"46abd27\">\n            <div class=\"eael-tabs-nav\">\n                <ul class=\"eael-tab-inline-icon\" role=\"tablist\">\n                                            <li id=\"quest-ce-quun-bilan-par-spectrophotomtrie-\" class=\"inactive eael-tab-item-trigger\" aria-selected=\"true\" data-tab=\"1\" role=\"tab\" tabindex=\"0\" aria-controls=\"quest-ce-quun-bilan-par-spectrophotomtrie--tab\" aria-expanded=\"false\">\n                            \n                                                                                                                            \n                                                            <span class=\"eael-tab-title  title-after-icon\">Qu'est ce qu'un bilan par spectrophotom\u00e9trie ?<\/span>                            \n                                                    <\/li>\n                                            <li id=\"votre-sant\" class=\"inactive eael-tab-item-trigger\" aria-selected=\"false\" data-tab=\"2\" role=\"tab\" tabindex=\"-1\" aria-controls=\"votre-sant-tab\" aria-expanded=\"false\">\n                            \n                                                                                                                            \n                                                            <span class=\"eael-tab-title  title-after-icon\">Votre sant\u00e9<\/span>                            \n                                                    <\/li>\n                                            <li id=\"la-technologie\" class=\"inactive eael-tab-item-trigger\" aria-selected=\"false\" data-tab=\"3\" role=\"tab\" tabindex=\"-1\" aria-controls=\"la-technologie-tab\" aria-expanded=\"false\">\n                            \n                                                                                                                            \n                                                            <span class=\"eael-tab-title  title-after-icon\">La technologie<\/span>                            \n                                                    <\/li>\n                                            <li id=\"le-fonctionnement\" class=\"inactive eael-tab-item-trigger\" aria-selected=\"false\" data-tab=\"4\" role=\"tab\" tabindex=\"-1\" aria-controls=\"le-fonctionnement-tab\" aria-expanded=\"false\">\n                            \n                                                                                                                            \n                                                            <span class=\"eael-tab-title  title-after-icon\">Le fonctionnement<\/span>                            \n                                                    <\/li>\n                                            <li id=\"brochure\" class=\"inactive eael-tab-item-trigger\" aria-selected=\"false\" data-tab=\"5\" role=\"tab\" tabindex=\"-1\" aria-controls=\"brochure-tab\" aria-expanded=\"false\">\n                            \n                                                                                                                            \n                                                            <span class=\"eael-tab-title  title-after-icon\">Brochure<\/span>                            \n                                                    <\/li>\n                                            <li id=\"tarif\" class=\"inactive eael-tab-item-trigger\" aria-selected=\"false\" data-tab=\"6\" role=\"tab\" tabindex=\"-1\" aria-controls=\"tarif-tab\" aria-expanded=\"false\">\n                            \n                                                                                                                            \n                                                            <span class=\"eael-tab-title  title-after-icon\">Tarif<\/span>                            \n                                                    <\/li>\n                                    <\/ul>\n            <\/div>\n            \n            <div class=\"eael-tabs-content\">\n\t\t        \n                    <div id=\"quest-ce-quun-bilan-par-spectrophotomtrie--tab\" class=\"clearfix eael-tab-content-item inactive\" data-title-link=\"quest-ce-quun-bilan-par-spectrophotomtrie--tab\">\n\t\t\t\t        \t\t\t\t\t        <p><span style=\"color: #33cccc;\"><u><b>Qu&#8217;est ce qu&#8217;un bilan par spectrophotom\u00e9trie<\/b><\/u><b> ?<\/b><\/span><\/p><p>L\u2019OligoChek est con\u00e7u pour faire un bilan pr\u00e9cis d\u2019\u00e9valuation de la biodisponibilit\u00e9 en min\u00e9raux, oligo-\u00e9l\u00e9ments et m\u00e9taux lourds dans les tissus vivants. La mesure se fait sur la peau de la face palmaire de la main. Vous pouvez donc observer ce qui se passe directement dans les tissus et non dans les s\u00e9cr\u00e9tions qui sont beaucoup moins stables.<\/p><p>En effet, le test sur l&#8217;urine permet de voir ce que le corps excr\u00e8te. Les cheveux fournissent des informations sur ce qui s&#8217;est pass\u00e9 dans le corps, il y a quelques semaines, voire quelques mois auparavant. Le sang montre ce qui circule. Le bilan Oligochek permet d\u2019observer ce qui se passe dans le tissu et donc d\u2019\u00e9valuer <strong>la BIO-DISPONIBILITE intra-tissulaire<\/strong>. Toutes ces mesures sont \u00e0 la fois diff\u00e9rentes et compl\u00e9mentaires.<\/p><p><span style=\"color: #33cccc;\"><strong><u>Est-ce que l\u2019Oligochek fournit les m\u00eames r\u00e9sultats qu\u2019une prise de sang ?<\/u><\/strong><\/span><\/p><p>Les deux mesures fournissent diff\u00e9rentes dimensions de compr\u00e9hension et d&#8217;information sur les min\u00e9raux et le m\u00e9tabolisme. Elles sont en ce sens compl\u00e9mentaires et doivent faire partie d&#8217;une compr\u00e9hension globale du patient.<\/p><p style=\"text-align: center;\"><strong><u>Exemple bilan :<\/u><\/strong><\/p><p><img fetchpriority=\"high\" decoding=\"async\" class=\"size-medium wp-image-497 aligncenter\" src=\"https:\/\/zenaturame.com\/wp-content\/uploads\/2019\/12\/spectrophotometrie-300x278.png\" alt=\"\" width=\"300\" height=\"278\" \/><\/p>\t\t\t\t                            <\/div>\n\t\t        \n                    <div id=\"votre-sant-tab\" class=\"clearfix eael-tab-content-item inactive\" data-title-link=\"votre-sant-tab\">\n\t\t\t\t        \t\t\t\t\t        <p><span style=\"color: #33cccc;\"><strong><u>VOTRE SANT\u00c9<\/u><\/strong><\/span><\/p><p>Les min\u00e9raux et anti-oxydants sont n\u00e9cessaires au bon fonctionnement de l\u2019organisme.<\/p><p>L\u2019accumulation des m\u00e9taux lourds peut entra\u00eener des risques pour la sant\u00e9.<\/p><p><span style=\"color: #33cccc;\"><strong><u>LES MIN\u00c9RAUX<\/u><\/strong><\/span><\/p><p>Un apport primordial<\/p><p>Les min\u00e9raux (macro-\u00e9l\u00e9ments et oligo-\u00e9l\u00e9ments) ont un r\u00f4le d\u00e9terminant dans le bon fonctionnement de l\u2019organisme. Un apport quotidien est donc essentiel dans la mesure o\u00f9 le corps humain est dans l\u2019incapacit\u00e9 de les synth\u00e9tiser lui-m\u00eame.<\/p><p>De ce fait, un d\u00e9ficit en oligo-\u00e9l\u00e9ments ou min\u00e9raux est responsable d\u2019une baisse de forme, d\u2019\u00e9tats de fatigue, d\u2019une vuln\u00e9rabilit\u00e9 au stress, d\u2019une diminution de la concentration et des facult\u00e9s intellectuelles, etc. Il est donc important de contr\u00f4ler les taux de min\u00e9raux pr\u00e9sent dans l\u2019organisme pour pouvoir anticiper les risques induits.<\/p><p><span style=\"color: #33cccc;\"><strong><u>LES M\u00c9TAUX LOURDS<\/u><\/strong><\/span><\/p><p>Une nouvelle probl\u00e9matique de sant\u00e9 publique<\/p><p>Des \u00e9tudes men\u00e9es par l\u2019OMS ou la FAO ont mis en avant les dangers croissants d\u2019une exposition massive aux agents toxiques. Transport\u00e9s par la pollution de l\u2019air, des nappes phr\u00e9atiques et de la terre, l\u2019alimentation, l\u2019eau, le tabac, etc. les risques de contamination sont de plus en plus importants voire in\u00e9vitables et comportent des risques pour la sant\u00e9.<\/p><p><strong>Les m\u00e9taux lourds provoquent un stress oxydatif.<\/strong><\/p><p><span style=\"color: #33cccc;\"><strong><u>LE STRESS OXYDATIF<\/u><\/strong><\/span><\/p><p>Mieux l\u2019appr\u00e9hender pour mieux vieillir<\/p><p>Le stress oxydatif (ou stress oxydant) est un type d\u2019agression des constituants de la cellule par les radicaux libres.<\/p><p>Le stress oxydatif est responsable du vieillissement et de nombreuses pathologies.<\/p>\t\t\t\t                            <\/div>\n\t\t        \n                    <div id=\"la-technologie-tab\" class=\"clearfix eael-tab-content-item inactive\" data-title-link=\"la-technologie-tab\">\n\t\t\t\t        \t\t\t\t\t        <p><span style=\"color: #33cccc;\"><strong><span style=\"text-decoration: underline;\">La technologie<\/span> :<\/strong><\/span><\/p><p><strong>L&#8217;appareil utilise une technologie optique : la spectrophotom\u00e9trie. <\/strong><\/p><p><strong><img decoding=\"async\" class=\"size-medium wp-image-498 aligncenter\" src=\"https:\/\/zenaturame.com\/wp-content\/uploads\/2019\/12\/spectrophotometrie2-300x272.png\" alt=\"\" width=\"300\" height=\"272\" srcset=\"https:\/\/zenaturame.com\/wp-content\/uploads\/2019\/12\/spectrophotometrie2-300x272.png 300w, https:\/\/zenaturame.com\/wp-content\/uploads\/2019\/12\/spectrophotometrie2.png 350w\" sizes=\"(max-width: 300px) 100vw, 300px\" \/><\/strong><\/p><p>C&#8217;est une m\u00e9thode analytique quantitative consistant \u00e0 mesurer l&#8217;absorption ou la densit\u00e9 optique d&#8217;une substance chimique.<\/p><p>Elle est bas\u00e9e sur le principe d&#8217;absorption, d&#8217;\u00e9mission ou de r\u00e9flexion de la lumi\u00e8re par les compos\u00e9s chimiques sur une certaine plage de longueur d&#8217;onde.<\/p><p>La spectrophotom\u00e9trie est utilis\u00e9e dans de nombreux domaines : chimie, pharmacie, environnement, agro-alimentaire, biologie, m\u00e9dical\/clinique, industriel, et d&#8217;autres.<\/p><p><strong>Dans le domaine m\u00e9dical, la spectrophotom\u00e9trie est utilis\u00e9e pour examiner le sang ou les tissus.<\/strong><\/p>\t\t\t\t                            <\/div>\n\t\t        \n                    <div id=\"le-fonctionnement-tab\" class=\"clearfix eael-tab-content-item inactive\" data-title-link=\"le-fonctionnement-tab\">\n\t\t\t\t        \t\t\t\t\t        <p><span style=\"color: #33cccc;\"><span style=\"text-decoration: underline;\"><strong>Le fonctionnement<\/strong><\/span><strong> :<\/strong><\/span><\/p><p>Un ensemble de tests et des \u00e9tudes comparatives ont \u00e9t\u00e9 r\u00e9alis\u00e9s par des chercheurs mettant en avant une corr\u00e9lation entre les r\u00e9sultats de l&#8217;Oligochek et ceux effectu\u00e9s en laboratoire.<\/p><p>\u00a0&#8211; Les donn\u00e9es physiologiques du patient sont saisies<\/p><p>&#8211;\u00a0 Le derme du patient est scann\u00e9 par spectrom\u00e9trie<\/p><p>&#8211;\u00a0 L&#8217;application Oligoscan traite et analyse les donn\u00e9es<\/p><p>\u00a0&#8211; Les donn\u00e9es sont envoy\u00e9es et conserv\u00e9es sur un serveur s\u00e9curis\u00e9, permettant un suivi des patients<\/p><p>\u00a0&#8211; Les r\u00e9sultats sont consultables sur ordinateur \/ tablette<\/p>\t\t\t\t                            <\/div>\n\t\t        \n                    <div id=\"brochure-tab\" class=\"clearfix eael-tab-content-item inactive\" data-title-link=\"brochure-tab\">\n\t\t\t\t        \t\t\t\t\t        <p><span style=\"color: #33cccc;\"><strong><span style=\"text-decoration: underline;\">Brochure<\/span> :<\/strong><\/span><\/p><p><div class='w3eden'><!-- WPDM Link Template: Default Template -->\n\n<div class=\"link-template-default card mb-2\">\n    <div class=\"card-body\">\n        <div class=\"media\">\n            <div class=\"mr-3 img-48\"><img decoding=\"async\" class=\"wpdm_icon\" alt=\"Ic\u00f4ne\" src=\"https:\/\/zenaturame.com\/wp-content\/plugins\/download-manager\/assets\/file-type-icons\/pdf.svg\" \/><\/div>\n            <div class=\"media-body\">\n                <h3 class=\"package-title\"><a href='https:\/\/zenaturame.com\/index.php\/download\/bioresonance-recto\/'>Bilan recto<\/a><\/h3>\n                <div class=\"text-muted text-small\"><i class=\"fas fa-copy\"><\/i> 1 fichier\u00b7s <i class=\"fas fa-hdd ml-3\"><\/i> 1.08 MB<\/div>\n            <\/div>\n            <div class=\"ml-3\">\n                <a class='wpdm-download-link download-on-click btn btn-primary ' rel='nofollow' href='#' data-downloadurl=\"https:\/\/zenaturame.com\/index.php\/download\/bioresonance-recto\/?wpdmdl=1171&#038;refresh=69e8a2f34a4641776853747\">T\u00e9l\u00e9charger<\/a>\n            <\/div>\n        <\/div>\n    <\/div>\n<\/div>\n\n<\/div><\/p><p><div class='w3eden'><!-- WPDM Link Template: Default Template -->\n\n<div class=\"link-template-default card mb-2\">\n    <div class=\"card-body\">\n        <div class=\"media\">\n            <div class=\"mr-3 img-48\"><img decoding=\"async\" class=\"wpdm_icon\" alt=\"Ic\u00f4ne\" src=\"https:\/\/zenaturame.com\/wp-content\/plugins\/download-manager\/assets\/file-type-icons\/pdf.svg\" \/><\/div>\n            <div class=\"media-body\">\n                <h3 class=\"package-title\"><a href='https:\/\/zenaturame.com\/index.php\/download\/bilan-verso\/'>Bilan verso<\/a><\/h3>\n                <div class=\"text-muted text-small\"><i class=\"fas fa-copy\"><\/i> 1 fichier\u00b7s <i class=\"fas fa-hdd ml-3\"><\/i> 1.30 MB<\/div>\n            <\/div>\n            <div class=\"ml-3\">\n                <a class='wpdm-download-link download-on-click btn btn-primary ' rel='nofollow' href='#' data-downloadurl=\"https:\/\/zenaturame.com\/index.php\/download\/bilan-verso\/?wpdmdl=1175&#038;refresh=69e8a2f34dd381776853747\">T\u00e9l\u00e9charger<\/a>\n            <\/div>\n        <\/div>\n    <\/div>\n<\/div>\n\n<\/div><\/p>\t\t\t\t                            <\/div>\n\t\t        \n                    <div id=\"tarif-tab\" class=\"clearfix eael-tab-content-item inactive\" data-title-link=\"tarif-tab\">\n\t\t\t\t        \t\t\t\t\t        <p>Chaque situation n\u00e9cessite un entretien au pr\u00e9alable pour d\u00e9finir le tarif.<\/p>\t\t\t\t                            <\/div>\n\t\t                    <\/div>\n        <\/div>\n\t\t<\/div>\n\t\t\t\t<\/div>\n\t\t\t\t\t<\/div>\n\t\t<\/div>\n\t\t\t\t\t<\/div>\n\t\t<\/section>\n\t\t\t\t<\/div>\n\t\t","protected":false},"excerpt":{"rendered":"<p>Qu&#8217;est ce qu&#8217;un bilan par spectrophotom\u00e9trie ? Votre sant\u00e9 La technologie Le fonctionnement Brochure Tarif Qu&#8217;est ce qu&#8217;un bilan par spectrophotom\u00e9trie ? L\u2019OligoChek est con\u00e7u pour faire un bilan pr\u00e9cis d\u2019\u00e9valuation de la biodisponibilit\u00e9 en min\u00e9raux, oligo-\u00e9l\u00e9ments et m\u00e9taux lourds dans les tissus vivants. La mesure se fait sur la peau de la face palmaire [&hellip;]<\/p>\n","protected":false},"author":2,"featured_media":0,"parent":0,"menu_order":0,"comment_status":"closed","ping_status":"closed","template":"","meta":{"_monsterinsights_skip_tracking":false,"_monsterinsights_sitenote_active":false,"_monsterinsights_sitenote_note":"","_monsterinsights_sitenote_category":0,"footnotes":""},"yoast_head":"<!-- This site is optimized with the Yoast SEO plugin v22.7 - https:\/\/yoast.com\/wordpress\/plugins\/seo\/ -->\n<title>Bilan par Spectrophotom\u00e9trie -<\/title>\n<meta name=\"robots\" content=\"index, follow, max-snippet:-1, max-image-preview:large, max-video-preview:-1\" \/>\n<link rel=\"canonical\" href=\"https:\/\/zenaturame.com\/index.php\/bilan-par-spectrophotometrie\/\" \/>\n<meta property=\"og:locale\" content=\"fr_FR\" \/>\n<meta property=\"og:type\" content=\"article\" \/>\n<meta property=\"og:title\" content=\"Bilan par Spectrophotom\u00e9trie -\" \/>\n<meta property=\"og:description\" content=\"Qu&#8217;est ce qu&#8217;un bilan par spectrophotom\u00e9trie ? Votre sant\u00e9 La technologie Le fonctionnement Brochure Tarif Qu&#8217;est ce qu&#8217;un bilan par spectrophotom\u00e9trie ? L\u2019OligoChek est con\u00e7u pour faire un bilan pr\u00e9cis d\u2019\u00e9valuation de la biodisponibilit\u00e9 en min\u00e9raux, oligo-\u00e9l\u00e9ments et m\u00e9taux lourds dans les tissus vivants. La mesure se fait sur la peau de la face palmaire [&hellip;]\" \/>\n<meta property=\"og:url\" content=\"https:\/\/zenaturame.com\/index.php\/bilan-par-spectrophotometrie\/\" \/>\n<meta property=\"article:modified_time\" content=\"2020-08-04T20:22:55+00:00\" \/>\n<meta property=\"og:image\" content=\"https:\/\/zenaturame.com\/wp-content\/uploads\/2019\/12\/spectrophotometrie-300x278.png\" \/>\n<meta name=\"twitter:card\" content=\"summary_large_image\" \/>\n<meta name=\"twitter:label1\" content=\"Dur\u00e9e de lecture estim\u00e9e\" \/>\n\t<meta name=\"twitter:data1\" content=\"4 minutes\" \/>\n<script type=\"application\/ld+json\" class=\"yoast-schema-graph\">{\"@context\":\"https:\/\/schema.org\",\"@graph\":[{\"@type\":\"WebPage\",\"@id\":\"https:\/\/zenaturame.com\/index.php\/bilan-par-spectrophotometrie\/\",\"url\":\"https:\/\/zenaturame.com\/index.php\/bilan-par-spectrophotometrie\/\",\"name\":\"Bilan par Spectrophotom\u00e9trie -\",\"isPartOf\":{\"@id\":\"https:\/\/zenaturame.com\/#website\"},\"primaryImageOfPage\":{\"@id\":\"https:\/\/zenaturame.com\/index.php\/bilan-par-spectrophotometrie\/#primaryimage\"},\"image\":{\"@id\":\"https:\/\/zenaturame.com\/index.php\/bilan-par-spectrophotometrie\/#primaryimage\"},\"thumbnailUrl\":\"https:\/\/zenaturame.com\/wp-content\/uploads\/2019\/12\/spectrophotometrie-300x278.png\",\"datePublished\":\"2019-12-08T12:14:04+00:00\",\"dateModified\":\"2020-08-04T20:22:55+00:00\",\"breadcrumb\":{\"@id\":\"https:\/\/zenaturame.com\/index.php\/bilan-par-spectrophotometrie\/#breadcrumb\"},\"inLanguage\":\"fr-FR\",\"potentialAction\":[{\"@type\":\"ReadAction\",\"target\":[\"https:\/\/zenaturame.com\/index.php\/bilan-par-spectrophotometrie\/\"]}]},{\"@type\":\"ImageObject\",\"inLanguage\":\"fr-FR\",\"@id\":\"https:\/\/zenaturame.com\/index.php\/bilan-par-spectrophotometrie\/#primaryimage\",\"url\":\"https:\/\/zenaturame.com\/wp-content\/uploads\/2019\/12\/spectrophotometrie.png\",\"contentUrl\":\"https:\/\/zenaturame.com\/wp-content\/uploads\/2019\/12\/spectrophotometrie.png\",\"width\":1057,\"height\":978},{\"@type\":\"BreadcrumbList\",\"@id\":\"https:\/\/zenaturame.com\/index.php\/bilan-par-spectrophotometrie\/#breadcrumb\",\"itemListElement\":[{\"@type\":\"ListItem\",\"position\":1,\"name\":\"Accueil\",\"item\":\"https:\/\/zenaturame.com\/\"},{\"@type\":\"ListItem\",\"position\":2,\"name\":\"Bilan par Spectrophotom\u00e9trie\"}]},{\"@type\":\"WebSite\",\"@id\":\"https:\/\/zenaturame.com\/#website\",\"url\":\"https:\/\/zenaturame.com\/\",\"name\":\"\",\"description\":\"\",\"potentialAction\":[{\"@type\":\"SearchAction\",\"target\":{\"@type\":\"EntryPoint\",\"urlTemplate\":\"https:\/\/zenaturame.com\/?s={search_term_string}\"},\"query-input\":\"required name=search_term_string\"}],\"inLanguage\":\"fr-FR\"}]}<\/script>\n<!-- \/ Yoast SEO plugin. -->","yoast_head_json":{"title":"Bilan par Spectrophotom\u00e9trie -","robots":{"index":"index","follow":"follow","max-snippet":"max-snippet:-1","max-image-preview":"max-image-preview:large","max-video-preview":"max-video-preview:-1"},"canonical":"https:\/\/zenaturame.com\/index.php\/bilan-par-spectrophotometrie\/","og_locale":"fr_FR","og_type":"article","og_title":"Bilan par Spectrophotom\u00e9trie -","og_description":"Qu&#8217;est ce qu&#8217;un bilan par spectrophotom\u00e9trie ? Votre sant\u00e9 La technologie Le fonctionnement Brochure Tarif Qu&#8217;est ce qu&#8217;un bilan par spectrophotom\u00e9trie ? L\u2019OligoChek est con\u00e7u pour faire un bilan pr\u00e9cis d\u2019\u00e9valuation de la biodisponibilit\u00e9 en min\u00e9raux, oligo-\u00e9l\u00e9ments et m\u00e9taux lourds dans les tissus vivants. La mesure se fait sur la peau de la face palmaire [&hellip;]","og_url":"https:\/\/zenaturame.com\/index.php\/bilan-par-spectrophotometrie\/","article_modified_time":"2020-08-04T20:22:55+00:00","og_image":[{"url":"https:\/\/zenaturame.com\/wp-content\/uploads\/2019\/12\/spectrophotometrie-300x278.png"}],"twitter_card":"summary_large_image","twitter_misc":{"Dur\u00e9e de lecture estim\u00e9e":"4 minutes"},"schema":{"@context":"https:\/\/schema.org","@graph":[{"@type":"WebPage","@id":"https:\/\/zenaturame.com\/index.php\/bilan-par-spectrophotometrie\/","url":"https:\/\/zenaturame.com\/index.php\/bilan-par-spectrophotometrie\/","name":"Bilan par Spectrophotom\u00e9trie -","isPartOf":{"@id":"https:\/\/zenaturame.com\/#website"},"primaryImageOfPage":{"@id":"https:\/\/zenaturame.com\/index.php\/bilan-par-spectrophotometrie\/#primaryimage"},"image":{"@id":"https:\/\/zenaturame.com\/index.php\/bilan-par-spectrophotometrie\/#primaryimage"},"thumbnailUrl":"https:\/\/zenaturame.com\/wp-content\/uploads\/2019\/12\/spectrophotometrie-300x278.png","datePublished":"2019-12-08T12:14:04+00:00","dateModified":"2020-08-04T20:22:55+00:00","breadcrumb":{"@id":"https:\/\/zenaturame.com\/index.php\/bilan-par-spectrophotometrie\/#breadcrumb"},"inLanguage":"fr-FR","potentialAction":[{"@type":"ReadAction","target":["https:\/\/zenaturame.com\/index.php\/bilan-par-spectrophotometrie\/"]}]},{"@type":"ImageObject","inLanguage":"fr-FR","@id":"https:\/\/zenaturame.com\/index.php\/bilan-par-spectrophotometrie\/#primaryimage","url":"https:\/\/zenaturame.com\/wp-content\/uploads\/2019\/12\/spectrophotometrie.png","contentUrl":"https:\/\/zenaturame.com\/wp-content\/uploads\/2019\/12\/spectrophotometrie.png","width":1057,"height":978},{"@type":"BreadcrumbList","@id":"https:\/\/zenaturame.com\/index.php\/bilan-par-spectrophotometrie\/#breadcrumb","itemListElement":[{"@type":"ListItem","position":1,"name":"Accueil","item":"https:\/\/zenaturame.com\/"},{"@type":"ListItem","position":2,"name":"Bilan par Spectrophotom\u00e9trie"}]},{"@type":"WebSite","@id":"https:\/\/zenaturame.com\/#website","url":"https:\/\/zenaturame.com\/","name":"","description":"","potentialAction":[{"@type":"SearchAction","target":{"@type":"EntryPoint","urlTemplate":"https:\/\/zenaturame.com\/?s={search_term_string}"},"query-input":"required name=search_term_string"}],"inLanguage":"fr-FR"}]}},"_links":{"self":[{"href":"https:\/\/zenaturame.com\/index.php\/wp-json\/wp\/v2\/pages\/448"}],"collection":[{"href":"https:\/\/zenaturame.com\/index.php\/wp-json\/wp\/v2\/pages"}],"about":[{"href":"https:\/\/zenaturame.com\/index.php\/wp-json\/wp\/v2\/types\/page"}],"author":[{"embeddable":true,"href":"https:\/\/zenaturame.com\/index.php\/wp-json\/wp\/v2\/users\/2"}],"replies":[{"embeddable":true,"href":"https:\/\/zenaturame.com\/index.php\/wp-json\/wp\/v2\/comments?post=448"}],"version-history":[{"count":0,"href":"https:\/\/zenaturame.com\/index.php\/wp-json\/wp\/v2\/pages\/448\/revisions"}],"wp:attachment":[{"href":"https:\/\/zenaturame.com\/index.php\/wp-json\/wp\/v2\/media?parent=448"}],"curies":[{"name":"wp","href":"https:\/\/api.w.org\/{rel}","templated":true}]}}