{"id":564,"date":"2019-12-09T00:24:51","date_gmt":"2019-12-08T23:24:51","guid":{"rendered":"https:\/\/zenaturame.com\/?page_id=564"},"modified":"2022-04-08T17:42:38","modified_gmt":"2022-04-08T15:42:38","slug":"acess-bar","status":"publish","type":"page","link":"https:\/\/zenaturame.com\/index.php\/acess-bar\/","title":{"rendered":"Acess Bar"},"content":{"rendered":"\t\t<div data-elementor-type=\"wp-page\" data-elementor-id=\"564\" class=\"elementor elementor-564\">\n\t\t\t\t\t\t<section class=\"elementor-section elementor-top-section elementor-element elementor-element-1b44ae73 elementor-section-content-top elementor-section-boxed elementor-section-height-default elementor-section-height-default\" data-id=\"1b44ae73\" data-element_type=\"section\" data-settings=\"{&quot;background_background&quot;:&quot;classic&quot;}\">\n\t\t\t\t\t\t\t<div class=\"elementor-background-overlay\"><\/div>\n\t\t\t\t\t\t\t<div class=\"elementor-container elementor-column-gap-wider\">\n\t\t\t\t\t<div class=\"elementor-column elementor-col-100 elementor-top-column elementor-element elementor-element-f83f2ef\" data-id=\"f83f2ef\" data-element_type=\"column\">\n\t\t\t<div class=\"elementor-widget-wrap elementor-element-populated\">\n\t\t\t\t\t\t<div class=\"elementor-element elementor-element-57e5f559 elementor-widget elementor-widget-eael-adv-tabs\" data-id=\"57e5f559\" data-element_type=\"widget\" data-widget_type=\"eael-adv-tabs.default\">\n\t\t\t\t<div class=\"elementor-widget-container\">\n\t\t\t        <div data-scroll-on-click=\"no\" data-scroll-speed=\"300\" id=\"eael-advance-tabs-57e5f559\" class=\"eael-advance-tabs eael-tabs-horizontal eael-tab-auto-active  active-caret-on\" data-tabid=\"57e5f559\">\n            <div class=\"eael-tabs-nav\">\n                <ul class=\"eael-tab-top-icon\" role=\"tablist\">\n                                            <li id=\"quest-ce-que-laccess-bar-\" class=\"inactive eael-tab-item-trigger\" aria-selected=\"true\" data-tab=\"1\" role=\"tab\" tabindex=\"0\" aria-controls=\"quest-ce-que-laccess-bar--tab\" aria-expanded=\"false\">\n                            \n                                                                                                                            \n                            \n                                                            <span class=\"eael-tab-title  title-after-icon\">Qu'est ce que l'access Bar ? <\/span>                                                    <\/li>\n                                            <li id=\"comment-cela-fonctionne-t-il-\" class=\"inactive eael-tab-item-trigger\" aria-selected=\"false\" data-tab=\"2\" role=\"tab\" tabindex=\"-1\" aria-controls=\"comment-cela-fonctionne-t-il--tab\" aria-expanded=\"false\">\n                            \n                                                                                                                            \n                            \n                                                            <span class=\"eael-tab-title  title-after-icon\">Comment cela fonctionne-t-il ? <\/span>                                                    <\/li>\n                                            <li id=\"dans-quel-cas-utiliser-la-mthode-access-bar\" class=\"inactive eael-tab-item-trigger\" aria-selected=\"false\" data-tab=\"3\" role=\"tab\" tabindex=\"-1\" aria-controls=\"dans-quel-cas-utiliser-la-mthode-access-bar-tab\" aria-expanded=\"false\">\n                            \n                                                                                                                            \n                            \n                                                            <span class=\"eael-tab-title  title-after-icon\">Dans quel cas utiliser la m\u00e9thode Access Bar?<\/span>                                                    <\/li>\n                                            <li id=\"les-rsultats-\" class=\"inactive eael-tab-item-trigger\" aria-selected=\"false\" data-tab=\"4\" role=\"tab\" tabindex=\"-1\" aria-controls=\"les-rsultats--tab\" aria-expanded=\"false\">\n                            \n                                                                                                                            \n                            \n                                                            <span class=\"eael-tab-title  title-after-icon\">Les r\u00e9sultats <\/span>                                                    <\/li>\n                                            <li id=\"-br-tarif\" class=\"inactive eael-tab-item-trigger\" aria-selected=\"false\" data-tab=\"5\" role=\"tab\" tabindex=\"-1\" aria-controls=\"-br-tarif-tab\" aria-expanded=\"false\">\n                            \n                                                                                                                            \n                            \n                                                            <span class=\"eael-tab-title  title-after-icon\"> <br> Tarif<\/span>                                                    <\/li>\n                                    <\/ul>\n            <\/div>\n            \n            <div class=\"eael-tabs-content\">\n\t\t        \n                    <div id=\"quest-ce-que-laccess-bar--tab\" class=\"clearfix eael-tab-content-item inactive\" data-title-link=\"quest-ce-que-laccess-bar--tab\">\n\t\t\t\t        \t\t\t\t\t        <p><span style=\"color: #33cccc;\"><u><b>Qu&#8217;est ce que l&#8217;access Bar<\/b><\/u><b> ?<\/b><\/span><\/p><p>Etonnante relaxation cibl\u00e9e qui permet de l\u00e2cher prise et de redonner aux \u00e9motions non pas l\u2019\u00e9nergie du calcul mental mais celui du corps et de la prise de conscience.<\/p><p>Par ses diff\u00e9rentes techniques et passes , l Energ\u00e9ticien pourra transmettre l&#8217;\u00e9nergie donc l&#8217;information pour r\u00e9tablir l&#8217;harmonie, l&#8217;\u00e9quilibre du corps, de l&#8217;esprit et de l&#8217;\u00e2me.<\/p><p><a href=\"https:\/\/zenaturame.com\/wp-content\/uploads\/2019\/12\/access-bar.png\"><img fetchpriority=\"high\" decoding=\"async\" class=\"aligncenter wp-image-575 size-medium\" src=\"https:\/\/zenaturame.com\/wp-content\/uploads\/2019\/12\/access-bar-300x167.png\" alt=\"\" width=\"300\" height=\"167\" srcset=\"https:\/\/zenaturame.com\/wp-content\/uploads\/2019\/12\/access-bar-300x167.png 300w, https:\/\/zenaturame.com\/wp-content\/uploads\/2019\/12\/access-bar-800x445.png 800w, https:\/\/zenaturame.com\/wp-content\/uploads\/2019\/12\/access-bar-768x428.png 768w, https:\/\/zenaturame.com\/wp-content\/uploads\/2019\/12\/access-bar.png 1024w\" sizes=\"(max-width: 300px) 100vw, 300px\" \/><\/a><\/p>\t\t\t\t                            <\/div>\n\t\t        \n                    <div id=\"comment-cela-fonctionne-t-il--tab\" class=\"clearfix eael-tab-content-item inactive\" data-title-link=\"comment-cela-fonctionne-t-il--tab\">\n\t\t\t\t        \t\t\t\t\t        <p>\u00a0<\/p><p><span style=\"color: #33cccc;\"><strong><span style=\"text-decoration: underline;\"><span style=\"color: #33cccc; text-decoration: underline;\">Comment cela fonctionne-t-il<\/span><\/span> ?\u00a0<\/strong><\/span><\/p><p>32 points sur la t\u00eate sont touch\u00e9s en douceur mettant en relation les Bars (activation de points sym\u00e9triques). Une RELAXATION INTENSE lib\u00e8re la charge \u00e9lectromagn\u00e9tique qui maintient en place les pens\u00e9es, consid\u00e9rations, conclusions, attitudes, \u00e9motions et sentiments que vous avez accumul\u00e9s et qui vous limitent dans diff\u00e9rents domaines.<\/p><p>galement des informations anciennes qui peuvent faire barrage \u00e0 la libre circulation. En effet le taux vibratoire peut diminuer sur une zone de notre corps qui est en raisonnance avec l \u00e9nergie n\u00e9gative et donc en lien avec l \u00e9nergie psychique.<\/p>\t\t\t\t                            <\/div>\n\t\t        \n                    <div id=\"dans-quel-cas-utiliser-la-mthode-access-bar-tab\" class=\"clearfix eael-tab-content-item inactive\" data-title-link=\"dans-quel-cas-utiliser-la-mthode-access-bar-tab\">\n\t\t\t\t        \t\t\t\t\t        <p>\u00a0<\/p><p><span style=\"color: #33cccc;\"><strong><span style=\"text-decoration: underline;\"><span style=\"color: #33cccc; text-decoration: underline;\">Dans quel cas utiliser la m\u00e9thode Access Bar <\/span><\/span>? \u200b<\/strong><\/span><\/p><ul><li>\u00a0lorsque des id\u00e9es fixes nous emp\u00eachent d&#8217;avancer dans la vie<\/li><li>\u00a0lorsqu&#8217;on se sent trop \u00e9triqu\u00e9 par des pens\u00e9es limit\u00e9es et que l&#8217;on a besoin d&#8217;espace<\/li><li>\u00a0lorsqu&#8217;on veut s&#8217;\u00e9veiller \u00e0 plus de possibilit\u00e9s et de choix<\/li><li>\u00a0lorsqu&#8217;on veut enfin nettoyer ses anciens sch\u00e9mas : son disque dur\u200b psychique.<\/li><\/ul>\t\t\t\t                            <\/div>\n\t\t        \n                    <div id=\"les-rsultats--tab\" class=\"clearfix eael-tab-content-item inactive\" data-title-link=\"les-rsultats--tab\">\n\t\t\t\t        \t\t\t\t\t        <p><span style=\"color: #33cccc;\"><strong><span style=\"text-decoration: underline;\"><span style=\"color: #33cccc; text-decoration: underline;\">Les r\u00e9sultats <\/span><\/span>? \u200b<\/strong><\/span><\/p><ul><li>\u00a0l\u00e2cher prise imm\u00e9diat incomparable<\/li><li>\u00a0lib\u00e9ration des points de vue limitatifs avec une aisance totale<\/li><li>\u00a0r\u00e9duit stress, inqui\u00e9tude, exc\u00e8s de pens\u00e9es<\/li><li>\u00a0peut aider \u00e0 soulager les douleurs physiques<\/li><li>\u00a0am\u00e9liorer l&#8217;hyperactivit\u00e9 et les probl\u00e8mes d&#8217;attention<\/li><\/ul>\t\t\t\t                            <\/div>\n\t\t        \n                    <div id=\"-br-tarif-tab\" class=\"clearfix eael-tab-content-item inactive\" data-title-link=\"-br-tarif-tab\">\n\t\t\t\t        \t\t\t\t\t        <p>S\u00e9ance d&#8217;une heure : 70 euros<\/p><p>S\u00e9ance de 20 min : 45euros<\/p>\t\t\t\t                            <\/div>\n\t\t                    <\/div>\n        <\/div>\n\t\t<\/div>\n\t\t\t\t<\/div>\n\t\t\t\t\t<\/div>\n\t\t<\/div>\n\t\t\t\t\t<\/div>\n\t\t<\/section>\n\t\t\t\t<\/div>\n\t\t","protected":false},"excerpt":{"rendered":"<p>Qu&#8217;est ce que l&#8217;access Bar ? Comment cela fonctionne-t-il ? Dans quel cas utiliser la m\u00e9thode Access Bar? Les r\u00e9sultats Tarif Qu&#8217;est ce que l&#8217;access Bar ? Etonnante relaxation cibl\u00e9e qui permet de l\u00e2cher prise et de redonner aux \u00e9motions non pas l\u2019\u00e9nergie du calcul mental mais celui du corps et de la prise de [&hellip;]<\/p>\n","protected":false},"author":2,"featured_media":0,"parent":0,"menu_order":0,"comment_status":"closed","ping_status":"closed","template":"","meta":{"_monsterinsights_skip_tracking":false,"_monsterinsights_sitenote_active":false,"_monsterinsights_sitenote_note":"","_monsterinsights_sitenote_category":0,"footnotes":""},"yoast_head":"<!-- This site is optimized with the Yoast SEO plugin v22.7 - https:\/\/yoast.com\/wordpress\/plugins\/seo\/ -->\n<title>Acess Bar -<\/title>\n<meta name=\"robots\" content=\"index, follow, max-snippet:-1, max-image-preview:large, max-video-preview:-1\" \/>\n<link rel=\"canonical\" href=\"https:\/\/zenaturame.com\/index.php\/acess-bar\/\" \/>\n<meta property=\"og:locale\" content=\"fr_FR\" \/>\n<meta property=\"og:type\" content=\"article\" \/>\n<meta property=\"og:title\" content=\"Acess Bar -\" \/>\n<meta property=\"og:description\" content=\"Qu&#8217;est ce que l&#8217;access Bar ? Comment cela fonctionne-t-il ? Dans quel cas utiliser la m\u00e9thode Access Bar? Les r\u00e9sultats Tarif Qu&#8217;est ce que l&#8217;access Bar ? Etonnante relaxation cibl\u00e9e qui permet de l\u00e2cher prise et de redonner aux \u00e9motions non pas l\u2019\u00e9nergie du calcul mental mais celui du corps et de la prise de [&hellip;]\" \/>\n<meta property=\"og:url\" content=\"https:\/\/zenaturame.com\/index.php\/acess-bar\/\" \/>\n<meta property=\"article:modified_time\" content=\"2022-04-08T15:42:38+00:00\" \/>\n<meta property=\"og:image\" content=\"https:\/\/zenaturame.com\/wp-content\/uploads\/2019\/12\/access-bar-300x167.png\" \/>\n<meta name=\"twitter:card\" content=\"summary_large_image\" \/>\n<meta name=\"twitter:label1\" content=\"Dur\u00e9e de lecture estim\u00e9e\" \/>\n\t<meta name=\"twitter:data1\" content=\"2 minutes\" \/>\n<script type=\"application\/ld+json\" class=\"yoast-schema-graph\">{\"@context\":\"https:\/\/schema.org\",\"@graph\":[{\"@type\":\"WebPage\",\"@id\":\"https:\/\/zenaturame.com\/index.php\/acess-bar\/\",\"url\":\"https:\/\/zenaturame.com\/index.php\/acess-bar\/\",\"name\":\"Acess Bar -\",\"isPartOf\":{\"@id\":\"https:\/\/zenaturame.com\/#website\"},\"primaryImageOfPage\":{\"@id\":\"https:\/\/zenaturame.com\/index.php\/acess-bar\/#primaryimage\"},\"image\":{\"@id\":\"https:\/\/zenaturame.com\/index.php\/acess-bar\/#primaryimage\"},\"thumbnailUrl\":\"https:\/\/zenaturame.com\/wp-content\/uploads\/2019\/12\/access-bar-300x167.png\",\"datePublished\":\"2019-12-08T23:24:51+00:00\",\"dateModified\":\"2022-04-08T15:42:38+00:00\",\"breadcrumb\":{\"@id\":\"https:\/\/zenaturame.com\/index.php\/acess-bar\/#breadcrumb\"},\"inLanguage\":\"fr-FR\",\"potentialAction\":[{\"@type\":\"ReadAction\",\"target\":[\"https:\/\/zenaturame.com\/index.php\/acess-bar\/\"]}]},{\"@type\":\"ImageObject\",\"inLanguage\":\"fr-FR\",\"@id\":\"https:\/\/zenaturame.com\/index.php\/acess-bar\/#primaryimage\",\"url\":\"https:\/\/zenaturame.com\/wp-content\/uploads\/2019\/12\/access-bar.png\",\"contentUrl\":\"https:\/\/zenaturame.com\/wp-content\/uploads\/2019\/12\/access-bar.png\",\"width\":1024,\"height\":570},{\"@type\":\"BreadcrumbList\",\"@id\":\"https:\/\/zenaturame.com\/index.php\/acess-bar\/#breadcrumb\",\"itemListElement\":[{\"@type\":\"ListItem\",\"position\":1,\"name\":\"Accueil\",\"item\":\"https:\/\/zenaturame.com\/\"},{\"@type\":\"ListItem\",\"position\":2,\"name\":\"Acess Bar\"}]},{\"@type\":\"WebSite\",\"@id\":\"https:\/\/zenaturame.com\/#website\",\"url\":\"https:\/\/zenaturame.com\/\",\"name\":\"\",\"description\":\"\",\"potentialAction\":[{\"@type\":\"SearchAction\",\"target\":{\"@type\":\"EntryPoint\",\"urlTemplate\":\"https:\/\/zenaturame.com\/?s={search_term_string}\"},\"query-input\":\"required name=search_term_string\"}],\"inLanguage\":\"fr-FR\"}]}<\/script>\n<!-- \/ Yoast SEO plugin. -->","yoast_head_json":{"title":"Acess Bar -","robots":{"index":"index","follow":"follow","max-snippet":"max-snippet:-1","max-image-preview":"max-image-preview:large","max-video-preview":"max-video-preview:-1"},"canonical":"https:\/\/zenaturame.com\/index.php\/acess-bar\/","og_locale":"fr_FR","og_type":"article","og_title":"Acess Bar -","og_description":"Qu&#8217;est ce que l&#8217;access Bar ? Comment cela fonctionne-t-il ? Dans quel cas utiliser la m\u00e9thode Access Bar? Les r\u00e9sultats Tarif Qu&#8217;est ce que l&#8217;access Bar ? Etonnante relaxation cibl\u00e9e qui permet de l\u00e2cher prise et de redonner aux \u00e9motions non pas l\u2019\u00e9nergie du calcul mental mais celui du corps et de la prise de [&hellip;]","og_url":"https:\/\/zenaturame.com\/index.php\/acess-bar\/","article_modified_time":"2022-04-08T15:42:38+00:00","og_image":[{"url":"https:\/\/zenaturame.com\/wp-content\/uploads\/2019\/12\/access-bar-300x167.png"}],"twitter_card":"summary_large_image","twitter_misc":{"Dur\u00e9e de lecture estim\u00e9e":"2 minutes"},"schema":{"@context":"https:\/\/schema.org","@graph":[{"@type":"WebPage","@id":"https:\/\/zenaturame.com\/index.php\/acess-bar\/","url":"https:\/\/zenaturame.com\/index.php\/acess-bar\/","name":"Acess Bar -","isPartOf":{"@id":"https:\/\/zenaturame.com\/#website"},"primaryImageOfPage":{"@id":"https:\/\/zenaturame.com\/index.php\/acess-bar\/#primaryimage"},"image":{"@id":"https:\/\/zenaturame.com\/index.php\/acess-bar\/#primaryimage"},"thumbnailUrl":"https:\/\/zenaturame.com\/wp-content\/uploads\/2019\/12\/access-bar-300x167.png","datePublished":"2019-12-08T23:24:51+00:00","dateModified":"2022-04-08T15:42:38+00:00","breadcrumb":{"@id":"https:\/\/zenaturame.com\/index.php\/acess-bar\/#breadcrumb"},"inLanguage":"fr-FR","potentialAction":[{"@type":"ReadAction","target":["https:\/\/zenaturame.com\/index.php\/acess-bar\/"]}]},{"@type":"ImageObject","inLanguage":"fr-FR","@id":"https:\/\/zenaturame.com\/index.php\/acess-bar\/#primaryimage","url":"https:\/\/zenaturame.com\/wp-content\/uploads\/2019\/12\/access-bar.png","contentUrl":"https:\/\/zenaturame.com\/wp-content\/uploads\/2019\/12\/access-bar.png","width":1024,"height":570},{"@type":"BreadcrumbList","@id":"https:\/\/zenaturame.com\/index.php\/acess-bar\/#breadcrumb","itemListElement":[{"@type":"ListItem","position":1,"name":"Accueil","item":"https:\/\/zenaturame.com\/"},{"@type":"ListItem","position":2,"name":"Acess Bar"}]},{"@type":"WebSite","@id":"https:\/\/zenaturame.com\/#website","url":"https:\/\/zenaturame.com\/","name":"","description":"","potentialAction":[{"@type":"SearchAction","target":{"@type":"EntryPoint","urlTemplate":"https:\/\/zenaturame.com\/?s={search_term_string}"},"query-input":"required name=search_term_string"}],"inLanguage":"fr-FR"}]}},"_links":{"self":[{"href":"https:\/\/zenaturame.com\/index.php\/wp-json\/wp\/v2\/pages\/564"}],"collection":[{"href":"https:\/\/zenaturame.com\/index.php\/wp-json\/wp\/v2\/pages"}],"about":[{"href":"https:\/\/zenaturame.com\/index.php\/wp-json\/wp\/v2\/types\/page"}],"author":[{"embeddable":true,"href":"https:\/\/zenaturame.com\/index.php\/wp-json\/wp\/v2\/users\/2"}],"replies":[{"embeddable":true,"href":"https:\/\/zenaturame.com\/index.php\/wp-json\/wp\/v2\/comments?post=564"}],"version-history":[{"count":0,"href":"https:\/\/zenaturame.com\/index.php\/wp-json\/wp\/v2\/pages\/564\/revisions"}],"wp:attachment":[{"href":"https:\/\/zenaturame.com\/index.php\/wp-json\/wp\/v2\/media?parent=564"}],"curies":[{"name":"wp","href":"https:\/\/api.w.org\/{rel}","templated":true}]}}