{"id":579,"date":"2019-12-09T00:47:56","date_gmt":"2019-12-08T23:47:56","guid":{"rendered":"https:\/\/zenaturame.com\/?page_id=579"},"modified":"2020-08-04T22:22:55","modified_gmt":"2020-08-04T20:22:55","slug":"ateliers-formations","status":"publish","type":"page","link":"https:\/\/zenaturame.com\/index.php\/ateliers-formations\/","title":{"rendered":"Ateliers &#038; Formations"},"content":{"rendered":"\t\t<div data-elementor-type=\"wp-page\" data-elementor-id=\"579\" class=\"elementor elementor-579\">\n\t\t\t\t\t\t<section class=\"elementor-section elementor-top-section elementor-element elementor-element-1d526443 elementor-section-content-top elementor-section-boxed elementor-section-height-default elementor-section-height-default\" data-id=\"1d526443\" data-element_type=\"section\" data-settings=\"{&quot;background_background&quot;:&quot;classic&quot;}\">\n\t\t\t\t\t\t\t<div class=\"elementor-background-overlay\"><\/div>\n\t\t\t\t\t\t\t<div class=\"elementor-container elementor-column-gap-wider\">\n\t\t\t\t\t<div class=\"elementor-column elementor-col-100 elementor-top-column elementor-element elementor-element-29133b4c\" data-id=\"29133b4c\" data-element_type=\"column\">\n\t\t\t<div class=\"elementor-widget-wrap elementor-element-populated\">\n\t\t\t\t\t\t<div class=\"elementor-element elementor-element-7482b33 elementor-widget elementor-widget-text-editor\" data-id=\"7482b33\" data-element_type=\"widget\" data-widget_type=\"text-editor.default\">\n\t\t\t\t<div class=\"elementor-widget-container\">\n\t\t\t\t\t\t\t<p style=\"text-align: center;\">Voici des ateliers et formations que j&#8217;anime.<\/p>\t\t\t\t\t\t<\/div>\n\t\t\t\t<\/div>\n\t\t\t\t<div class=\"elementor-element elementor-element-3a1e8370 elementor-widget elementor-widget-eael-adv-tabs\" data-id=\"3a1e8370\" data-element_type=\"widget\" data-widget_type=\"eael-adv-tabs.default\">\n\t\t\t\t<div class=\"elementor-widget-container\">\n\t\t\t        <div data-scroll-on-click=\"no\" data-scroll-speed=\"300\" id=\"eael-advance-tabs-3a1e8370\" class=\"eael-advance-tabs eael-tabs-horizontal eael-tab-auto-active  active-caret-on\" data-tabid=\"3a1e8370\">\n            <div class=\"eael-tabs-nav\">\n                <ul class=\"eael-tab-inline-icon\" role=\"tablist\">\n                                            <li id=\"cuisine-sante\" class=\"inactive eael-tab-item-trigger\" aria-selected=\"true\" data-tab=\"1\" role=\"tab\" tabindex=\"0\" aria-controls=\"cuisine-sante-tab\" aria-expanded=\"false\">\n                            \n                                                                                                                            \n                                                            <span class=\"eael-tab-title  title-after-icon\">CUISINE SANTE<\/span>                            \n                                                    <\/li>\n                                            <li id=\"chamanisme-relaxation-pleine-conscience\" class=\"inactive eael-tab-item-trigger\" aria-selected=\"false\" data-tab=\"2\" role=\"tab\" tabindex=\"-1\" aria-controls=\"chamanisme-relaxation-pleine-conscience-tab\" aria-expanded=\"false\">\n                            \n                                                                                                                            \n                                                            <span class=\"eael-tab-title  title-after-icon\">CHAMANISME - RELAXATION PLEINE CONSCIENCE<\/span>                            \n                                                    <\/li>\n                                            <li id=\"formation\" class=\"inactive eael-tab-item-trigger\" aria-selected=\"false\" data-tab=\"3\" role=\"tab\" tabindex=\"-1\" aria-controls=\"formation-tab\" aria-expanded=\"false\">\n                            \n                                                                                                                            \n                                                            <span class=\"eael-tab-title  title-after-icon\">FORMATION<\/span>                            \n                                                    <\/li>\n                                    <\/ul>\n            <\/div>\n            \n            <div class=\"eael-tabs-content\">\n\t\t        \n                    <div id=\"cuisine-sante-tab\" class=\"clearfix eael-tab-content-item inactive\" data-title-link=\"cuisine-sante-tab\">\n\t\t\t\t        \t\t\t\t\t        <p><em>* Rencontre entre un chef de cuisine Vegan et une Naturopathe <\/em><\/p><p><em>Savoir pr\u00e9parer des plats en lien avec votre sant\u00e9. S&#8217;adapte \u00e9galement aux personnes soucieuses de leurs \u00e9tats tels que diab\u00e8te, cholesterol, colon irritable, an\u00e9mie, d\u00e9pression , perte de poids etc &#8230;<\/em><\/p><p><img fetchpriority=\"high\" decoding=\"async\" class=\"size-medium wp-image-585 aligncenter\" src=\"https:\/\/zenaturame.com\/wp-content\/uploads\/2019\/12\/atelier1-300x224.png\" alt=\"\" width=\"300\" height=\"224\" srcset=\"https:\/\/zenaturame.com\/wp-content\/uploads\/2019\/12\/atelier1-300x224.png 300w, https:\/\/zenaturame.com\/wp-content\/uploads\/2019\/12\/atelier1.png 640w\" sizes=\"(max-width: 300px) 100vw, 300px\" \/><\/p><p>\u00a0<\/p>\t\t\t\t                            <\/div>\n\t\t        \n                    <div id=\"chamanisme-relaxation-pleine-conscience-tab\" class=\"clearfix eael-tab-content-item inactive\" data-title-link=\"chamanisme-relaxation-pleine-conscience-tab\">\n\t\t\t\t        \t\t\t\t\t        <p>\u00a0<\/p><p><em>* Prendre conscience de ses forces cr\u00e9atrices \u00e0 travers le tambour chamanique , travail en lien avec notre nature profonde. Cet \u00e9tat de pleine conscience , est votre partie la plus subtile en vous m\u00eame. Elle d\u00e9passe nos conditionnements et sch\u00e9mas habituels. Et fait appel aux \u00e9nergies de la nature. Et donc en nous m\u00eame. Elle permet de trouver d autres ressources, jusqu&#8217;ici encore cach\u00e9e. Elle permet de mieux se comprendre et ainsi trouver les bonnes \u00e9nergies pour agir. Comme la respiration et l enracinement par exemple.<\/em><\/p><p><u>* en salle ou en Nature (selon saison) \/ Travail en groupe : <\/u><u>max 5 \u00e0 8 personnes<\/u><\/p><p>\u00a0<\/p><p><img decoding=\"async\" class=\"size-medium wp-image-586 alignleft\" src=\"https:\/\/zenaturame.com\/wp-content\/uploads\/2019\/12\/atelier2-300x210.png\" alt=\"\" width=\"300\" height=\"210\" srcset=\"https:\/\/zenaturame.com\/wp-content\/uploads\/2019\/12\/atelier2-300x210.png 300w, https:\/\/zenaturame.com\/wp-content\/uploads\/2019\/12\/atelier2.png 600w\" sizes=\"(max-width: 300px) 100vw, 300px\" \/> <img decoding=\"async\" class=\" wp-image-587 alignright\" src=\"https:\/\/zenaturame.com\/wp-content\/uploads\/2019\/12\/atelier3-300x284.png\" alt=\"\" width=\"215\" height=\"203\" srcset=\"https:\/\/zenaturame.com\/wp-content\/uploads\/2019\/12\/atelier3-300x284.png 300w, https:\/\/zenaturame.com\/wp-content\/uploads\/2019\/12\/atelier3-800x758.png 800w, https:\/\/zenaturame.com\/wp-content\/uploads\/2019\/12\/atelier3-768x727.png 768w, https:\/\/zenaturame.com\/wp-content\/uploads\/2019\/12\/atelier3.png 960w\" sizes=\"(max-width: 215px) 100vw, 215px\" \/> <img loading=\"lazy\" decoding=\"async\" class=\"size-medium wp-image-588 aligncenter\" src=\"https:\/\/zenaturame.com\/wp-content\/uploads\/2019\/12\/atelier4-300x200.png\" alt=\"\" width=\"300\" height=\"200\" srcset=\"https:\/\/zenaturame.com\/wp-content\/uploads\/2019\/12\/atelier4-300x200.png 300w, https:\/\/zenaturame.com\/wp-content\/uploads\/2019\/12\/atelier4-768x512.png 768w, https:\/\/zenaturame.com\/wp-content\/uploads\/2019\/12\/atelier4.png 800w\" sizes=\"(max-width: 300px) 100vw, 300px\" \/><\/p><p>\u00a0<\/p><p><img loading=\"lazy\" decoding=\"async\" class=\"size-medium wp-image-589 alignleft\" src=\"https:\/\/zenaturame.com\/wp-content\/uploads\/2019\/12\/atelier6-300x225.png\" alt=\"\" width=\"300\" height=\"225\" srcset=\"https:\/\/zenaturame.com\/wp-content\/uploads\/2019\/12\/atelier6-300x225.png 300w, https:\/\/zenaturame.com\/wp-content\/uploads\/2019\/12\/atelier6-800x600.png 800w, https:\/\/zenaturame.com\/wp-content\/uploads\/2019\/12\/atelier6-768x576.png 768w, https:\/\/zenaturame.com\/wp-content\/uploads\/2019\/12\/atelier6.png 960w\" sizes=\"(max-width: 300px) 100vw, 300px\" \/> <img loading=\"lazy\" decoding=\"async\" class=\"wp-image-584 size-medium aligncenter\" src=\"https:\/\/zenaturame.com\/wp-content\/uploads\/2019\/12\/atelie5-300x225.png\" alt=\"\" width=\"300\" height=\"225\" srcset=\"https:\/\/zenaturame.com\/wp-content\/uploads\/2019\/12\/atelie5-300x225.png 300w, https:\/\/zenaturame.com\/wp-content\/uploads\/2019\/12\/atelie5-800x600.png 800w, https:\/\/zenaturame.com\/wp-content\/uploads\/2019\/12\/atelie5-768x576.png 768w, https:\/\/zenaturame.com\/wp-content\/uploads\/2019\/12\/atelie5.png 960w\" sizes=\"(max-width: 300px) 100vw, 300px\" \/><\/p>\t\t\t\t                            <\/div>\n\t\t        \n                    <div id=\"formation-tab\" class=\"clearfix eael-tab-content-item inactive\" data-title-link=\"formation-tab\">\n\t\t\t\t        \t\t\t\t\t        <p><strong>(EN COURS)<\/strong><\/p><p><strong><em>* HYPNOMASSAGE<\/em><\/strong><\/p><p><em>Apprendre \u00e0 mettre en condition une personne pour faire un massage th\u00e9rapeutique avec l&#8217;outil d hypnose et l&#8217;outil massage. Afin de gagner du temps dans la relaxation et de travailler plus facilement les n\u0153uds\u00a0et \u00e9motions \u00e0 travers le corps.<\/em><\/p><p><img loading=\"lazy\" decoding=\"async\" class=\"size-medium wp-image-590 aligncenter\" src=\"https:\/\/zenaturame.com\/wp-content\/uploads\/2019\/12\/atelier7-300x200.png\" alt=\"\" width=\"300\" height=\"200\" srcset=\"https:\/\/zenaturame.com\/wp-content\/uploads\/2019\/12\/atelier7-300x200.png 300w, https:\/\/zenaturame.com\/wp-content\/uploads\/2019\/12\/atelier7-800x533.png 800w, https:\/\/zenaturame.com\/wp-content\/uploads\/2019\/12\/atelier7-1024x683.png 1024w, https:\/\/zenaturame.com\/wp-content\/uploads\/2019\/12\/atelier7-768x512.png 768w, https:\/\/zenaturame.com\/wp-content\/uploads\/2019\/12\/atelier7-1536x1024.png 1536w, https:\/\/zenaturame.com\/wp-content\/uploads\/2019\/12\/atelier7-2048x1366.png 2048w\" sizes=\"(max-width: 300px) 100vw, 300px\" \/><\/p>\t\t\t\t                            <\/div>\n\t\t                    <\/div>\n        <\/div>\n\t\t<\/div>\n\t\t\t\t<\/div>\n\t\t\t\t\t<\/div>\n\t\t<\/div>\n\t\t\t\t\t<\/div>\n\t\t<\/section>\n\t\t\t\t<\/div>\n\t\t","protected":false},"excerpt":{"rendered":"<p>Voici des ateliers et formations que j&#8217;anime. CUISINE SANTE CHAMANISME &#8211; RELAXATION PLEINE CONSCIENCE FORMATION * Rencontre entre un chef de cuisine Vegan et une Naturopathe Savoir pr\u00e9parer des plats en lien avec votre sant\u00e9. S&#8217;adapte \u00e9galement aux personnes soucieuses de leurs \u00e9tats tels que diab\u00e8te, cholesterol, colon irritable, an\u00e9mie, d\u00e9pression , perte de poids [&hellip;]<\/p>\n","protected":false},"author":2,"featured_media":0,"parent":0,"menu_order":0,"comment_status":"closed","ping_status":"closed","template":"","meta":{"_monsterinsights_skip_tracking":false,"_monsterinsights_sitenote_active":false,"_monsterinsights_sitenote_note":"","_monsterinsights_sitenote_category":0,"footnotes":""},"yoast_head":"<!-- This site is optimized with the Yoast SEO plugin v22.7 - https:\/\/yoast.com\/wordpress\/plugins\/seo\/ -->\n<title>Ateliers &amp; Formations -<\/title>\n<meta name=\"robots\" content=\"index, follow, max-snippet:-1, max-image-preview:large, max-video-preview:-1\" \/>\n<link rel=\"canonical\" href=\"https:\/\/zenaturame.com\/index.php\/ateliers-formations\/\" \/>\n<meta property=\"og:locale\" content=\"fr_FR\" \/>\n<meta property=\"og:type\" content=\"article\" \/>\n<meta property=\"og:title\" content=\"Ateliers &amp; Formations -\" \/>\n<meta property=\"og:description\" content=\"Voici des ateliers et formations que j&#8217;anime. CUISINE SANTE CHAMANISME &#8211; RELAXATION PLEINE CONSCIENCE FORMATION * Rencontre entre un chef de cuisine Vegan et une Naturopathe Savoir pr\u00e9parer des plats en lien avec votre sant\u00e9. S&#8217;adapte \u00e9galement aux personnes soucieuses de leurs \u00e9tats tels que diab\u00e8te, cholesterol, colon irritable, an\u00e9mie, d\u00e9pression , perte de poids [&hellip;]\" \/>\n<meta property=\"og:url\" content=\"https:\/\/zenaturame.com\/index.php\/ateliers-formations\/\" \/>\n<meta property=\"article:modified_time\" content=\"2020-08-04T20:22:55+00:00\" \/>\n<meta property=\"og:image\" content=\"https:\/\/zenaturame.com\/wp-content\/uploads\/2019\/12\/atelier1-300x224.png\" \/>\n<meta name=\"twitter:card\" content=\"summary_large_image\" \/>\n<meta name=\"twitter:label1\" content=\"Dur\u00e9e de lecture estim\u00e9e\" \/>\n\t<meta name=\"twitter:data1\" content=\"1 minute\" \/>\n<script type=\"application\/ld+json\" class=\"yoast-schema-graph\">{\"@context\":\"https:\/\/schema.org\",\"@graph\":[{\"@type\":\"WebPage\",\"@id\":\"https:\/\/zenaturame.com\/index.php\/ateliers-formations\/\",\"url\":\"https:\/\/zenaturame.com\/index.php\/ateliers-formations\/\",\"name\":\"Ateliers & Formations -\",\"isPartOf\":{\"@id\":\"https:\/\/zenaturame.com\/#website\"},\"primaryImageOfPage\":{\"@id\":\"https:\/\/zenaturame.com\/index.php\/ateliers-formations\/#primaryimage\"},\"image\":{\"@id\":\"https:\/\/zenaturame.com\/index.php\/ateliers-formations\/#primaryimage\"},\"thumbnailUrl\":\"https:\/\/zenaturame.com\/wp-content\/uploads\/2019\/12\/atelier1-300x224.png\",\"datePublished\":\"2019-12-08T23:47:56+00:00\",\"dateModified\":\"2020-08-04T20:22:55+00:00\",\"breadcrumb\":{\"@id\":\"https:\/\/zenaturame.com\/index.php\/ateliers-formations\/#breadcrumb\"},\"inLanguage\":\"fr-FR\",\"potentialAction\":[{\"@type\":\"ReadAction\",\"target\":[\"https:\/\/zenaturame.com\/index.php\/ateliers-formations\/\"]}]},{\"@type\":\"ImageObject\",\"inLanguage\":\"fr-FR\",\"@id\":\"https:\/\/zenaturame.com\/index.php\/ateliers-formations\/#primaryimage\",\"url\":\"https:\/\/zenaturame.com\/wp-content\/uploads\/2019\/12\/atelier1.png\",\"contentUrl\":\"https:\/\/zenaturame.com\/wp-content\/uploads\/2019\/12\/atelier1.png\",\"width\":640,\"height\":478},{\"@type\":\"BreadcrumbList\",\"@id\":\"https:\/\/zenaturame.com\/index.php\/ateliers-formations\/#breadcrumb\",\"itemListElement\":[{\"@type\":\"ListItem\",\"position\":1,\"name\":\"Accueil\",\"item\":\"https:\/\/zenaturame.com\/\"},{\"@type\":\"ListItem\",\"position\":2,\"name\":\"Ateliers &#038; Formations\"}]},{\"@type\":\"WebSite\",\"@id\":\"https:\/\/zenaturame.com\/#website\",\"url\":\"https:\/\/zenaturame.com\/\",\"name\":\"\",\"description\":\"\",\"potentialAction\":[{\"@type\":\"SearchAction\",\"target\":{\"@type\":\"EntryPoint\",\"urlTemplate\":\"https:\/\/zenaturame.com\/?s={search_term_string}\"},\"query-input\":\"required name=search_term_string\"}],\"inLanguage\":\"fr-FR\"}]}<\/script>\n<!-- \/ Yoast SEO plugin. -->","yoast_head_json":{"title":"Ateliers & Formations -","robots":{"index":"index","follow":"follow","max-snippet":"max-snippet:-1","max-image-preview":"max-image-preview:large","max-video-preview":"max-video-preview:-1"},"canonical":"https:\/\/zenaturame.com\/index.php\/ateliers-formations\/","og_locale":"fr_FR","og_type":"article","og_title":"Ateliers & Formations -","og_description":"Voici des ateliers et formations que j&#8217;anime. CUISINE SANTE CHAMANISME &#8211; RELAXATION PLEINE CONSCIENCE FORMATION * Rencontre entre un chef de cuisine Vegan et une Naturopathe Savoir pr\u00e9parer des plats en lien avec votre sant\u00e9. S&#8217;adapte \u00e9galement aux personnes soucieuses de leurs \u00e9tats tels que diab\u00e8te, cholesterol, colon irritable, an\u00e9mie, d\u00e9pression , perte de poids [&hellip;]","og_url":"https:\/\/zenaturame.com\/index.php\/ateliers-formations\/","article_modified_time":"2020-08-04T20:22:55+00:00","og_image":[{"url":"https:\/\/zenaturame.com\/wp-content\/uploads\/2019\/12\/atelier1-300x224.png"}],"twitter_card":"summary_large_image","twitter_misc":{"Dur\u00e9e de lecture estim\u00e9e":"1 minute"},"schema":{"@context":"https:\/\/schema.org","@graph":[{"@type":"WebPage","@id":"https:\/\/zenaturame.com\/index.php\/ateliers-formations\/","url":"https:\/\/zenaturame.com\/index.php\/ateliers-formations\/","name":"Ateliers & Formations -","isPartOf":{"@id":"https:\/\/zenaturame.com\/#website"},"primaryImageOfPage":{"@id":"https:\/\/zenaturame.com\/index.php\/ateliers-formations\/#primaryimage"},"image":{"@id":"https:\/\/zenaturame.com\/index.php\/ateliers-formations\/#primaryimage"},"thumbnailUrl":"https:\/\/zenaturame.com\/wp-content\/uploads\/2019\/12\/atelier1-300x224.png","datePublished":"2019-12-08T23:47:56+00:00","dateModified":"2020-08-04T20:22:55+00:00","breadcrumb":{"@id":"https:\/\/zenaturame.com\/index.php\/ateliers-formations\/#breadcrumb"},"inLanguage":"fr-FR","potentialAction":[{"@type":"ReadAction","target":["https:\/\/zenaturame.com\/index.php\/ateliers-formations\/"]}]},{"@type":"ImageObject","inLanguage":"fr-FR","@id":"https:\/\/zenaturame.com\/index.php\/ateliers-formations\/#primaryimage","url":"https:\/\/zenaturame.com\/wp-content\/uploads\/2019\/12\/atelier1.png","contentUrl":"https:\/\/zenaturame.com\/wp-content\/uploads\/2019\/12\/atelier1.png","width":640,"height":478},{"@type":"BreadcrumbList","@id":"https:\/\/zenaturame.com\/index.php\/ateliers-formations\/#breadcrumb","itemListElement":[{"@type":"ListItem","position":1,"name":"Accueil","item":"https:\/\/zenaturame.com\/"},{"@type":"ListItem","position":2,"name":"Ateliers &#038; Formations"}]},{"@type":"WebSite","@id":"https:\/\/zenaturame.com\/#website","url":"https:\/\/zenaturame.com\/","name":"","description":"","potentialAction":[{"@type":"SearchAction","target":{"@type":"EntryPoint","urlTemplate":"https:\/\/zenaturame.com\/?s={search_term_string}"},"query-input":"required name=search_term_string"}],"inLanguage":"fr-FR"}]}},"_links":{"self":[{"href":"https:\/\/zenaturame.com\/index.php\/wp-json\/wp\/v2\/pages\/579"}],"collection":[{"href":"https:\/\/zenaturame.com\/index.php\/wp-json\/wp\/v2\/pages"}],"about":[{"href":"https:\/\/zenaturame.com\/index.php\/wp-json\/wp\/v2\/types\/page"}],"author":[{"embeddable":true,"href":"https:\/\/zenaturame.com\/index.php\/wp-json\/wp\/v2\/users\/2"}],"replies":[{"embeddable":true,"href":"https:\/\/zenaturame.com\/index.php\/wp-json\/wp\/v2\/comments?post=579"}],"version-history":[{"count":0,"href":"https:\/\/zenaturame.com\/index.php\/wp-json\/wp\/v2\/pages\/579\/revisions"}],"wp:attachment":[{"href":"https:\/\/zenaturame.com\/index.php\/wp-json\/wp\/v2\/media?parent=579"}],"curies":[{"name":"wp","href":"https:\/\/api.w.org\/{rel}","templated":true}]}}