{"id":599,"date":"2019-12-09T02:08:16","date_gmt":"2019-12-09T01:08:16","guid":{"rendered":"https:\/\/zenaturame.com\/?page_id=599"},"modified":"2020-08-04T22:22:55","modified_gmt":"2020-08-04T20:22:55","slug":"bilan-par-oxymetrie-et-systemes-nerveux","status":"publish","type":"page","link":"https:\/\/zenaturame.com\/index.php\/bilan-par-oxymetrie-et-systemes-nerveux\/","title":{"rendered":"Bilan par oxymetrie et syst\u00e8mes nerveux"},"content":{"rendered":"\t\t<div data-elementor-type=\"wp-page\" data-elementor-id=\"599\" class=\"elementor elementor-599\">\n\t\t\t\t\t\t<section class=\"elementor-section elementor-top-section elementor-element elementor-element-7c200837 elementor-section-content-top elementor-section-boxed elementor-section-height-default elementor-section-height-default\" data-id=\"7c200837\" data-element_type=\"section\" data-settings=\"{&quot;background_background&quot;:&quot;classic&quot;}\">\n\t\t\t\t\t\t\t<div class=\"elementor-background-overlay\"><\/div>\n\t\t\t\t\t\t\t<div class=\"elementor-container elementor-column-gap-wider\">\n\t\t\t\t\t<div class=\"elementor-column elementor-col-100 elementor-top-column elementor-element elementor-element-7f9e7bc8\" data-id=\"7f9e7bc8\" data-element_type=\"column\">\n\t\t\t<div class=\"elementor-widget-wrap elementor-element-populated\">\n\t\t\t\t\t\t<div class=\"elementor-element elementor-element-460cf322 elementor-widget elementor-widget-eael-adv-tabs\" data-id=\"460cf322\" data-element_type=\"widget\" data-widget_type=\"eael-adv-tabs.default\">\n\t\t\t\t<div class=\"elementor-widget-container\">\n\t\t\t        <div data-scroll-on-click=\"no\" data-scroll-speed=\"300\" id=\"eael-advance-tabs-460cf322\" class=\"eael-advance-tabs eael-tabs-horizontal eael-tab-auto-active  active-caret-on\" data-tabid=\"460cf322\">\n            <div class=\"eael-tabs-nav\">\n                <ul class=\"eael-tab-inline-icon\" role=\"tablist\">\n                                            <li id=\"quest-ce-quun-bilan-par-oxymetrie\" class=\"inactive eael-tab-item-trigger\" aria-selected=\"true\" data-tab=\"1\" role=\"tab\" tabindex=\"0\" aria-controls=\"quest-ce-quun-bilan-par-oxymetrie-tab\" aria-expanded=\"false\">\n                            \n                                                                                                                            \n                                                            <span class=\"eael-tab-title  title-after-icon\">Qu'est ce qu'un bilan par oxymetrie<\/span>                            \n                                                    <\/li>\n                                            <li id=\"la-technologie\" class=\"inactive eael-tab-item-trigger\" aria-selected=\"false\" data-tab=\"2\" role=\"tab\" tabindex=\"-1\" aria-controls=\"la-technologie-tab\" aria-expanded=\"false\">\n                            \n                                                                                                                            \n                                                            <span class=\"eael-tab-title  title-after-icon\">La technologie<\/span>                            \n                                                    <\/li>\n                                            <li id=\"le-fonctionnement\" class=\"inactive eael-tab-item-trigger\" aria-selected=\"false\" data-tab=\"3\" role=\"tab\" tabindex=\"-1\" aria-controls=\"le-fonctionnement-tab\" aria-expanded=\"false\">\n                            \n                                                                                                                            \n                                                            <span class=\"eael-tab-title  title-after-icon\">Le fonctionnement<\/span>                            \n                                                    <\/li>\n                                            <li id=\"les-avantages\" class=\"inactive eael-tab-item-trigger\" aria-selected=\"false\" data-tab=\"4\" role=\"tab\" tabindex=\"-1\" aria-controls=\"les-avantages-tab\" aria-expanded=\"false\">\n                            \n                                                                                                                            \n                                                            <span class=\"eael-tab-title  title-after-icon\">Les avantages<\/span>                            \n                                                    <\/li>\n                                            <li id=\"brochure\" class=\"inactive eael-tab-item-trigger\" aria-selected=\"false\" data-tab=\"5\" role=\"tab\" tabindex=\"-1\" aria-controls=\"brochure-tab\" aria-expanded=\"false\">\n                            \n                                                                                                                            \n                                                            <span class=\"eael-tab-title  title-after-icon\">Brochure<\/span>                            \n                                                    <\/li>\n                                            <li id=\"tarif\" class=\"inactive eael-tab-item-trigger\" aria-selected=\"false\" data-tab=\"6\" role=\"tab\" tabindex=\"-1\" aria-controls=\"tarif-tab\" aria-expanded=\"false\">\n                            \n                                                                                                                            \n                                                            <span class=\"eael-tab-title  title-after-icon\">Tarif<\/span>                            \n                                                    <\/li>\n                                    <\/ul>\n            <\/div>\n            \n            <div class=\"eael-tabs-content\">\n\t\t        \n                    <div id=\"quest-ce-quun-bilan-par-oxymetrie-tab\" class=\"clearfix eael-tab-content-item inactive\" data-title-link=\"quest-ce-quun-bilan-par-oxymetrie-tab\">\n\t\t\t\t        \t\t\t\t\t        <p><span style=\"color: #33cccc;\"><u><b>Qu&#8217;est ce qu&#8217;un bilan par oxymetrie ?<\/b><\/u><\/span><\/p><p><strong>Bilan qui mesure le stress aigu et chronique au travers de l\u2019\u00e9quilibre rythmique vital \u00e0 l\u2019aide de 5 indicateurs : le Cardiflex, le Cardistress, le SNA, la coh\u00e9rence cardiaque et l\u2019IRT.<\/strong><\/p><p>Le bilan \u00e9value la coh\u00e9rence cardiaque (variabilit\u00e9 entre 2 battements cardiaque).<\/p><p><strong>* Les algorithmes du CardiFlex <\/strong>se basent principalement sur 2 points de l&#8217;onde de pouls : la systole et la r\u00e9flexion. Ils permettent d&#8217;estimer la souplesse des art\u00e8res.<\/p><p><strong>Le SNA <\/strong>repr\u00e9sente l&#8217;\u00e9quilibre des syst\u00e8mes nerveux sympathique et parasympathique<\/p><p><strong>* CardiStress <\/strong>montre l&#8217;indice de stress et la capacit\u00e9 physiologique d&#8217;y rem\u00e9dier.<\/p><p>Cette estimation est bas\u00e9e sur l&#8217;activit\u00e9 de la coh\u00e9rence cardiaque et le SNA<\/p><p><strong>* L&#8217;IRT <\/strong>est une \u00e9valuation de la saturation de l&#8217;oxyg\u00e8ne dans le sang.<\/p><p><span style=\"color: #33cccc;\"><strong><u>Exemple bilan :<\/u><\/strong><\/span><\/p><p><a href=\"https:\/\/zenaturame.com\/wp-content\/uploads\/2019\/12\/Bilan-par-oxymetrie.png\"><img fetchpriority=\"high\" decoding=\"async\" class=\"aligncenter wp-image-607\" src=\"https:\/\/zenaturame.com\/wp-content\/uploads\/2019\/12\/Bilan-par-oxymetrie-263x300.png\" alt=\"\" width=\"354\" height=\"404\" srcset=\"https:\/\/zenaturame.com\/wp-content\/uploads\/2019\/12\/Bilan-par-oxymetrie-263x300.png 263w, https:\/\/zenaturame.com\/wp-content\/uploads\/2019\/12\/Bilan-par-oxymetrie-800x912.png 800w, https:\/\/zenaturame.com\/wp-content\/uploads\/2019\/12\/Bilan-par-oxymetrie-768x876.png 768w, https:\/\/zenaturame.com\/wp-content\/uploads\/2019\/12\/Bilan-par-oxymetrie.png 813w\" sizes=\"(max-width: 354px) 100vw, 354px\" \/><\/a><\/p><p><a href=\"https:\/\/zenaturame.com\/wp-content\/uploads\/2019\/12\/Bilan-par-oxymetrie-2.png\"><img decoding=\"async\" class=\"aligncenter wp-image-606\" src=\"https:\/\/zenaturame.com\/wp-content\/uploads\/2019\/12\/Bilan-par-oxymetrie-2-300x257.png\" alt=\"\" width=\"352\" height=\"301\" srcset=\"https:\/\/zenaturame.com\/wp-content\/uploads\/2019\/12\/Bilan-par-oxymetrie-2-300x257.png 300w, https:\/\/zenaturame.com\/wp-content\/uploads\/2019\/12\/Bilan-par-oxymetrie-2-768x659.png 768w, https:\/\/zenaturame.com\/wp-content\/uploads\/2019\/12\/Bilan-par-oxymetrie-2.png 790w\" sizes=\"(max-width: 352px) 100vw, 352px\" \/><\/a><\/p>\t\t\t\t                            <\/div>\n\t\t        \n                    <div id=\"la-technologie-tab\" class=\"clearfix eael-tab-content-item inactive\" data-title-link=\"la-technologie-tab\">\n\t\t\t\t        \t\t\t\t\t        <p>\u00a0<\/p><p><span style=\"text-decoration: underline;\"><span style=\"color: #33cccc;\"><strong>L&#8217;Oxym\u00e9trie<\/strong><\/span><\/span><span style=\"color: #33cccc;\"><strong> :<\/strong><\/span><\/p><p>L&#8217;oxym\u00e8tre de pouls permet de mesurer de fa\u00e7on continue la quantit\u00e9 d&#8217;oxyg\u00e8ne qui circule dans les art\u00e8res. On parle de saturation art\u00e9rielle en h\u00e9moglobine (mol\u00e9cule qui transporte l&#8217;oxyg\u00e8ne vers les tissus). Quand l&#8217;h\u00e9moglobine transporte l&#8217;oxyg\u00e8ne, on dit qu&#8217;elle est \u00ab satur\u00e9e en oxyg\u00e8ne \u00bb.<\/p><p>Il est utilis\u00e9 pour mesurer le rythme cardiaque et le taux d&#8217;oxyg\u00e8ne transport\u00e9 par le sang.<\/p><p><span style=\"color: #33cccc;\"><strong>Avantage : c&#8217;est un examen non invasif, car il ne fait appel \u00e0 aucune injection ni aucun pr\u00e9l\u00e8vement sanguin.<\/strong><\/span><\/p>\t\t\t\t                            <\/div>\n\t\t        \n                    <div id=\"le-fonctionnement-tab\" class=\"clearfix eael-tab-content-item inactive\" data-title-link=\"le-fonctionnement-tab\">\n\t\t\t\t        \t\t\t\t\t        <p><span style=\"color: #33cccc;\"><strong><u>Le fonctionnement<\/u> :<\/strong><\/span><\/p><p>Les r\u00e9sultats reposent sur des algorithmes bas\u00e9s sur des mesures physiologiques valid\u00e9es par la communaut\u00e9 scientifiques.<\/p><p>&#8211; Les donn\u00e9es physiologiques du patient sont saisies<\/p><p>&#8211; L&#8217;index du patient est ins\u00e9rer dans l&#8217;oxym\u00e8tre<\/p><p>&#8211; L&#8217;application\u00a0 traite et analyse les donn\u00e9es<\/p><p>&#8211; Les donn\u00e9es sont envoy\u00e9es et conserv\u00e9es sur un serveur s\u00e9curis\u00e9, permettant un suivi des patients<\/p><p>&#8211; Les r\u00e9sultats sont consultables sur l ordinateur<\/p><p><strong style=\"color: #33cccc;\">Ne fait appel \u00e0 aucune injection ni aucun pr\u00e9l\u00e8vement sanguin.<\/strong><\/p>\t\t\t\t                            <\/div>\n\t\t        \n                    <div id=\"les-avantages-tab\" class=\"clearfix eael-tab-content-item inactive\" data-title-link=\"les-avantages-tab\">\n\t\t\t\t        \t\t\t\t\t        <p><span style=\"color: #33cccc;\"><strong><u>Les avantages<\/u><\/strong><strong> :<\/strong><\/span><\/p><p>Une \u00e9valuation du stress<\/p><p>Un moyen d&#8217;\u00e9valuer la souplesse des art\u00e8res<\/p><p>Un bilan complet et personnalis\u00e9 pour optimiser la prise en charge du patient pour un v\u00e9ritable suivi.<\/p>\t\t\t\t                            <\/div>\n\t\t        \n                    <div id=\"brochure-tab\" class=\"clearfix eael-tab-content-item inactive\" data-title-link=\"brochure-tab\">\n\t\t\t\t        \t\t\t\t\t        <p><span style=\"color: #33cccc;\"><strong><span style=\"text-decoration: underline;\">Brochure<\/span> :<\/strong><\/span><\/p><p><div class='w3eden'><!-- WPDM Link Template: Default Template -->\n\n<div class=\"link-template-default card mb-2\">\n    <div class=\"card-body\">\n        <div class=\"media\">\n            <div class=\"mr-3 img-48\"><img decoding=\"async\" class=\"wpdm_icon\" alt=\"Ic\u00f4ne\" src=\"https:\/\/zenaturame.com\/wp-content\/plugins\/download-manager\/assets\/file-type-icons\/pdf.svg\" \/><\/div>\n            <div class=\"media-body\">\n                <h3 class=\"package-title\"><a href='https:\/\/zenaturame.com\/index.php\/download\/bioresonance-recto\/'>Bilan recto<\/a><\/h3>\n                <div class=\"text-muted text-small\"><i class=\"fas fa-copy\"><\/i> 1 fichier\u00b7s <i class=\"fas fa-hdd ml-3\"><\/i> 1.08 MB<\/div>\n            <\/div>\n            <div class=\"ml-3\">\n                <a class='wpdm-download-link download-on-click btn btn-primary ' rel='nofollow' href='#' data-downloadurl=\"https:\/\/zenaturame.com\/index.php\/download\/bioresonance-recto\/?wpdmdl=1171&#038;refresh=69e394a8413901776522408\">T\u00e9l\u00e9charger<\/a>\n            <\/div>\n        <\/div>\n    <\/div>\n<\/div>\n\n<\/div><\/p><p><div class='w3eden'><!-- WPDM Link Template: Default Template -->\n\n<div class=\"link-template-default card mb-2\">\n    <div class=\"card-body\">\n        <div class=\"media\">\n            <div class=\"mr-3 img-48\"><img decoding=\"async\" class=\"wpdm_icon\" alt=\"Ic\u00f4ne\" src=\"https:\/\/zenaturame.com\/wp-content\/plugins\/download-manager\/assets\/file-type-icons\/pdf.svg\" \/><\/div>\n            <div class=\"media-body\">\n                <h3 class=\"package-title\"><a href='https:\/\/zenaturame.com\/index.php\/download\/bilan-verso\/'>Bilan verso<\/a><\/h3>\n                <div class=\"text-muted text-small\"><i class=\"fas fa-copy\"><\/i> 1 fichier\u00b7s <i class=\"fas fa-hdd ml-3\"><\/i> 1.30 MB<\/div>\n            <\/div>\n            <div class=\"ml-3\">\n                <a class='wpdm-download-link download-on-click btn btn-primary ' rel='nofollow' href='#' data-downloadurl=\"https:\/\/zenaturame.com\/index.php\/download\/bilan-verso\/?wpdmdl=1175&#038;refresh=69e394a8448d71776522408\">T\u00e9l\u00e9charger<\/a>\n            <\/div>\n        <\/div>\n    <\/div>\n<\/div>\n\n<\/div><\/p>\t\t\t\t                            <\/div>\n\t\t        \n                    <div id=\"tarif-tab\" class=\"clearfix eael-tab-content-item inactive\" data-title-link=\"tarif-tab\">\n\t\t\t\t        \t\t\t\t\t        <p><span style=\"color: #33cccc;\"><strong><u>Tarif<\/u><\/strong><strong> :<\/strong><\/span><\/p><p>Chaque situation n\u00e9cessite un entretien au pr\u00e9alable pour d\u00e9finir le tarif.<\/p>\t\t\t\t                            <\/div>\n\t\t                    <\/div>\n        <\/div>\n\t\t<\/div>\n\t\t\t\t<\/div>\n\t\t\t\t\t<\/div>\n\t\t<\/div>\n\t\t\t\t\t<\/div>\n\t\t<\/section>\n\t\t\t\t<\/div>\n\t\t","protected":false},"excerpt":{"rendered":"<p>Qu&#8217;est ce qu&#8217;un bilan par oxymetrie La technologie Le fonctionnement Les avantages Brochure Tarif Qu&#8217;est ce qu&#8217;un bilan par oxymetrie ? Bilan qui mesure le stress aigu et chronique au travers de l\u2019\u00e9quilibre rythmique vital \u00e0 l\u2019aide de 5 indicateurs : le Cardiflex, le Cardistress, le SNA, la coh\u00e9rence cardiaque et l\u2019IRT. Le bilan \u00e9value [&hellip;]<\/p>\n","protected":false},"author":2,"featured_media":0,"parent":0,"menu_order":0,"comment_status":"closed","ping_status":"closed","template":"","meta":{"_monsterinsights_skip_tracking":false,"_monsterinsights_sitenote_active":false,"_monsterinsights_sitenote_note":"","_monsterinsights_sitenote_category":0,"footnotes":""},"yoast_head":"<!-- This site is optimized with the Yoast SEO plugin v22.7 - https:\/\/yoast.com\/wordpress\/plugins\/seo\/ -->\n<title>Bilan par oxymetrie et syst\u00e8mes nerveux -<\/title>\n<meta name=\"robots\" content=\"index, follow, max-snippet:-1, max-image-preview:large, max-video-preview:-1\" \/>\n<link rel=\"canonical\" href=\"https:\/\/zenaturame.com\/index.php\/bilan-par-oxymetrie-et-systemes-nerveux\/\" \/>\n<meta property=\"og:locale\" content=\"fr_FR\" \/>\n<meta property=\"og:type\" content=\"article\" \/>\n<meta property=\"og:title\" content=\"Bilan par oxymetrie et syst\u00e8mes nerveux -\" \/>\n<meta property=\"og:description\" content=\"Qu&#8217;est ce qu&#8217;un bilan par oxymetrie La technologie Le fonctionnement Les avantages Brochure Tarif Qu&#8217;est ce qu&#8217;un bilan par oxymetrie ? Bilan qui mesure le stress aigu et chronique au travers de l\u2019\u00e9quilibre rythmique vital \u00e0 l\u2019aide de 5 indicateurs : le Cardiflex, le Cardistress, le SNA, la coh\u00e9rence cardiaque et l\u2019IRT. Le bilan \u00e9value [&hellip;]\" \/>\n<meta property=\"og:url\" content=\"https:\/\/zenaturame.com\/index.php\/bilan-par-oxymetrie-et-systemes-nerveux\/\" \/>\n<meta property=\"article:modified_time\" content=\"2020-08-04T20:22:55+00:00\" \/>\n<meta property=\"og:image\" content=\"https:\/\/zenaturame.com\/wp-content\/uploads\/2019\/12\/Bilan-par-oxymetrie-263x300.png\" \/>\n<meta name=\"twitter:card\" content=\"summary_large_image\" \/>\n<meta name=\"twitter:label1\" content=\"Dur\u00e9e de lecture estim\u00e9e\" \/>\n\t<meta name=\"twitter:data1\" content=\"2 minutes\" \/>\n<script type=\"application\/ld+json\" class=\"yoast-schema-graph\">{\"@context\":\"https:\/\/schema.org\",\"@graph\":[{\"@type\":\"WebPage\",\"@id\":\"https:\/\/zenaturame.com\/index.php\/bilan-par-oxymetrie-et-systemes-nerveux\/\",\"url\":\"https:\/\/zenaturame.com\/index.php\/bilan-par-oxymetrie-et-systemes-nerveux\/\",\"name\":\"Bilan par oxymetrie et syst\u00e8mes nerveux -\",\"isPartOf\":{\"@id\":\"https:\/\/zenaturame.com\/#website\"},\"primaryImageOfPage\":{\"@id\":\"https:\/\/zenaturame.com\/index.php\/bilan-par-oxymetrie-et-systemes-nerveux\/#primaryimage\"},\"image\":{\"@id\":\"https:\/\/zenaturame.com\/index.php\/bilan-par-oxymetrie-et-systemes-nerveux\/#primaryimage\"},\"thumbnailUrl\":\"https:\/\/zenaturame.com\/wp-content\/uploads\/2019\/12\/Bilan-par-oxymetrie-263x300.png\",\"datePublished\":\"2019-12-09T01:08:16+00:00\",\"dateModified\":\"2020-08-04T20:22:55+00:00\",\"breadcrumb\":{\"@id\":\"https:\/\/zenaturame.com\/index.php\/bilan-par-oxymetrie-et-systemes-nerveux\/#breadcrumb\"},\"inLanguage\":\"fr-FR\",\"potentialAction\":[{\"@type\":\"ReadAction\",\"target\":[\"https:\/\/zenaturame.com\/index.php\/bilan-par-oxymetrie-et-systemes-nerveux\/\"]}]},{\"@type\":\"ImageObject\",\"inLanguage\":\"fr-FR\",\"@id\":\"https:\/\/zenaturame.com\/index.php\/bilan-par-oxymetrie-et-systemes-nerveux\/#primaryimage\",\"url\":\"https:\/\/zenaturame.com\/wp-content\/uploads\/2019\/12\/Bilan-par-oxymetrie.png\",\"contentUrl\":\"https:\/\/zenaturame.com\/wp-content\/uploads\/2019\/12\/Bilan-par-oxymetrie.png\",\"width\":813,\"height\":927},{\"@type\":\"BreadcrumbList\",\"@id\":\"https:\/\/zenaturame.com\/index.php\/bilan-par-oxymetrie-et-systemes-nerveux\/#breadcrumb\",\"itemListElement\":[{\"@type\":\"ListItem\",\"position\":1,\"name\":\"Accueil\",\"item\":\"https:\/\/zenaturame.com\/\"},{\"@type\":\"ListItem\",\"position\":2,\"name\":\"Bilan par oxymetrie et syst\u00e8mes nerveux\"}]},{\"@type\":\"WebSite\",\"@id\":\"https:\/\/zenaturame.com\/#website\",\"url\":\"https:\/\/zenaturame.com\/\",\"name\":\"\",\"description\":\"\",\"potentialAction\":[{\"@type\":\"SearchAction\",\"target\":{\"@type\":\"EntryPoint\",\"urlTemplate\":\"https:\/\/zenaturame.com\/?s={search_term_string}\"},\"query-input\":\"required name=search_term_string\"}],\"inLanguage\":\"fr-FR\"}]}<\/script>\n<!-- \/ Yoast SEO plugin. -->","yoast_head_json":{"title":"Bilan par oxymetrie et syst\u00e8mes nerveux -","robots":{"index":"index","follow":"follow","max-snippet":"max-snippet:-1","max-image-preview":"max-image-preview:large","max-video-preview":"max-video-preview:-1"},"canonical":"https:\/\/zenaturame.com\/index.php\/bilan-par-oxymetrie-et-systemes-nerveux\/","og_locale":"fr_FR","og_type":"article","og_title":"Bilan par oxymetrie et syst\u00e8mes nerveux -","og_description":"Qu&#8217;est ce qu&#8217;un bilan par oxymetrie La technologie Le fonctionnement Les avantages Brochure Tarif Qu&#8217;est ce qu&#8217;un bilan par oxymetrie ? Bilan qui mesure le stress aigu et chronique au travers de l\u2019\u00e9quilibre rythmique vital \u00e0 l\u2019aide de 5 indicateurs : le Cardiflex, le Cardistress, le SNA, la coh\u00e9rence cardiaque et l\u2019IRT. Le bilan \u00e9value [&hellip;]","og_url":"https:\/\/zenaturame.com\/index.php\/bilan-par-oxymetrie-et-systemes-nerveux\/","article_modified_time":"2020-08-04T20:22:55+00:00","og_image":[{"url":"https:\/\/zenaturame.com\/wp-content\/uploads\/2019\/12\/Bilan-par-oxymetrie-263x300.png"}],"twitter_card":"summary_large_image","twitter_misc":{"Dur\u00e9e de lecture estim\u00e9e":"2 minutes"},"schema":{"@context":"https:\/\/schema.org","@graph":[{"@type":"WebPage","@id":"https:\/\/zenaturame.com\/index.php\/bilan-par-oxymetrie-et-systemes-nerveux\/","url":"https:\/\/zenaturame.com\/index.php\/bilan-par-oxymetrie-et-systemes-nerveux\/","name":"Bilan par oxymetrie et syst\u00e8mes nerveux -","isPartOf":{"@id":"https:\/\/zenaturame.com\/#website"},"primaryImageOfPage":{"@id":"https:\/\/zenaturame.com\/index.php\/bilan-par-oxymetrie-et-systemes-nerveux\/#primaryimage"},"image":{"@id":"https:\/\/zenaturame.com\/index.php\/bilan-par-oxymetrie-et-systemes-nerveux\/#primaryimage"},"thumbnailUrl":"https:\/\/zenaturame.com\/wp-content\/uploads\/2019\/12\/Bilan-par-oxymetrie-263x300.png","datePublished":"2019-12-09T01:08:16+00:00","dateModified":"2020-08-04T20:22:55+00:00","breadcrumb":{"@id":"https:\/\/zenaturame.com\/index.php\/bilan-par-oxymetrie-et-systemes-nerveux\/#breadcrumb"},"inLanguage":"fr-FR","potentialAction":[{"@type":"ReadAction","target":["https:\/\/zenaturame.com\/index.php\/bilan-par-oxymetrie-et-systemes-nerveux\/"]}]},{"@type":"ImageObject","inLanguage":"fr-FR","@id":"https:\/\/zenaturame.com\/index.php\/bilan-par-oxymetrie-et-systemes-nerveux\/#primaryimage","url":"https:\/\/zenaturame.com\/wp-content\/uploads\/2019\/12\/Bilan-par-oxymetrie.png","contentUrl":"https:\/\/zenaturame.com\/wp-content\/uploads\/2019\/12\/Bilan-par-oxymetrie.png","width":813,"height":927},{"@type":"BreadcrumbList","@id":"https:\/\/zenaturame.com\/index.php\/bilan-par-oxymetrie-et-systemes-nerveux\/#breadcrumb","itemListElement":[{"@type":"ListItem","position":1,"name":"Accueil","item":"https:\/\/zenaturame.com\/"},{"@type":"ListItem","position":2,"name":"Bilan par oxymetrie et syst\u00e8mes nerveux"}]},{"@type":"WebSite","@id":"https:\/\/zenaturame.com\/#website","url":"https:\/\/zenaturame.com\/","name":"","description":"","potentialAction":[{"@type":"SearchAction","target":{"@type":"EntryPoint","urlTemplate":"https:\/\/zenaturame.com\/?s={search_term_string}"},"query-input":"required name=search_term_string"}],"inLanguage":"fr-FR"}]}},"_links":{"self":[{"href":"https:\/\/zenaturame.com\/index.php\/wp-json\/wp\/v2\/pages\/599"}],"collection":[{"href":"https:\/\/zenaturame.com\/index.php\/wp-json\/wp\/v2\/pages"}],"about":[{"href":"https:\/\/zenaturame.com\/index.php\/wp-json\/wp\/v2\/types\/page"}],"author":[{"embeddable":true,"href":"https:\/\/zenaturame.com\/index.php\/wp-json\/wp\/v2\/users\/2"}],"replies":[{"embeddable":true,"href":"https:\/\/zenaturame.com\/index.php\/wp-json\/wp\/v2\/comments?post=599"}],"version-history":[{"count":0,"href":"https:\/\/zenaturame.com\/index.php\/wp-json\/wp\/v2\/pages\/599\/revisions"}],"wp:attachment":[{"href":"https:\/\/zenaturame.com\/index.php\/wp-json\/wp\/v2\/media?parent=599"}],"curies":[{"name":"wp","href":"https:\/\/api.w.org\/{rel}","templated":true}]}}