{"id":613,"date":"2019-12-09T02:21:06","date_gmt":"2019-12-09T01:21:06","guid":{"rendered":"https:\/\/zenaturame.com\/?page_id=613"},"modified":"2020-08-04T22:23:40","modified_gmt":"2020-08-04T20:23:40","slug":"massage-metamorphique","status":"publish","type":"page","link":"https:\/\/zenaturame.com\/index.php\/massage-metamorphique\/","title":{"rendered":"Massage m\u00e9tamorphique"},"content":{"rendered":"\t\t<div data-elementor-type=\"wp-page\" data-elementor-id=\"613\" class=\"elementor elementor-613\">\n\t\t\t\t\t\t<section class=\"elementor-section elementor-top-section elementor-element elementor-element-32860057 elementor-section-content-top elementor-section-boxed elementor-section-height-default elementor-section-height-default\" data-id=\"32860057\" data-element_type=\"section\" data-settings=\"{&quot;background_background&quot;:&quot;classic&quot;}\">\n\t\t\t\t\t\t\t<div class=\"elementor-background-overlay\"><\/div>\n\t\t\t\t\t\t\t<div class=\"elementor-container elementor-column-gap-wider\">\n\t\t\t\t\t<div class=\"elementor-column elementor-col-100 elementor-top-column elementor-element elementor-element-6c7e69a1\" data-id=\"6c7e69a1\" data-element_type=\"column\">\n\t\t\t<div class=\"elementor-widget-wrap elementor-element-populated\">\n\t\t\t\t\t\t<div class=\"elementor-element elementor-element-413ffab elementor-widget elementor-widget-eael-adv-tabs\" data-id=\"413ffab\" data-element_type=\"widget\" data-widget_type=\"eael-adv-tabs.default\">\n\t\t\t\t<div class=\"elementor-widget-container\">\n\t\t\t        <div data-scroll-on-click=\"no\" data-scroll-speed=\"300\" id=\"eael-advance-tabs-413ffab\" class=\"eael-advance-tabs eael-tabs-horizontal eael-tab-auto-active  active-caret-on\" data-tabid=\"413ffab\">\n            <div class=\"eael-tabs-nav\">\n                <ul class=\"eael-tab-inline-icon\" role=\"tablist\">\n                                            <li id=\"quest-ce-que-le-massage-mtamorphique-\" class=\"inactive eael-tab-item-trigger\" aria-selected=\"true\" data-tab=\"1\" role=\"tab\" tabindex=\"0\" aria-controls=\"quest-ce-que-le-massage-mtamorphique--tab\" aria-expanded=\"false\">\n                            \n                                                                                                                            \n                                                            <span class=\"eael-tab-title  title-after-icon\">Qu'est ce que le massage m\u00e9tamorphique ?<\/span>                            \n                                                    <\/li>\n                                            <li id=\"usages-thrapeutique\" class=\"inactive eael-tab-item-trigger\" aria-selected=\"false\" data-tab=\"2\" role=\"tab\" tabindex=\"-1\" aria-controls=\"usages-thrapeutique-tab\" aria-expanded=\"false\">\n                            \n                                                                                                                            \n                                                            <span class=\"eael-tab-title  title-after-icon\">Usages th\u00e9rapeutique<\/span>                            \n                                                    <\/li>\n                                            <li id=\"tarif\" class=\"inactive eael-tab-item-trigger\" aria-selected=\"false\" data-tab=\"3\" role=\"tab\" tabindex=\"-1\" aria-controls=\"tarif-tab\" aria-expanded=\"false\">\n                            \n                                                                                                                            \n                                                            <span class=\"eael-tab-title  title-after-icon\">Tarif<\/span>                            \n                                                    <\/li>\n                                    <\/ul>\n            <\/div>\n            \n            <div class=\"eael-tabs-content\">\n\t\t        \n                    <div id=\"quest-ce-que-le-massage-mtamorphique--tab\" class=\"clearfix eael-tab-content-item inactive\" data-title-link=\"quest-ce-que-le-massage-mtamorphique--tab\">\n\t\t\t\t        \t\t\t\t\t        <p><span style=\"color: #33cccc;\"><strong><u>Qu&#8217;est ce que le massage m\u00e9tamorphique<\/u> ?<\/strong><\/span><\/p><p>Le massage m\u00e9tamorphique. solutions naturelles! Technique de soin holistique visant \u00e0 reconnecter l&#8217;individu \u00e0 sa p\u00e9riode pr\u00e9natale et permettre d&#8217;en lib\u00e9rer les blocages et le potentiel. 5000 \u00e0 7000 ans av.-JC, tir\u00e9 de la r\u00e9flexologie.<\/p><p>Il permet la reconnexion avec la force de vie pr\u00e9sente en chacun. La technique de m\u00e9tamorphose permet une harmonisation \u00e9nerg\u00e9tique et une lib\u00e9ration des m\u00e9moires cellulaires.<\/p><p><a href=\"https:\/\/zenaturame.com\/wp-content\/uploads\/2019\/12\/massage-metamorphique.png\"><img fetchpriority=\"high\" decoding=\"async\" class=\"aligncenter wp-image-619\" src=\"https:\/\/zenaturame.com\/wp-content\/uploads\/2019\/12\/massage-metamorphique-300x185.png\" alt=\"\" width=\"377\" height=\"232\" srcset=\"https:\/\/zenaturame.com\/wp-content\/uploads\/2019\/12\/massage-metamorphique-300x185.png 300w, https:\/\/zenaturame.com\/wp-content\/uploads\/2019\/12\/massage-metamorphique.png 499w\" sizes=\"(max-width: 377px) 100vw, 377px\" \/><\/a><\/p><p>C\u2019est un massage tr\u00e8s doux des pieds, des mains et de la t\u00eate \u00e9labor\u00e9 par Robert Saint John, un r\u00e9flexologue et naturopathe britannique qui s\u2019occupait d\u2019enfants autistes et trisomiques dans les ann\u00e9es 1960.<\/p><p>Il a constat\u00e9 que le massage des pieds leur amenait un ind\u00e9niable mieux-\u00eatre, comme si cela les lib\u00e9rait sur les plans psychique et physique.<\/p><p>\u00a0Il a alors fait le lien entre ses observations et celles de la m\u00e9decine chinoise sur les influences pr\u00e9natales de la m\u00e8re sur le f\u0153tus. Il a d\u00e9couvert qu\u2019on pouvait cr\u00e9er des changements favorables et consid\u00e9rables en exer\u00e7ant un l\u00e9ger toucher sur l\u2019arcade osseuse int\u00e9rieure du pied. C\u2019est l\u00e0 que sont inscrits les neuf mois de vie intra-ut\u00e9rine, ceux pendant lesquels les structures physiques, mentales et \u00e9motionnelles se mettent en place. Il a ensuite d\u00e9velopp\u00e9 le m\u00eame sch\u00e9ma pour les mains et la t\u00eate.<\/p><p><strong>En nous reconnectant \u00e0 notre p\u00e9riode pr\u00e9natale et en travaillant sur les plans physique et subtil, le massage vise \u00e0 nous \u00abnettoyer\u00bb de nos anciennes m\u00e9moires, de notre histoire, de ce qui a fa\u00e7onn\u00e9 notre personnalit\u00e9 et nous a bloqu\u00e9s au point d\u2019en devenir parfois malades.<\/strong><\/p><p><strong>Il n&#8217;est pas possible de savoir exactement \u00e0 l&#8217;avance ce qu&#8217;il va apporter. Il y a d&#8217;abord une d\u00e9tente profonde qui va progressivement lib\u00e9rer des souvenirs douloureux, des malaises physiques, des souffrances affectives&#8230;<\/strong><\/p><p><strong>Des transformations se produisent et les vieux sch\u00e9mas c\u00e8dent avec plus ou moins de rapidit\u00e9 en fonction de ce que chacun est pr\u00eat \u00e0 vivre.<\/strong><\/p><p style=\"text-align: center;\"><span style=\"color: #33cccc;\"><strong>Il y a un r\u00e9\u00e9quilibrage, une harmonisation en soi qui m\u00e8nent \u00e0 plus de confiance, de force et de s\u00e9r\u00e9nit\u00e9<\/strong><\/span><\/p><p><img decoding=\"async\" class=\"size-medium wp-image-618 aligncenter\" src=\"https:\/\/zenaturame.com\/wp-content\/uploads\/2019\/12\/massage-metamorphique-2-300x281.png\" alt=\"\" width=\"300\" height=\"281\" srcset=\"https:\/\/zenaturame.com\/wp-content\/uploads\/2019\/12\/massage-metamorphique-2-300x281.png 300w, https:\/\/zenaturame.com\/wp-content\/uploads\/2019\/12\/massage-metamorphique-2.png 358w\" sizes=\"(max-width: 300px) 100vw, 300px\" \/><\/p>\t\t\t\t                            <\/div>\n\t\t        \n                    <div id=\"usages-thrapeutique-tab\" class=\"clearfix eael-tab-content-item inactive\" data-title-link=\"usages-thrapeutique-tab\">\n\t\t\t\t        \t\t\t\t\t        <p><span style=\"color: #33cccc;\"><strong><span style=\"text-decoration: underline;\">Usages th\u00e9rapeutique<\/span> ?<\/strong><\/span><\/p><p>Les bienfaits sont multiples et pour tous ! Quelque soit l&#8217;\u00e2ge, la condition physique et psychique, le Massage M\u00e9tamorphique est un processus de bien-\u00eatre, de reconnexion \u00e0 la meilleure version de soi-m\u00eame.<\/p><p>Il est donc recommand\u00e9 \u00e0 tous y compris aux femmes enceintes, b\u00e9b\u00e9s, enfants, seniors, personnes atteintes d&#8217;Alzheimer, personnes en situation de handicap, autisme, trisomie 21&#8230;<\/p>\t\t\t\t                            <\/div>\n\t\t        \n                    <div id=\"tarif-tab\" class=\"clearfix eael-tab-content-item inactive\" data-title-link=\"tarif-tab\">\n\t\t\t\t        \t\t\t\t\t        <p>1h:00 : 70 euros<\/p>\t\t\t\t                            <\/div>\n\t\t                    <\/div>\n        <\/div>\n\t\t<\/div>\n\t\t\t\t<\/div>\n\t\t\t\t\t<\/div>\n\t\t<\/div>\n\t\t\t\t\t<\/div>\n\t\t<\/section>\n\t\t\t\t<\/div>\n\t\t","protected":false},"excerpt":{"rendered":"<p>Qu&#8217;est ce que le massage m\u00e9tamorphique ? Usages th\u00e9rapeutique Tarif Qu&#8217;est ce que le massage m\u00e9tamorphique ? Le massage m\u00e9tamorphique. solutions naturelles! Technique de soin holistique visant \u00e0 reconnecter l&#8217;individu \u00e0 sa p\u00e9riode pr\u00e9natale et permettre d&#8217;en lib\u00e9rer les blocages et le potentiel. 5000 \u00e0 7000 ans av.-JC, tir\u00e9 de la r\u00e9flexologie. Il permet la [&hellip;]<\/p>\n","protected":false},"author":2,"featured_media":0,"parent":0,"menu_order":0,"comment_status":"closed","ping_status":"closed","template":"","meta":{"_monsterinsights_skip_tracking":false,"_monsterinsights_sitenote_active":false,"_monsterinsights_sitenote_note":"","_monsterinsights_sitenote_category":0,"footnotes":""},"yoast_head":"<!-- This site is optimized with the Yoast SEO plugin v22.7 - https:\/\/yoast.com\/wordpress\/plugins\/seo\/ -->\n<title>Massage m\u00e9tamorphique -<\/title>\n<meta name=\"robots\" content=\"index, follow, max-snippet:-1, max-image-preview:large, max-video-preview:-1\" \/>\n<link rel=\"canonical\" href=\"https:\/\/zenaturame.com\/index.php\/massage-metamorphique\/\" \/>\n<meta property=\"og:locale\" content=\"fr_FR\" \/>\n<meta property=\"og:type\" content=\"article\" \/>\n<meta property=\"og:title\" content=\"Massage m\u00e9tamorphique -\" \/>\n<meta property=\"og:description\" content=\"Qu&#8217;est ce que le massage m\u00e9tamorphique ? Usages th\u00e9rapeutique Tarif Qu&#8217;est ce que le massage m\u00e9tamorphique ? Le massage m\u00e9tamorphique. solutions naturelles! Technique de soin holistique visant \u00e0 reconnecter l&#8217;individu \u00e0 sa p\u00e9riode pr\u00e9natale et permettre d&#8217;en lib\u00e9rer les blocages et le potentiel. 5000 \u00e0 7000 ans av.-JC, tir\u00e9 de la r\u00e9flexologie. Il permet la [&hellip;]\" \/>\n<meta property=\"og:url\" content=\"https:\/\/zenaturame.com\/index.php\/massage-metamorphique\/\" \/>\n<meta property=\"article:modified_time\" content=\"2020-08-04T20:23:40+00:00\" \/>\n<meta property=\"og:image\" content=\"https:\/\/zenaturame.com\/wp-content\/uploads\/2019\/12\/massage-metamorphique-300x185.png\" \/>\n<meta name=\"twitter:card\" content=\"summary_large_image\" \/>\n<meta name=\"twitter:label1\" content=\"Dur\u00e9e de lecture estim\u00e9e\" \/>\n\t<meta name=\"twitter:data1\" content=\"2 minutes\" \/>\n<script type=\"application\/ld+json\" class=\"yoast-schema-graph\">{\"@context\":\"https:\/\/schema.org\",\"@graph\":[{\"@type\":\"WebPage\",\"@id\":\"https:\/\/zenaturame.com\/index.php\/massage-metamorphique\/\",\"url\":\"https:\/\/zenaturame.com\/index.php\/massage-metamorphique\/\",\"name\":\"Massage m\u00e9tamorphique -\",\"isPartOf\":{\"@id\":\"https:\/\/zenaturame.com\/#website\"},\"primaryImageOfPage\":{\"@id\":\"https:\/\/zenaturame.com\/index.php\/massage-metamorphique\/#primaryimage\"},\"image\":{\"@id\":\"https:\/\/zenaturame.com\/index.php\/massage-metamorphique\/#primaryimage\"},\"thumbnailUrl\":\"https:\/\/zenaturame.com\/wp-content\/uploads\/2019\/12\/massage-metamorphique-300x185.png\",\"datePublished\":\"2019-12-09T01:21:06+00:00\",\"dateModified\":\"2020-08-04T20:23:40+00:00\",\"breadcrumb\":{\"@id\":\"https:\/\/zenaturame.com\/index.php\/massage-metamorphique\/#breadcrumb\"},\"inLanguage\":\"fr-FR\",\"potentialAction\":[{\"@type\":\"ReadAction\",\"target\":[\"https:\/\/zenaturame.com\/index.php\/massage-metamorphique\/\"]}]},{\"@type\":\"ImageObject\",\"inLanguage\":\"fr-FR\",\"@id\":\"https:\/\/zenaturame.com\/index.php\/massage-metamorphique\/#primaryimage\",\"url\":\"https:\/\/zenaturame.com\/wp-content\/uploads\/2019\/12\/massage-metamorphique.png\",\"contentUrl\":\"https:\/\/zenaturame.com\/wp-content\/uploads\/2019\/12\/massage-metamorphique.png\",\"width\":499,\"height\":307},{\"@type\":\"BreadcrumbList\",\"@id\":\"https:\/\/zenaturame.com\/index.php\/massage-metamorphique\/#breadcrumb\",\"itemListElement\":[{\"@type\":\"ListItem\",\"position\":1,\"name\":\"Accueil\",\"item\":\"https:\/\/zenaturame.com\/\"},{\"@type\":\"ListItem\",\"position\":2,\"name\":\"Massage m\u00e9tamorphique\"}]},{\"@type\":\"WebSite\",\"@id\":\"https:\/\/zenaturame.com\/#website\",\"url\":\"https:\/\/zenaturame.com\/\",\"name\":\"\",\"description\":\"\",\"potentialAction\":[{\"@type\":\"SearchAction\",\"target\":{\"@type\":\"EntryPoint\",\"urlTemplate\":\"https:\/\/zenaturame.com\/?s={search_term_string}\"},\"query-input\":\"required name=search_term_string\"}],\"inLanguage\":\"fr-FR\"}]}<\/script>\n<!-- \/ Yoast SEO plugin. -->","yoast_head_json":{"title":"Massage m\u00e9tamorphique -","robots":{"index":"index","follow":"follow","max-snippet":"max-snippet:-1","max-image-preview":"max-image-preview:large","max-video-preview":"max-video-preview:-1"},"canonical":"https:\/\/zenaturame.com\/index.php\/massage-metamorphique\/","og_locale":"fr_FR","og_type":"article","og_title":"Massage m\u00e9tamorphique -","og_description":"Qu&#8217;est ce que le massage m\u00e9tamorphique ? Usages th\u00e9rapeutique Tarif Qu&#8217;est ce que le massage m\u00e9tamorphique ? Le massage m\u00e9tamorphique. solutions naturelles! Technique de soin holistique visant \u00e0 reconnecter l&#8217;individu \u00e0 sa p\u00e9riode pr\u00e9natale et permettre d&#8217;en lib\u00e9rer les blocages et le potentiel. 5000 \u00e0 7000 ans av.-JC, tir\u00e9 de la r\u00e9flexologie. Il permet la [&hellip;]","og_url":"https:\/\/zenaturame.com\/index.php\/massage-metamorphique\/","article_modified_time":"2020-08-04T20:23:40+00:00","og_image":[{"url":"https:\/\/zenaturame.com\/wp-content\/uploads\/2019\/12\/massage-metamorphique-300x185.png"}],"twitter_card":"summary_large_image","twitter_misc":{"Dur\u00e9e de lecture estim\u00e9e":"2 minutes"},"schema":{"@context":"https:\/\/schema.org","@graph":[{"@type":"WebPage","@id":"https:\/\/zenaturame.com\/index.php\/massage-metamorphique\/","url":"https:\/\/zenaturame.com\/index.php\/massage-metamorphique\/","name":"Massage m\u00e9tamorphique -","isPartOf":{"@id":"https:\/\/zenaturame.com\/#website"},"primaryImageOfPage":{"@id":"https:\/\/zenaturame.com\/index.php\/massage-metamorphique\/#primaryimage"},"image":{"@id":"https:\/\/zenaturame.com\/index.php\/massage-metamorphique\/#primaryimage"},"thumbnailUrl":"https:\/\/zenaturame.com\/wp-content\/uploads\/2019\/12\/massage-metamorphique-300x185.png","datePublished":"2019-12-09T01:21:06+00:00","dateModified":"2020-08-04T20:23:40+00:00","breadcrumb":{"@id":"https:\/\/zenaturame.com\/index.php\/massage-metamorphique\/#breadcrumb"},"inLanguage":"fr-FR","potentialAction":[{"@type":"ReadAction","target":["https:\/\/zenaturame.com\/index.php\/massage-metamorphique\/"]}]},{"@type":"ImageObject","inLanguage":"fr-FR","@id":"https:\/\/zenaturame.com\/index.php\/massage-metamorphique\/#primaryimage","url":"https:\/\/zenaturame.com\/wp-content\/uploads\/2019\/12\/massage-metamorphique.png","contentUrl":"https:\/\/zenaturame.com\/wp-content\/uploads\/2019\/12\/massage-metamorphique.png","width":499,"height":307},{"@type":"BreadcrumbList","@id":"https:\/\/zenaturame.com\/index.php\/massage-metamorphique\/#breadcrumb","itemListElement":[{"@type":"ListItem","position":1,"name":"Accueil","item":"https:\/\/zenaturame.com\/"},{"@type":"ListItem","position":2,"name":"Massage m\u00e9tamorphique"}]},{"@type":"WebSite","@id":"https:\/\/zenaturame.com\/#website","url":"https:\/\/zenaturame.com\/","name":"","description":"","potentialAction":[{"@type":"SearchAction","target":{"@type":"EntryPoint","urlTemplate":"https:\/\/zenaturame.com\/?s={search_term_string}"},"query-input":"required name=search_term_string"}],"inLanguage":"fr-FR"}]}},"_links":{"self":[{"href":"https:\/\/zenaturame.com\/index.php\/wp-json\/wp\/v2\/pages\/613"}],"collection":[{"href":"https:\/\/zenaturame.com\/index.php\/wp-json\/wp\/v2\/pages"}],"about":[{"href":"https:\/\/zenaturame.com\/index.php\/wp-json\/wp\/v2\/types\/page"}],"author":[{"embeddable":true,"href":"https:\/\/zenaturame.com\/index.php\/wp-json\/wp\/v2\/users\/2"}],"replies":[{"embeddable":true,"href":"https:\/\/zenaturame.com\/index.php\/wp-json\/wp\/v2\/comments?post=613"}],"version-history":[{"count":0,"href":"https:\/\/zenaturame.com\/index.php\/wp-json\/wp\/v2\/pages\/613\/revisions"}],"wp:attachment":[{"href":"https:\/\/zenaturame.com\/index.php\/wp-json\/wp\/v2\/media?parent=613"}],"curies":[{"name":"wp","href":"https:\/\/api.w.org\/{rel}","templated":true}]}}