{"id":633,"date":"2019-12-09T02:35:43","date_gmt":"2019-12-09T01:35:43","guid":{"rendered":"https:\/\/zenaturame.com\/?page_id=633"},"modified":"2020-08-04T22:23:40","modified_gmt":"2020-08-04T20:23:40","slug":"sonotherapie","status":"publish","type":"page","link":"https:\/\/zenaturame.com\/index.php\/sonotherapie\/","title":{"rendered":"Sonoth\u00e9rapie"},"content":{"rendered":"\t\t<div data-elementor-type=\"wp-page\" data-elementor-id=\"633\" class=\"elementor elementor-633\">\n\t\t\t\t\t\t<section class=\"elementor-section elementor-top-section elementor-element elementor-element-a7f14a elementor-section-content-top elementor-section-boxed elementor-section-height-default elementor-section-height-default\" data-id=\"a7f14a\" data-element_type=\"section\" data-settings=\"{&quot;background_background&quot;:&quot;classic&quot;}\">\n\t\t\t\t\t\t\t<div class=\"elementor-background-overlay\"><\/div>\n\t\t\t\t\t\t\t<div class=\"elementor-container elementor-column-gap-wider\">\n\t\t\t\t\t<div class=\"elementor-column elementor-col-100 elementor-top-column elementor-element elementor-element-652f7903\" data-id=\"652f7903\" data-element_type=\"column\">\n\t\t\t<div class=\"elementor-widget-wrap elementor-element-populated\">\n\t\t\t\t\t\t<div class=\"elementor-element elementor-element-6bc33af5 elementor-widget elementor-widget-eael-adv-tabs\" data-id=\"6bc33af5\" data-element_type=\"widget\" data-widget_type=\"eael-adv-tabs.default\">\n\t\t\t\t<div class=\"elementor-widget-container\">\n\t\t\t        <div data-scroll-on-click=\"no\" data-scroll-speed=\"300\" id=\"eael-advance-tabs-6bc33af5\" class=\"eael-advance-tabs eael-tabs-horizontal eael-tab-auto-active  active-caret-on\" data-tabid=\"6bc33af5\">\n            <div class=\"eael-tabs-nav\">\n                <ul class=\"eael-tab-top-icon\" role=\"tablist\">\n                                            <li id=\"quest-ce-que-la-sonothrapie-\" class=\"inactive eael-tab-item-trigger\" aria-selected=\"true\" data-tab=\"1\" role=\"tab\" tabindex=\"0\" aria-controls=\"quest-ce-que-la-sonothrapie--tab\" aria-expanded=\"false\">\n                            \n                                                                                                                            \n                            \n                                                            <span class=\"eael-tab-title  title-after-icon\">Qu'est ce que la Sonoth\u00e9rapie ?<\/span>                                                    <\/li>\n                                            <li id=\"les-instruments\" class=\"inactive eael-tab-item-trigger\" aria-selected=\"false\" data-tab=\"2\" role=\"tab\" tabindex=\"-1\" aria-controls=\"les-instruments-tab\" aria-expanded=\"false\">\n                            \n                                                                                                                            \n                            \n                                                            <span class=\"eael-tab-title  title-after-icon\">Les instruments<\/span>                                                    <\/li>\n                                            <li id=\"a-qui-sadresse-t-elle-\" class=\"inactive eael-tab-item-trigger\" aria-selected=\"false\" data-tab=\"3\" role=\"tab\" tabindex=\"-1\" aria-controls=\"a-qui-sadresse-t-elle--tab\" aria-expanded=\"false\">\n                            \n                                                                                                                            \n                            \n                                                            <span class=\"eael-tab-title  title-after-icon\">A qui s'adresse-t-elle ? <\/span>                                                    <\/li>\n                                            <li id=\"documentations\" class=\"inactive eael-tab-item-trigger\" aria-selected=\"false\" data-tab=\"4\" role=\"tab\" tabindex=\"-1\" aria-controls=\"documentations-tab\" aria-expanded=\"false\">\n                            \n                                                                                                                            \n                            \n                                                            <span class=\"eael-tab-title  title-after-icon\">Documentations<\/span>                                                    <\/li>\n                                            <li id=\"tarif\" class=\"inactive eael-tab-item-trigger\" aria-selected=\"false\" data-tab=\"5\" role=\"tab\" tabindex=\"-1\" aria-controls=\"tarif-tab\" aria-expanded=\"false\">\n                            \n                                                                                                                            \n                            \n                                                            <span class=\"eael-tab-title  title-after-icon\">Tarif<\/span>                                                    <\/li>\n                                    <\/ul>\n            <\/div>\n            \n            <div class=\"eael-tabs-content\">\n\t\t        \n                    <div id=\"quest-ce-que-la-sonothrapie--tab\" class=\"clearfix eael-tab-content-item inactive\" data-title-link=\"quest-ce-que-la-sonothrapie--tab\">\n\t\t\t\t        \t\t\t\t\t        <p><span style=\"color: #33cccc;\"><u><b>Qu&#8217;est ce que la Sonoth\u00e9rapie<\/b><\/u><b> ?<\/b><\/span><\/p><p>La sonoth\u00e9rapie est une th\u00e9rapie qui fait appel au son et \u00e0 la vibration afin d\u2019harmoniser l\u2019\u00e9nergie, stimuler les capacit\u00e9s d\u2019auto-gu\u00e9rison et\u00a0 vous amener\u00a0 \u00e0 un \u00e9tat de relaxation profonde.<\/p><p><em>Le corps est compos\u00e9 \u00e0 70 % d\u2019eau, et les fr\u00e9quences vibratoires des gongs, des bols et des diapasons agissent sur les liquides, les m\u00e9ridiens et les canaux \u00e9nerg\u00e9tiques. R\u00e9sultat : les cellules sont apais\u00e9es, la circulation \u00e9nerg\u00e9tique fluidifi\u00e9e et on se retrouve dans un \u00e9tat d\u2019\u00e9quilibre m\u00e9ditatif .<\/em><\/p><p>C\u2019est cette eau de notre corps qui va r\u00e9agir en tout premier aux vibrations des bols qui seront dispos\u00e9s tout autour et sur le corps. Imaginez que l\u2019on jette une pierre dans un lac, les ondes qui se cr\u00e9ent vont se propager sur toute sa surface, il en va de m\u00eame avec l\u2019eau contenue dans nos cellules. C\u2019est donc un v\u00e9ritable massage en profondeur qui va s\u2019effectuer dans l\u2019ensemble du corps. D\u00e8s le d\u00e9part, vous pouvez ressentir un \u00e9tat de bien-\u00eatre des plus p\u00e9n\u00e9trants et r\u00e9g\u00e9n\u00e9rants.<\/p><p>On utilise depuis toujours le chant et le son dans les rituels de gu\u00e9risons \u00e0 travers le monde. Tambours, b\u00e2tons de pluie, gongs, cymbales\u2026 les instruments varient selon leurs utilisateurs. Le son permet une reconnexion \u00e0 l\u2019instant pr\u00e9sent et c\u2019est encore plus vrai avec les bols tib\u00e9tains. Savoir \u00eatre \u00e0 l\u2019\u00e9coute du son permet de vivre l\u2019exp\u00e9rience d\u2019une profonde m\u00e9ditation. Une seule s\u00e9ance de soin par les bols tib\u00e9tains aurait l\u2019effet de plusieurs mois de m\u00e9ditation !<\/p>\t\t\t\t                            <\/div>\n\t\t        \n                    <div id=\"les-instruments-tab\" class=\"clearfix eael-tab-content-item inactive\" data-title-link=\"les-instruments-tab\">\n\t\t\t\t        \t\t\t\t\t        <p><span style=\"color: #33cccc;\"><u><b>Les instruments<\/b><\/u><b> ?<\/b><\/span><\/p><p>Lors d\u2019une s\u00e9ance, plusieurs de mes instruments peuvent \u00eatre utilis\u00e9s.<\/p><ul><li><span style=\"color: #33cccc;\"><strong><u> Le diapason th\u00e9rapeutique<\/u><\/strong><\/span><\/li><\/ul><p><img fetchpriority=\"high\" decoding=\"async\" class=\"size-medium wp-image-643 aligncenter\" src=\"https:\/\/zenaturame.com\/wp-content\/uploads\/2019\/12\/sonotherapie-300x175.png\" alt=\"\" width=\"300\" height=\"175\" srcset=\"https:\/\/zenaturame.com\/wp-content\/uploads\/2019\/12\/sonotherapie-300x175.png 300w, https:\/\/zenaturame.com\/wp-content\/uploads\/2019\/12\/sonotherapie.png 768w\" sizes=\"(max-width: 300px) 100vw, 300px\" \/><\/p><p>A l\u2019origine, ce diapason \u00e9tait utilis\u00e9 par les militaires pour param\u00e9trer les radars, jusqu\u2019\u00e0 ce que, dans les ann\u00e9es 1970, des scientifiques remarquent ses bienfaits sur la sant\u00e9. \u00ab Hautement d\u00e9stressantes, ses vibrations, plus aigu\u00ebs que celles du gong et des bols, agissent au niveau nerveux et musculaire, et permettent de r\u00e9aligner les chakras.<\/p><ul><li><span style=\"color: #33cccc;\"><strong><u>Les bols tib\u00e9tains <\/u><\/strong><\/span><\/li><\/ul><p><strong> <img decoding=\"async\" class=\"size-full wp-image-639 aligncenter\" src=\"https:\/\/zenaturame.com\/wp-content\/uploads\/2019\/12\/sonotherapie-1.png\" alt=\"\" width=\"215\" height=\"215\" srcset=\"https:\/\/zenaturame.com\/wp-content\/uploads\/2019\/12\/sonotherapie-1.png 215w, https:\/\/zenaturame.com\/wp-content\/uploads\/2019\/12\/sonotherapie-1-150x150.png 150w\" sizes=\"(max-width: 215px) 100vw, 215px\" \/><\/strong><\/p><p>Un peu plus r\u00e9cents que les gongs, ils ont \u00e9t\u00e9 invent\u00e9s par les Tib\u00e9tains il y a 5 000 ans. De toutes les tailles, faits d\u2019alliages m\u00e9talliques, ils se pr\u00e9sentent sous deux grandes formes : \u00ab Les bols de m\u00e9ditation utilis\u00e9s dans les temples bouddhiques, dans le gong bath mais parfois aussi chez le dentiste pour d\u00e9tendre les patients, et les bols de th\u00e9rapie d\u00e9di\u00e9s aux massages sonores, que l\u2019on pose sur le corps allong\u00e9 et qui sont martel\u00e9s afin que le son p\u00e9n\u00e8tre \u00e0 l\u2019int\u00e9rieur \u00bb, explique Swann. Les fr\u00e9quences sont moins basses que celles du gong, plus a\u00e9riennes, elles apaisent et d\u00e9stressent profond\u00e9ment.<\/p><ul><li><span style=\"color: #33cccc;\"><strong><u>Les bols de cristal<\/u><\/strong><\/span><\/li><\/ul><p><strong><u><img decoding=\"async\" class=\"size-full wp-image-640 aligncenter\" src=\"https:\/\/zenaturame.com\/wp-content\/uploads\/2019\/12\/sonotherapie-2.png\" alt=\"\" width=\"193\" height=\"196\" \/><\/u><\/strong><\/p><p>On sait que la silice, qui sert \u00e0 fabriquer les bols, entre dans la composition de nombre de cellules du corps humains.<\/p><p>Certains expliquent l\u2019intensit\u00e9 des sensations que nous \u00e9prouvons \u00e0 entendre jouer les bols en cristal par l\u2019affinit\u00e9 naturelle de l\u2019instrument et de notre organisme. Les bols se mettent \u00e0 vibrer et notre corps r\u00e9sonne avec eux, chacun sent se diffuser en lui une vibration profonde.<\/p><ul><li><span style=\"color: #33cccc;\"><strong><u>Par les m\u00e9lodies des Plantes <\/u><\/strong><strong>( in\u00e9dit ) en partenariat avec mon coll\u00e8gue Renaud de son beau projet &#8220;NaturaSound&#8221; (Herboristerie sonore)<\/strong><\/span><\/li><\/ul><p><img loading=\"lazy\" decoding=\"async\" class=\"size-medium wp-image-641 aligncenter\" src=\"https:\/\/zenaturame.com\/wp-content\/uploads\/2019\/12\/sonotherapie-3-300x168.png\" alt=\"\" width=\"300\" height=\"168\" srcset=\"https:\/\/zenaturame.com\/wp-content\/uploads\/2019\/12\/sonotherapie-3-300x168.png 300w, https:\/\/zenaturame.com\/wp-content\/uploads\/2019\/12\/sonotherapie-3.png 613w\" sizes=\"(max-width: 300px) 100vw, 300px\" \/><\/p><p style=\"text-align: center;\"><em>Jean Thoby &#8211; (donne des concerts avec les plantes)<\/em><\/p><p><em>NATURASOUNDS\u00ae est n\u00e9 des recherches de Renaud Ruhlmann pour sensibiliser \u00e0 l&#8217;intelligence des v\u00e9g\u00e9taux en d\u00e9couvrant par la musique leur communication et leur vertus th\u00e9rapeutiques.<\/em><\/p><p>La Musique des Plantes est un champ de recherche intriguant que Damanhur \u00e9tudie depuis plus de 30 ans et qui est connue comme le secteur qui permet d&#8217;entrer en contact avec le monde v\u00e9g\u00e9tal. La derni\u00e8re d\u00e9couverte qui permet de mettre en lumi\u00e8re le lien perceptible entre les plantes et les humains est ce qu&#8217;on appelle la musique des plantes. Cette musique permet d&#8217;\u00e9tablir un lien entre deux \u00eatres qui semblent tr\u00e8s \u00e9loign\u00e9s aux premiers abords, mais qui arrivent \u00e0 \u00e9tablir une communication harmonieuse et riche en \u00e9motions.<\/p><p>On sait aujourd&#8217;hui que les plantes communiquent entre elles et sont dot\u00e9es de sociabilit\u00e9.<\/p><p><strong>Du point de vu technique, cette communication ce cr\u00e9e par la transmission de l&#8217;activit\u00e9 \u00e9lectrique entre les racines et les feuilles des plantes. Les variations de cette activit\u00e9 sont traduites en musique \u00e0 travers un synth\u00e9tiseur.<\/strong><\/p><p><strong>\u00a0<\/strong><\/p><ul><li><span style=\"color: #33cccc;\"><strong><u>Tambour chamanique<\/u><\/strong><\/span><\/li><\/ul><p><img loading=\"lazy\" decoding=\"async\" class=\"size-full wp-image-642 aligncenter\" src=\"https:\/\/zenaturame.com\/wp-content\/uploads\/2019\/12\/sonotherapie-4.png\" alt=\"\" width=\"196\" height=\"196\" srcset=\"https:\/\/zenaturame.com\/wp-content\/uploads\/2019\/12\/sonotherapie-4.png 196w, https:\/\/zenaturame.com\/wp-content\/uploads\/2019\/12\/sonotherapie-4-150x150.png 150w\" sizes=\"(max-width: 196px) 100vw, 196px\" \/><\/p><p><span style=\"color: #33cccc;\"><strong>Le son du tambour vous emm\u00e8nera au plus profond de vous-m\u00eame.<\/strong><\/span><\/p><p>(deux versions possible &#8211; son tr\u00e8s grave ou m\u00e9dium)<\/p><p>C\u2019est en variant les rythmes de son tambour que le praticien peut travailler sur les \u00e9nergies ascendantes (masculines) ou descendantes (f\u00e9minines) afin de les r\u00e9unir en parfaite harmonie.<\/p><p>Ce sera l\u2019union parfaite \u00e0 l\u2019image de celle repr\u00e9sentant la mailloche (le b\u00e2ton de frappe, qui symbolise l\u2019\u00e9nergie masculine, le yang) et le tambour (dont le cercle symbolise l\u2019\u00e9nergie f\u00e9minine, le yin). Le tambour et sa mailloche constituent une unit\u00e9 indivisible. Sans mailloche, il est impossible d\u2019obtenir un son du tambour, et \u00e0 l\u2019inverse, sans tambour, la mailloche n\u2019est qu\u2019un morceau de bois inanim\u00e9.<\/p><p>Il nous permet de nous reconnecter \u00e0 nos forces instinctives terrestres et nos forces c\u00e9lestes.<\/p>\t\t\t\t                            <\/div>\n\t\t        \n                    <div id=\"a-qui-sadresse-t-elle--tab\" class=\"clearfix eael-tab-content-item inactive\" data-title-link=\"a-qui-sadresse-t-elle--tab\">\n\t\t\t\t        \t\t\t\t\t        <p><span style=\"color: #33cccc;\"><b><span style=\"text-decoration: underline;\">A qui s&#8217;adresse-t-elle<\/span> ?<\/b><\/span><\/p><p>&#8211; lib\u00e9rations des m\u00e9moires<\/p><p>&#8211; probl\u00e8mes de sommeil<\/p><p>&#8211; stress<\/p><p>&#8211; migraine<\/p><p>&#8211; douleurs<\/p><p>&#8211; angoisses<\/p><p>&#8211; d\u00e9pression<\/p><p>&#8211; rhumatismes<\/p><p>&#8211; \u00e9quilibrage et harmonisation des chakras<\/p><p>&#8211; active et renforce le processus d\u2019autogu\u00e9rison et augmente le taux vibratoire<\/p>\t\t\t\t                            <\/div>\n\t\t        \n                    <div id=\"documentations-tab\" class=\"clearfix eael-tab-content-item inactive\" data-title-link=\"documentations-tab\">\n\t\t\t\t        \t\t\t\t\t        <p><span style=\"color: #33cccc;\"><b><span style=\"text-decoration: underline;\">Documentations<\/span> :<\/b><\/span><\/p><p><strong><b><div class='w3eden'><!-- WPDM Link Template: Default Template -->\n\n<div class=\"link-template-default card mb-2\">\n    <div class=\"card-body\">\n        <div class=\"media\">\n            <div class=\"mr-3 img-48\"><img decoding=\"async\" class=\"wpdm_icon\" alt=\"Ic\u00f4ne\" src=\"https:\/\/zenaturame.com\/wp-content\/plugins\/download-manager\/assets\/file-type-icons\/pdf.svg\" \/><\/div>\n            <div class=\"media-body\">\n                <h3 class=\"package-title\"><a href='https:\/\/zenaturame.com\/index.php\/download\/document-sonotherapie-2\/'>La r\u00e9volution de la musique dans la sant\u00e9<\/a><\/h3>\n                <div class=\"text-muted text-small\"><i class=\"fas fa-copy\"><\/i> 1 fichier\u00b7s <i class=\"fas fa-hdd ml-3\"><\/i> 1.07 MB<\/div>\n            <\/div>\n            <div class=\"ml-3\">\n                <a class='wpdm-download-link download-on-click btn btn-primary ' rel='nofollow' href='#' data-downloadurl=\"https:\/\/zenaturame.com\/index.php\/download\/document-sonotherapie-2\/?wpdmdl=823&#038;refresh=69e080c4cdd521776320708\">T\u00e9l\u00e9charger<\/a>\n            <\/div>\n        <\/div>\n    <\/div>\n<\/div>\n\n<\/div><\/b><\/strong><\/p><p><div class='w3eden'><!-- WPDM Link Template: Default Template -->\n\n<div class=\"link-template-default card mb-2\">\n    <div class=\"card-body\">\n        <div class=\"media\">\n            <div class=\"mr-3 img-48\"><img decoding=\"async\" class=\"wpdm_icon\" alt=\"Ic\u00f4ne\" src=\"https:\/\/zenaturame.com\/wp-content\/plugins\/download-manager\/assets\/file-type-icons\/pdf.svg\" \/><\/div>\n            <div class=\"media-body\">\n                <h3 class=\"package-title\"><a href='https:\/\/zenaturame.com\/index.php\/download\/pour-la-science\/'>Pour la science<\/a><\/h3>\n                <div class=\"text-muted text-small\"><i class=\"fas fa-copy\"><\/i> 1 fichier\u00b7s <i class=\"fas fa-hdd ml-3\"><\/i> 15.74 MB<\/div>\n            <\/div>\n            <div class=\"ml-3\">\n                <a class='wpdm-download-link download-on-click btn btn-primary ' rel='nofollow' href='#' data-downloadurl=\"https:\/\/zenaturame.com\/index.php\/download\/pour-la-science\/?wpdmdl=822&#038;refresh=69e080c4d3ac01776320708\">T\u00e9l\u00e9charger<\/a>\n            <\/div>\n        <\/div>\n    <\/div>\n<\/div>\n\n<\/div><\/p>\t\t\t\t                            <\/div>\n\t\t        \n                    <div id=\"tarif-tab\" class=\"clearfix eael-tab-content-item inactive\" data-title-link=\"tarif-tab\">\n\t\t\t\t        \t\t\t\t\t        <p><span style=\"color: #33cccc;\"><b><u>Tarif <\/u>:<\/b><\/span><\/p><p>1h00 : entre 50\u20ac et 60\u20ac ( selon les instruments )<\/p>\t\t\t\t                            <\/div>\n\t\t                    <\/div>\n        <\/div>\n\t\t<\/div>\n\t\t\t\t<\/div>\n\t\t\t\t\t<\/div>\n\t\t<\/div>\n\t\t\t\t\t<\/div>\n\t\t<\/section>\n\t\t\t\t<\/div>\n\t\t","protected":false},"excerpt":{"rendered":"<p>Qu&#8217;est ce que la Sonoth\u00e9rapie ? Les instruments A qui s&#8217;adresse-t-elle ? Documentations Tarif Qu&#8217;est ce que la Sonoth\u00e9rapie ? La sonoth\u00e9rapie est une th\u00e9rapie qui fait appel au son et \u00e0 la vibration afin d\u2019harmoniser l\u2019\u00e9nergie, stimuler les capacit\u00e9s d\u2019auto-gu\u00e9rison et\u00a0 vous amener\u00a0 \u00e0 un \u00e9tat de relaxation profonde. Le corps est compos\u00e9 \u00e0 [&hellip;]<\/p>\n","protected":false},"author":2,"featured_media":0,"parent":0,"menu_order":0,"comment_status":"closed","ping_status":"closed","template":"","meta":{"_monsterinsights_skip_tracking":false,"_monsterinsights_sitenote_active":false,"_monsterinsights_sitenote_note":"","_monsterinsights_sitenote_category":0,"footnotes":""},"yoast_head":"<!-- This site is optimized with the Yoast SEO plugin v22.7 - https:\/\/yoast.com\/wordpress\/plugins\/seo\/ -->\n<title>Sonoth\u00e9rapie -<\/title>\n<meta name=\"robots\" content=\"index, follow, max-snippet:-1, max-image-preview:large, max-video-preview:-1\" \/>\n<link rel=\"canonical\" href=\"https:\/\/zenaturame.com\/index.php\/sonotherapie\/\" \/>\n<meta property=\"og:locale\" content=\"fr_FR\" \/>\n<meta property=\"og:type\" content=\"article\" \/>\n<meta property=\"og:title\" content=\"Sonoth\u00e9rapie -\" \/>\n<meta property=\"og:description\" content=\"Qu&#8217;est ce que la Sonoth\u00e9rapie ? Les instruments A qui s&#8217;adresse-t-elle ? Documentations Tarif Qu&#8217;est ce que la Sonoth\u00e9rapie ? La sonoth\u00e9rapie est une th\u00e9rapie qui fait appel au son et \u00e0 la vibration afin d\u2019harmoniser l\u2019\u00e9nergie, stimuler les capacit\u00e9s d\u2019auto-gu\u00e9rison et\u00a0 vous amener\u00a0 \u00e0 un \u00e9tat de relaxation profonde. Le corps est compos\u00e9 \u00e0 [&hellip;]\" \/>\n<meta property=\"og:url\" content=\"https:\/\/zenaturame.com\/index.php\/sonotherapie\/\" \/>\n<meta property=\"article:modified_time\" content=\"2020-08-04T20:23:40+00:00\" \/>\n<meta property=\"og:image\" content=\"https:\/\/zenaturame.com\/wp-content\/uploads\/2019\/12\/sonotherapie-300x175.png\" \/>\n<meta name=\"twitter:card\" content=\"summary_large_image\" \/>\n<meta name=\"twitter:label1\" content=\"Dur\u00e9e de lecture estim\u00e9e\" \/>\n\t<meta name=\"twitter:data1\" content=\"5 minutes\" \/>\n<script type=\"application\/ld+json\" class=\"yoast-schema-graph\">{\"@context\":\"https:\/\/schema.org\",\"@graph\":[{\"@type\":\"WebPage\",\"@id\":\"https:\/\/zenaturame.com\/index.php\/sonotherapie\/\",\"url\":\"https:\/\/zenaturame.com\/index.php\/sonotherapie\/\",\"name\":\"Sonoth\u00e9rapie -\",\"isPartOf\":{\"@id\":\"https:\/\/zenaturame.com\/#website\"},\"primaryImageOfPage\":{\"@id\":\"https:\/\/zenaturame.com\/index.php\/sonotherapie\/#primaryimage\"},\"image\":{\"@id\":\"https:\/\/zenaturame.com\/index.php\/sonotherapie\/#primaryimage\"},\"thumbnailUrl\":\"https:\/\/zenaturame.com\/wp-content\/uploads\/2019\/12\/sonotherapie-300x175.png\",\"datePublished\":\"2019-12-09T01:35:43+00:00\",\"dateModified\":\"2020-08-04T20:23:40+00:00\",\"breadcrumb\":{\"@id\":\"https:\/\/zenaturame.com\/index.php\/sonotherapie\/#breadcrumb\"},\"inLanguage\":\"fr-FR\",\"potentialAction\":[{\"@type\":\"ReadAction\",\"target\":[\"https:\/\/zenaturame.com\/index.php\/sonotherapie\/\"]}]},{\"@type\":\"ImageObject\",\"inLanguage\":\"fr-FR\",\"@id\":\"https:\/\/zenaturame.com\/index.php\/sonotherapie\/#primaryimage\",\"url\":\"https:\/\/zenaturame.com\/wp-content\/uploads\/2019\/12\/sonotherapie.png\",\"contentUrl\":\"https:\/\/zenaturame.com\/wp-content\/uploads\/2019\/12\/sonotherapie.png\",\"width\":768,\"height\":447},{\"@type\":\"BreadcrumbList\",\"@id\":\"https:\/\/zenaturame.com\/index.php\/sonotherapie\/#breadcrumb\",\"itemListElement\":[{\"@type\":\"ListItem\",\"position\":1,\"name\":\"Accueil\",\"item\":\"https:\/\/zenaturame.com\/\"},{\"@type\":\"ListItem\",\"position\":2,\"name\":\"Sonoth\u00e9rapie\"}]},{\"@type\":\"WebSite\",\"@id\":\"https:\/\/zenaturame.com\/#website\",\"url\":\"https:\/\/zenaturame.com\/\",\"name\":\"\",\"description\":\"\",\"potentialAction\":[{\"@type\":\"SearchAction\",\"target\":{\"@type\":\"EntryPoint\",\"urlTemplate\":\"https:\/\/zenaturame.com\/?s={search_term_string}\"},\"query-input\":\"required name=search_term_string\"}],\"inLanguage\":\"fr-FR\"}]}<\/script>\n<!-- \/ Yoast SEO plugin. -->","yoast_head_json":{"title":"Sonoth\u00e9rapie -","robots":{"index":"index","follow":"follow","max-snippet":"max-snippet:-1","max-image-preview":"max-image-preview:large","max-video-preview":"max-video-preview:-1"},"canonical":"https:\/\/zenaturame.com\/index.php\/sonotherapie\/","og_locale":"fr_FR","og_type":"article","og_title":"Sonoth\u00e9rapie -","og_description":"Qu&#8217;est ce que la Sonoth\u00e9rapie ? Les instruments A qui s&#8217;adresse-t-elle ? Documentations Tarif Qu&#8217;est ce que la Sonoth\u00e9rapie ? La sonoth\u00e9rapie est une th\u00e9rapie qui fait appel au son et \u00e0 la vibration afin d\u2019harmoniser l\u2019\u00e9nergie, stimuler les capacit\u00e9s d\u2019auto-gu\u00e9rison et\u00a0 vous amener\u00a0 \u00e0 un \u00e9tat de relaxation profonde. Le corps est compos\u00e9 \u00e0 [&hellip;]","og_url":"https:\/\/zenaturame.com\/index.php\/sonotherapie\/","article_modified_time":"2020-08-04T20:23:40+00:00","og_image":[{"url":"https:\/\/zenaturame.com\/wp-content\/uploads\/2019\/12\/sonotherapie-300x175.png"}],"twitter_card":"summary_large_image","twitter_misc":{"Dur\u00e9e de lecture estim\u00e9e":"5 minutes"},"schema":{"@context":"https:\/\/schema.org","@graph":[{"@type":"WebPage","@id":"https:\/\/zenaturame.com\/index.php\/sonotherapie\/","url":"https:\/\/zenaturame.com\/index.php\/sonotherapie\/","name":"Sonoth\u00e9rapie -","isPartOf":{"@id":"https:\/\/zenaturame.com\/#website"},"primaryImageOfPage":{"@id":"https:\/\/zenaturame.com\/index.php\/sonotherapie\/#primaryimage"},"image":{"@id":"https:\/\/zenaturame.com\/index.php\/sonotherapie\/#primaryimage"},"thumbnailUrl":"https:\/\/zenaturame.com\/wp-content\/uploads\/2019\/12\/sonotherapie-300x175.png","datePublished":"2019-12-09T01:35:43+00:00","dateModified":"2020-08-04T20:23:40+00:00","breadcrumb":{"@id":"https:\/\/zenaturame.com\/index.php\/sonotherapie\/#breadcrumb"},"inLanguage":"fr-FR","potentialAction":[{"@type":"ReadAction","target":["https:\/\/zenaturame.com\/index.php\/sonotherapie\/"]}]},{"@type":"ImageObject","inLanguage":"fr-FR","@id":"https:\/\/zenaturame.com\/index.php\/sonotherapie\/#primaryimage","url":"https:\/\/zenaturame.com\/wp-content\/uploads\/2019\/12\/sonotherapie.png","contentUrl":"https:\/\/zenaturame.com\/wp-content\/uploads\/2019\/12\/sonotherapie.png","width":768,"height":447},{"@type":"BreadcrumbList","@id":"https:\/\/zenaturame.com\/index.php\/sonotherapie\/#breadcrumb","itemListElement":[{"@type":"ListItem","position":1,"name":"Accueil","item":"https:\/\/zenaturame.com\/"},{"@type":"ListItem","position":2,"name":"Sonoth\u00e9rapie"}]},{"@type":"WebSite","@id":"https:\/\/zenaturame.com\/#website","url":"https:\/\/zenaturame.com\/","name":"","description":"","potentialAction":[{"@type":"SearchAction","target":{"@type":"EntryPoint","urlTemplate":"https:\/\/zenaturame.com\/?s={search_term_string}"},"query-input":"required name=search_term_string"}],"inLanguage":"fr-FR"}]}},"_links":{"self":[{"href":"https:\/\/zenaturame.com\/index.php\/wp-json\/wp\/v2\/pages\/633"}],"collection":[{"href":"https:\/\/zenaturame.com\/index.php\/wp-json\/wp\/v2\/pages"}],"about":[{"href":"https:\/\/zenaturame.com\/index.php\/wp-json\/wp\/v2\/types\/page"}],"author":[{"embeddable":true,"href":"https:\/\/zenaturame.com\/index.php\/wp-json\/wp\/v2\/users\/2"}],"replies":[{"embeddable":true,"href":"https:\/\/zenaturame.com\/index.php\/wp-json\/wp\/v2\/comments?post=633"}],"version-history":[{"count":0,"href":"https:\/\/zenaturame.com\/index.php\/wp-json\/wp\/v2\/pages\/633\/revisions"}],"wp:attachment":[{"href":"https:\/\/zenaturame.com\/index.php\/wp-json\/wp\/v2\/media?parent=633"}],"curies":[{"name":"wp","href":"https:\/\/api.w.org\/{rel}","templated":true}]}}