{"id":774,"date":"2019-12-09T19:06:10","date_gmt":"2019-12-09T18:06:10","guid":{"rendered":"https:\/\/zenaturame.com\/?page_id=774"},"modified":"2020-08-04T22:22:56","modified_gmt":"2020-08-04T20:22:56","slug":"biodecodage","status":"publish","type":"page","link":"https:\/\/zenaturame.com\/index.php\/biodecodage\/","title":{"rendered":"Biodecodage"},"content":{"rendered":"\t\t<div data-elementor-type=\"wp-page\" data-elementor-id=\"774\" class=\"elementor elementor-774\">\n\t\t\t\t\t\t<section class=\"elementor-section elementor-top-section elementor-element elementor-element-2325b2eb elementor-section-content-top elementor-section-boxed elementor-section-height-default elementor-section-height-default\" data-id=\"2325b2eb\" data-element_type=\"section\" data-settings=\"{&quot;background_background&quot;:&quot;classic&quot;}\">\n\t\t\t\t\t\t\t<div class=\"elementor-background-overlay\"><\/div>\n\t\t\t\t\t\t\t<div class=\"elementor-container elementor-column-gap-wider\">\n\t\t\t\t\t<div class=\"elementor-column elementor-col-100 elementor-top-column elementor-element elementor-element-4ec6ddeb\" data-id=\"4ec6ddeb\" data-element_type=\"column\">\n\t\t\t<div class=\"elementor-widget-wrap elementor-element-populated\">\n\t\t\t\t\t\t<div class=\"elementor-element elementor-element-fc330b0 elementor-widget elementor-widget-eael-adv-tabs\" data-id=\"fc330b0\" data-element_type=\"widget\" data-widget_type=\"eael-adv-tabs.default\">\n\t\t\t\t<div class=\"elementor-widget-container\">\n\t\t\t        <div data-scroll-on-click=\"no\" data-scroll-speed=\"300\" id=\"eael-advance-tabs-fc330b0\" class=\"eael-advance-tabs eael-tabs-horizontal eael-tab-auto-active  active-caret-on\" data-tabid=\"fc330b0\">\n            <div class=\"eael-tabs-nav\">\n                <ul class=\"eael-tab-top-icon\" role=\"tablist\">\n                                            <li id=\"le-biodcodage-\" class=\"inactive eael-tab-item-trigger\" aria-selected=\"true\" data-tab=\"1\" role=\"tab\" tabindex=\"0\" aria-controls=\"le-biodcodage--tab\" aria-expanded=\"false\">\n                            \n                                                                                                                            \n                            \n                                                            <span class=\"eael-tab-title  title-after-icon\">Le biod\u00e9codage <\/span>                                                    <\/li>\n                                            <li id=\"les-conflits-biologiques-\" class=\"inactive eael-tab-item-trigger\" aria-selected=\"false\" data-tab=\"2\" role=\"tab\" tabindex=\"-1\" aria-controls=\"les-conflits-biologiques--tab\" aria-expanded=\"false\">\n                            \n                                                                                                                            \n                            \n                                                            <span class=\"eael-tab-title  title-after-icon\">Les conflits biologiques <\/span>                                                    <\/li>\n                                            <li id=\"comprendre-sa-maladie-pour-gurir\" class=\"inactive eael-tab-item-trigger\" aria-selected=\"false\" data-tab=\"3\" role=\"tab\" tabindex=\"-1\" aria-controls=\"comprendre-sa-maladie-pour-gurir-tab\" aria-expanded=\"false\">\n                            \n                                                                                                                            \n                            \n                                                            <span class=\"eael-tab-title  title-after-icon\">Comprendre sa maladie pour gu\u00e9rir<\/span>                                                    <\/li>\n                                            <li id=\"dr-hamer\" class=\"inactive eael-tab-item-trigger\" aria-selected=\"false\" data-tab=\"4\" role=\"tab\" tabindex=\"-1\" aria-controls=\"dr-hamer-tab\" aria-expanded=\"false\">\n                            \n                                                                                                                            \n                            \n                                                            <span class=\"eael-tab-title  title-after-icon\">Dr Hamer<\/span>                                                    <\/li>\n                                            <li id=\"revues-scientifiques\" class=\"inactive eael-tab-item-trigger\" aria-selected=\"false\" data-tab=\"5\" role=\"tab\" tabindex=\"-1\" aria-controls=\"revues-scientifiques-tab\" aria-expanded=\"false\">\n                            \n                                                                                                                            \n                            \n                                                            <span class=\"eael-tab-title  title-after-icon\">Revues scientifiques<\/span>                                                    <\/li>\n                                    <\/ul>\n            <\/div>\n            \n            <div class=\"eael-tabs-content\">\n\t\t        \n                    <div id=\"le-biodcodage--tab\" class=\"clearfix eael-tab-content-item inactive\" data-title-link=\"le-biodcodage--tab\">\n\t\t\t\t        \t\t\t\t\t        <p><span style=\"color: #33cccc;\"><b><span style=\"text-decoration: underline;\">Le biod\u00e9codage<\/span>\u00a0<\/b><\/span><\/p><p><strong>La maladie est une solution d\u00e9velopp\u00e9e par le cerveau pour la survie du corps et de l\u2019esp\u00e8ce .<\/strong><\/p><p><strong>Tout ce qui ne s&#8217;exprime pas s&#8217;imprime ! Au d\u00e9part de toute maladie (sympt\u00f4me), il y a un CHOC ! <\/strong><\/p><p>L\u2019\u00e9motion, c\u2019est le chant des cellules, c\u2019est leur murmure, la lumi\u00e8re \u00e9lectrique, chaude et chimique, la r\u00e9alit\u00e9 subjective des noyaux cellulaires. L\u2019\u00e9motion, c\u2019est une petite cellule qui parle d\u2019elle, qui se montre, farouche-animal, moine-pudique, artiste-nue, elle se dit sans voile, en satisfaction ou en frustration.<\/p><p>Lorsqu\u2019un organe est consid\u00e9r\u00e9 comme \u00ab malade \u00bb (!), il exprime cette fonction biologique en manque ou en exc\u00e8s (quantit\u00e9) ou en qualit\u00e9 insatisfaisante. La maladie est un ressenti devenu inconscient, entr\u00e9 en biologie. Le ressenti pathologisant est une fonction biologique insatisfaite. La fonction biologique est un mode d\u2019adaptation au monde ext\u00e9rieur. Et nous sommes la totalit\u00e9 de nos modes d\u2019adaptation, mis en place puis v\u00e9hicul\u00e9s par tous nos anc\u00eatres.<\/p><p style=\"text-align: center;\"><span style=\"color: #33cccc;\"><strong>Le biod\u00e9codage est une nouvelle approche de la th\u00e9rapie et de la sant\u00e9 bas\u00e9e sur le sens biologique des sympt\u00f4mes.<\/strong><\/span><\/p><p>L\u2019observation, l\u2019\u00e9coute des patients par un nombre croissant de chercheurs, m\u00e9decins, th\u00e9rapeutes et passionn\u00e9s, mettent en \u00e9vidence le lien intrins\u00e8que entre chaque maladie et une \u00e9motion appel\u00e9e : ressenti biologique conflictuel.<\/p><p><img fetchpriority=\"high\" decoding=\"async\" class=\"size-medium wp-image-786 aligncenter\" src=\"https:\/\/zenaturame.com\/wp-content\/uploads\/2019\/12\/biod\u00e9codage-1-300x233.png\" alt=\"\" width=\"300\" height=\"233\" srcset=\"https:\/\/zenaturame.com\/wp-content\/uploads\/2019\/12\/biod\u00e9codage-1-300x233.png 300w, https:\/\/zenaturame.com\/wp-content\/uploads\/2019\/12\/biod\u00e9codage-1.png 402w\" sizes=\"(max-width: 300px) 100vw, 300px\" \/><\/p>\t\t\t\t                            <\/div>\n\t\t        \n                    <div id=\"les-conflits-biologiques--tab\" class=\"clearfix eael-tab-content-item inactive\" data-title-link=\"les-conflits-biologiques--tab\">\n\t\t\t\t        \t\t\t\t\t        <p><span style=\"color: #33cccc;\"><b><span style=\"text-decoration: underline;\">Les conflits biologiques<\/span> :<\/b><\/span><\/p><p>On les appelle ainsi, car ce ne sont pas des probl\u00e8mes de la petite enfance, mais des \u00e9v\u00e9nements r\u00e9cents qui mobilisent toute notre biologie.<\/p><ul><li><strong> Conflits &#8220;avec les autres&#8221; <\/strong>: conflits familiaux ou d&#8217;int\u00e9r\u00eats\u2026<\/li><li><strong>Conflits &#8220;soucis \u00e0 cause ou par les autres&#8221; <\/strong>: enfants \u00e0 charge, amis, proches, animaux qu&#8217;on aime\u2026<\/li><li>Le patient est obs\u00e9d\u00e9 jour et nuit, tiraill\u00e9 entre deux choix ou d\u00e9cisions contraires. Il ne trouve pas la solution ou se culpabilise apr\u00e8s coup d&#8217;avoir mal agi\u2026<\/li><li><strong>Des conflits &#8220;avec soi-m\u00eame&#8221; <\/strong>: consid\u00e9rations morales, scrupules, souillure, honte, atteinte \u00e0 l&#8217;int\u00e9grit\u00e9, complexe d&#8217;inf\u00e9riorit\u00e9, \u00e9chec, d\u00e9valorisation de soi, perte de son, &#8220;territoire de responsabilit\u00e9&#8221;, perte d&#8217;identit\u00e9\u2026 etc\u2026<\/li><li><strong>Des conflits de peurs. <\/strong>Peur d&#8217;\u00eatre priv\u00e9 des moyens d&#8217;existence, peur de la mort.<\/li><\/ul><p>(Peur animale, instinctive ou peur r\u00e9fl\u00e9chie d&#8217;un avenir proche ou lointain).<\/p><p>Le Biod\u00e9codage n\u2019est pas une promesse de gu\u00e9rison, il ne tient pas les clefs de la gu\u00e9rison, ce n\u2019est pas une v\u00e9rit\u00e9, une certitude. C\u2019est une ouverture, une curiosit\u00e9, un champ d\u2019hypoth\u00e8ses avec le praticien pour vis \u00e0 vis, mais seul chaque individu pourra faire le chemin.<\/p><p>\u00a0<\/p><p>Le Biod\u00e9codage ne remplace pas une consultation avec un m\u00e9decin ou un autre professionnel de la sant\u00e9 tels que psychologue, ost\u00e9opathe, \u00e9nerg\u00e9ticien ou kin\u00e9sith\u00e9rapeute par exemple. Il ne fait pas mieux que la m\u00e9decine officielle, il propose un autre type de relation avec soi. Il ne d\u00e9tourne pas les malades de leurs traitements m\u00e9dicaux et chirurgicaux.<\/p><p>\u00a0<\/p><p><strong>Le Biod\u00e9codage ne pr\u00e9tend en rien d\u00e9tenir la v\u00e9rit\u00e9, il n\u2019est sup\u00e9rieur \u00e0 aucune autre approche ; il n\u2019a besoin d\u2019aucune certitude, mais d\u2019une qualit\u00e9 de relation avec chacun, c\u2019est ce que permet un travail sur soi.<\/strong><\/p><p style=\"text-align: center;\"><span style=\"color: #33cccc;\">Exemple Historique :<\/span><\/p><p><img decoding=\"async\" class=\"size-medium wp-image-787 aligncenter\" src=\"https:\/\/zenaturame.com\/wp-content\/uploads\/2019\/12\/biod\u00e9codage-2-300x167.png\" alt=\"\" width=\"300\" height=\"167\" srcset=\"https:\/\/zenaturame.com\/wp-content\/uploads\/2019\/12\/biod\u00e9codage-2-300x167.png 300w, https:\/\/zenaturame.com\/wp-content\/uploads\/2019\/12\/biod\u00e9codage-2.png 599w\" sizes=\"(max-width: 300px) 100vw, 300px\" \/><\/p>\t\t\t\t                            <\/div>\n\t\t        \n                    <div id=\"comprendre-sa-maladie-pour-gurir-tab\" class=\"clearfix eael-tab-content-item inactive\" data-title-link=\"comprendre-sa-maladie-pour-gurir-tab\">\n\t\t\t\t        \t\t\t\t\t        <p><span><span style=\"text-decoration: underline;\"><b style=\"color: #33cccc; text-decoration: underline;\">Comprendre sa maladie pour <\/b><span style=\"color: #33cccc;\"><b>gu\u00e9rir<\/b><\/span><\/span><b style=\"color: #33cccc;\">\u00a0:<\/b><\/span><\/p><ul><li>Le conflit est parfois tr\u00e8s simple et le patient r\u00e9ussit \u00e0 le r\u00e9gler rapidement. Parfois, dans la vie tourment\u00e9e, il est difficile de discerner exactement ce qui a d\u00e9clench\u00e9 le cancer. Il est n\u00e9cessaire de toucher du doigt exactement le probl\u00e8me qu&#8217;il faut r\u00e9gler.<\/li><li>Le scanner c\u00e9r\u00e9bral et la science \u00e9labor\u00e9e par <strong>le Dr Hamer <\/strong>sont un guide utile, car \u00e0 chaque type de conflit, sa teneur, sa coloration psychique subjective, correspond un &#8220;foyer&#8221; sp\u00e9cifique, localis\u00e9 \u00e0 un point pr\u00e9cis et constant au cerveau.<\/li><\/ul><p>\u00a0<\/p><p>Ainsi, un radiologue averti qui rep\u00e8re un &#8220;foyer&#8221; du cancer situ\u00e9 dans la moelle du cerveau peut diagnostiquer que le patient a fait un conflit de d\u00e9valorisation de soi se traduisant par un cancer \u00e0 l&#8217;\u00e9paule droite, par exemple.<\/p><p>L&#8217;image du cerveau pourra lui fournir des indications permettant de dater le d\u00e9but du conflit, son intensit\u00e9, s&#8217;il est toujours actif ou a \u00e9t\u00e9 r\u00e9solu.<\/p>\t\t\t\t                            <\/div>\n\t\t        \n                    <div id=\"dr-hamer-tab\" class=\"clearfix eael-tab-content-item inactive\" data-title-link=\"dr-hamer-tab\">\n\t\t\t\t        \t\t\t\t\t        <p><b style=\"color: #33cccc;\"><u>Histoire du Dr Hamer<\/u> :<\/b><\/p><p>Le Docteur Hamer est n\u00e9 en Allemagne en 1935. Famille de Pasteurs protestants. Licences de Th\u00e9ologie et de Sciences Physiques. M\u00e9decine : Stages en Psychiatrie, P\u00e9diatrie.<\/p><p>Recherches sur l&#8217;Angiom\u00e9trie des tumeurs c\u00e9r\u00e9brales&#8221;, Invention d&#8217;un scalpel \u00e9lectrique.<\/p><p>Dipl\u00f4me de &#8220;M\u00e9decin sp\u00e9cialiste des maladies internes des CHU.<\/p><p>Dipl\u00f4me de radiologue.<\/p><ul><li>1978 Mort tragique de son fils Dirk, 19 ans, quiest \u00e0 l&#8217;origine de sa recherche : 4 mois plus tard, le Dr Hamer se d\u00e9couvre atteint d&#8217;un cancer provoqu\u00e9 par ce choc dramatique.<\/li><li>1981 Th\u00e8se sur sa d\u00e9couverte. (Facult\u00e9 de T\u00fcbingen)<\/li><li>1983 V\u00e9rification par un Jury International. Tous les cas confirment sa d\u00e9couverte, la Loi d&#8217;airain du cancer.<\/li><li>9.12.88 V\u00e9rification par le Professeur Titulaire de la Chaire de Canc\u00e9rologie \u00e0 l&#8217;Universit\u00e9 de Vienne. Suivie par des v\u00e9rifications par des \u00e9quipes de m\u00e9decins \u00e0 Munich, Chamb\u00e9ry, en Autriche\u2026<\/li><\/ul><p>\u00a0<\/p><p><strong>Le praticien en Biod\u00e9codage ne prescrit aucun traitement m\u00e9dical, ne fait aucun diagnostic m\u00e9dical.<\/strong><\/p>\t\t\t\t                            <\/div>\n\t\t        \n                    <div id=\"revues-scientifiques-tab\" class=\"clearfix eael-tab-content-item inactive\" data-title-link=\"revues-scientifiques-tab\">\n\t\t\t\t        \t\t\t\t\t        <p><b style=\"color: #33cccc;\"><u>Document <\/u>:<\/b><\/p><p>Le Docteur Hamer est n\u00e9 en Allemagne en 1935. Famille de Pasteurs protestants. Licences de Th\u00e9ologie et de Sciences Physiques. M\u00e9decine : Stages en Psychiatrie, P\u00e9diatrie.<\/p><p>Recherches sur l&#8217;Angiom\u00e9trie des tumeurs c\u00e9r\u00e9brales&#8221;, Invention d&#8217;un scalpel \u00e9lectrique.<\/p><p>Dipl\u00f4me de &#8220;M\u00e9decin sp\u00e9cialiste des maladies internes des CHU.<\/p><p>Dipl\u00f4me de radiologue.<\/p><ul><li>1978 Mort tragique de son fils Dirk, 19 ans, quiest \u00e0 l&#8217;origine de sa recherche : 4 mois plus tard, le Dr Hamer se d\u00e9couvre atteint d&#8217;un cancer provoqu\u00e9 par ce choc dramatique.<\/li><li>1981 Th\u00e8se sur sa d\u00e9couverte. (Facult\u00e9 de T\u00fcbingen)<\/li><li>1983 V\u00e9rification par un Jury International. Tous les cas confirment sa d\u00e9couverte, la Loi d&#8217;airain du cancer.<\/li><li>9.12.88 V\u00e9rification par le Professeur Titulaire de la Chaire de Canc\u00e9rologie \u00e0 l&#8217;Universit\u00e9 de Vienne. Suivie par des v\u00e9rifications par des \u00e9quipes de m\u00e9decins \u00e0 Munich, Chamb\u00e9ry, en Autriche\u2026<\/li><\/ul><p><strong>Le praticien en Biod\u00e9codage ne prescrit aucun traitement m\u00e9dical, ne fait aucun diagnostic m\u00e9dical.<\/strong><\/p>\t\t\t\t                            <\/div>\n\t\t                    <\/div>\n        <\/div>\n\t\t<\/div>\n\t\t\t\t<\/div>\n\t\t\t\t\t<\/div>\n\t\t<\/div>\n\t\t\t\t\t<\/div>\n\t\t<\/section>\n\t\t\t\t<\/div>\n\t\t","protected":false},"excerpt":{"rendered":"<p>Le biod\u00e9codage Les conflits biologiques Comprendre sa maladie pour gu\u00e9rir Dr Hamer Revues scientifiques Le biod\u00e9codage\u00a0 La maladie est une solution d\u00e9velopp\u00e9e par le cerveau pour la survie du corps et de l\u2019esp\u00e8ce . Tout ce qui ne s&#8217;exprime pas s&#8217;imprime ! Au d\u00e9part de toute maladie (sympt\u00f4me), il y a un CHOC ! L\u2019\u00e9motion, [&hellip;]<\/p>\n","protected":false},"author":2,"featured_media":0,"parent":0,"menu_order":0,"comment_status":"closed","ping_status":"closed","template":"","meta":{"_monsterinsights_skip_tracking":false,"_monsterinsights_sitenote_active":false,"_monsterinsights_sitenote_note":"","_monsterinsights_sitenote_category":0,"footnotes":""},"yoast_head":"<!-- This site is optimized with the Yoast SEO plugin v22.7 - https:\/\/yoast.com\/wordpress\/plugins\/seo\/ -->\n<title>Biodecodage -<\/title>\n<meta name=\"robots\" content=\"index, follow, max-snippet:-1, max-image-preview:large, max-video-preview:-1\" \/>\n<link rel=\"canonical\" href=\"https:\/\/zenaturame.com\/index.php\/biodecodage\/\" \/>\n<meta property=\"og:locale\" content=\"fr_FR\" \/>\n<meta property=\"og:type\" content=\"article\" \/>\n<meta property=\"og:title\" content=\"Biodecodage -\" \/>\n<meta property=\"og:description\" content=\"Le biod\u00e9codage Les conflits biologiques Comprendre sa maladie pour gu\u00e9rir Dr Hamer Revues scientifiques Le biod\u00e9codage\u00a0 La maladie est une solution d\u00e9velopp\u00e9e par le cerveau pour la survie du corps et de l\u2019esp\u00e8ce . Tout ce qui ne s&#8217;exprime pas s&#8217;imprime ! Au d\u00e9part de toute maladie (sympt\u00f4me), il y a un CHOC ! L\u2019\u00e9motion, [&hellip;]\" \/>\n<meta property=\"og:url\" content=\"https:\/\/zenaturame.com\/index.php\/biodecodage\/\" \/>\n<meta property=\"article:modified_time\" content=\"2020-08-04T20:22:56+00:00\" \/>\n<meta name=\"twitter:card\" content=\"summary_large_image\" \/>\n<meta name=\"twitter:label1\" content=\"Dur\u00e9e de lecture estim\u00e9e\" \/>\n\t<meta name=\"twitter:data1\" content=\"5 minutes\" \/>\n<script type=\"application\/ld+json\" class=\"yoast-schema-graph\">{\"@context\":\"https:\/\/schema.org\",\"@graph\":[{\"@type\":\"WebPage\",\"@id\":\"https:\/\/zenaturame.com\/index.php\/biodecodage\/\",\"url\":\"https:\/\/zenaturame.com\/index.php\/biodecodage\/\",\"name\":\"Biodecodage -\",\"isPartOf\":{\"@id\":\"https:\/\/zenaturame.com\/#website\"},\"datePublished\":\"2019-12-09T18:06:10+00:00\",\"dateModified\":\"2020-08-04T20:22:56+00:00\",\"breadcrumb\":{\"@id\":\"https:\/\/zenaturame.com\/index.php\/biodecodage\/#breadcrumb\"},\"inLanguage\":\"fr-FR\",\"potentialAction\":[{\"@type\":\"ReadAction\",\"target\":[\"https:\/\/zenaturame.com\/index.php\/biodecodage\/\"]}]},{\"@type\":\"BreadcrumbList\",\"@id\":\"https:\/\/zenaturame.com\/index.php\/biodecodage\/#breadcrumb\",\"itemListElement\":[{\"@type\":\"ListItem\",\"position\":1,\"name\":\"Accueil\",\"item\":\"https:\/\/zenaturame.com\/\"},{\"@type\":\"ListItem\",\"position\":2,\"name\":\"Biodecodage\"}]},{\"@type\":\"WebSite\",\"@id\":\"https:\/\/zenaturame.com\/#website\",\"url\":\"https:\/\/zenaturame.com\/\",\"name\":\"\",\"description\":\"\",\"potentialAction\":[{\"@type\":\"SearchAction\",\"target\":{\"@type\":\"EntryPoint\",\"urlTemplate\":\"https:\/\/zenaturame.com\/?s={search_term_string}\"},\"query-input\":\"required name=search_term_string\"}],\"inLanguage\":\"fr-FR\"}]}<\/script>\n<!-- \/ Yoast SEO plugin. -->","yoast_head_json":{"title":"Biodecodage -","robots":{"index":"index","follow":"follow","max-snippet":"max-snippet:-1","max-image-preview":"max-image-preview:large","max-video-preview":"max-video-preview:-1"},"canonical":"https:\/\/zenaturame.com\/index.php\/biodecodage\/","og_locale":"fr_FR","og_type":"article","og_title":"Biodecodage -","og_description":"Le biod\u00e9codage Les conflits biologiques Comprendre sa maladie pour gu\u00e9rir Dr Hamer Revues scientifiques Le biod\u00e9codage\u00a0 La maladie est une solution d\u00e9velopp\u00e9e par le cerveau pour la survie du corps et de l\u2019esp\u00e8ce . Tout ce qui ne s&#8217;exprime pas s&#8217;imprime ! Au d\u00e9part de toute maladie (sympt\u00f4me), il y a un CHOC ! L\u2019\u00e9motion, [&hellip;]","og_url":"https:\/\/zenaturame.com\/index.php\/biodecodage\/","article_modified_time":"2020-08-04T20:22:56+00:00","twitter_card":"summary_large_image","twitter_misc":{"Dur\u00e9e de lecture estim\u00e9e":"5 minutes"},"schema":{"@context":"https:\/\/schema.org","@graph":[{"@type":"WebPage","@id":"https:\/\/zenaturame.com\/index.php\/biodecodage\/","url":"https:\/\/zenaturame.com\/index.php\/biodecodage\/","name":"Biodecodage -","isPartOf":{"@id":"https:\/\/zenaturame.com\/#website"},"datePublished":"2019-12-09T18:06:10+00:00","dateModified":"2020-08-04T20:22:56+00:00","breadcrumb":{"@id":"https:\/\/zenaturame.com\/index.php\/biodecodage\/#breadcrumb"},"inLanguage":"fr-FR","potentialAction":[{"@type":"ReadAction","target":["https:\/\/zenaturame.com\/index.php\/biodecodage\/"]}]},{"@type":"BreadcrumbList","@id":"https:\/\/zenaturame.com\/index.php\/biodecodage\/#breadcrumb","itemListElement":[{"@type":"ListItem","position":1,"name":"Accueil","item":"https:\/\/zenaturame.com\/"},{"@type":"ListItem","position":2,"name":"Biodecodage"}]},{"@type":"WebSite","@id":"https:\/\/zenaturame.com\/#website","url":"https:\/\/zenaturame.com\/","name":"","description":"","potentialAction":[{"@type":"SearchAction","target":{"@type":"EntryPoint","urlTemplate":"https:\/\/zenaturame.com\/?s={search_term_string}"},"query-input":"required name=search_term_string"}],"inLanguage":"fr-FR"}]}},"_links":{"self":[{"href":"https:\/\/zenaturame.com\/index.php\/wp-json\/wp\/v2\/pages\/774"}],"collection":[{"href":"https:\/\/zenaturame.com\/index.php\/wp-json\/wp\/v2\/pages"}],"about":[{"href":"https:\/\/zenaturame.com\/index.php\/wp-json\/wp\/v2\/types\/page"}],"author":[{"embeddable":true,"href":"https:\/\/zenaturame.com\/index.php\/wp-json\/wp\/v2\/users\/2"}],"replies":[{"embeddable":true,"href":"https:\/\/zenaturame.com\/index.php\/wp-json\/wp\/v2\/comments?post=774"}],"version-history":[{"count":0,"href":"https:\/\/zenaturame.com\/index.php\/wp-json\/wp\/v2\/pages\/774\/revisions"}],"wp:attachment":[{"href":"https:\/\/zenaturame.com\/index.php\/wp-json\/wp\/v2\/media?parent=774"}],"curies":[{"name":"wp","href":"https:\/\/api.w.org\/{rel}","templated":true}]}}